{"id":996,"date":"2025-11-28T10:06:08","date_gmt":"2025-11-28T09:06:08","guid":{"rendered":"https:\/\/salus-mk.com\/produkte\/"},"modified":"2026-04-08T09:49:17","modified_gmt":"2026-04-08T07:49:17","slug":"produkte","status":"publish","type":"page","link":"https:\/\/salus-mk.com\/sq\/produkte\/","title":{"rendered":"Produkte"},"content":{"rendered":"<div class=\"et_pb_section_0 et_pb_section et_section_regular et_flex_section\">\n<div class=\"et_pb_row_0 et_pb_row et_flex_row\"><span class=\"et-pb-background-video\"><\/span>\n<div class=\"et_pb_column_0 et_pb_column et-last-child et_flex_column et_pb_css_mix_blend_mode_passthrough et_flex_column_24_24 et_flex_column_24_24_tablet et_flex_column_24_24_phone\">\n<div class=\"et_pb_heading_0 et_pb_heading et_pb_module et_flex_module\"><div class=\"et_pb_heading_container\"><h1 class=\"et_pb_module_header\">Produkte<\/h1><\/div><\/div>\n<\/div>\n<\/div>\n<\/div>\n\n<div class=\"et_pb_section_1 et_pb_section et_section_regular et_flex_section\">\n<div class=\"et_pb_row_1 et_pb_row et_flex_row\">\n<div class=\"et_pb_column_1 et_pb_column et-last-child et_flex_column et_pb_css_mix_blend_mode_passthrough et_flex_column_24_24 et_flex_column_24_24_tablet et_flex_column_24_24_phone\">\n<div class=\"et_pb_heading_1 et_pb_heading et_animated et_pb_module et_flex_module\"><div class=\"et_pb_heading_container\"><h1 class=\"et_pb_module_header\">Zbuloni produktet Salus<\/h1><\/div><\/div>\n\n<div class=\"et_pb_divider_0 et_pb_divider et_pb_space et_pb_divider_position_top et_pb_module\"><div class=\"et_pb_divider_internal\"><\/div><\/div>\n\n<div class=\"et_pb_text_0 et_pb_text et_pb_bg_layout_light et_pb_module et_flex_module\"><div class=\"et_pb_text_inner\"><p>P\u00ebr m\u00eb shum\u00eb se 100 vjet, Salus ka zhvilluar formula natyrale me bim\u00eb, vitamina dhe minerale t\u00eb p\u00ebrzgjedhura me kujdes. Produktet tona jan\u00eb t\u00eb dizajnuara p\u00ebr t\u00eb mb\u00ebshtetur sh\u00ebndetin e p\u00ebrditsh\u00ebm - natyrsh\u00ebm, pa aditiv\u00eb t\u00eb panevojsh\u00ebm dhe me cil\u00ebsi t\u00eb provuar. <\/p>\n<\/div><\/div>\n<\/div>\n<\/div>\n\n<div class=\"et_pb_row_2 et_pb_row et_flex_row\">\n<div class=\"et_pb_column_2 et_pb_column et_flex_column et_pb_css_mix_blend_mode_passthrough et_flex_column_6_24 et_flex_column_12_24_tablet et_flex_column_24_24_phone\">\n<div class=\"et_pb_group_0 et_pb_group et-last-child et_pb_module et_flex_group et_pb_css_mix_blend_mode_passthrough et_animated\">\n<div class=\"et_pb_image_0 et_pb_image et_pb_module et_flex_module\"><span class=\"et_pb_image_wrap\"><img loading=\"lazy\" decoding=\"async\" src=\"https:\/\/salus-mk.com\/wp-content\/uploads\/2025\/11\/floradix_new_512.webp\" width=\"1200\" height=\"1200\" srcset=\"https:\/\/salus-mk.com\/wp-content\/uploads\/2025\/11\/floradix_new_512.webp 1200w, https:\/\/salus-mk.com\/wp-content\/uploads\/2025\/11\/floradix_new_512-980x980.webp 980w, https:\/\/salus-mk.com\/wp-content\/uploads\/2025\/11\/floradix_new_512-480x480.webp 480w\" sizes=\"(min-width: 0px) and (max-width: 480px) 480px, (min-width: 481px) and (max-width: 980px) 980px, (min-width: 981px) 1200px, 100vw\" class=\"wp-image-266\" \/><\/span><\/div>\n\n<div class=\"et_pb_heading_2 et_pb_heading et_pb_module et_flex_module\"><div class=\"et_pb_heading_container\"><h3 class=\"et_pb_module_header\">Floradix<\/h3><\/div><\/div>\n\n<div class=\"et_pb_heading_3 et_pb_heading et_pb_module et_flex_module\"><div class=\"et_pb_heading_container\"><h4 class=\"et_pb_module_header\">Tonik me hekur<\/h4><\/div><\/div>\n\n<div class=\"et_pb_module et_pb_button_module_wrapper et_pb_button_0_wrapper\"><a class=\"et_pb_button_0 et_pb_button et_pb_bg_layout_light et_pb_module et_flex_module\" href=\"https:\/\/salus-mk.com\/sq\/floradiks\/\">Te produkti<\/a><\/div>\n\n<div class=\"et_pb_text_1 et_pb_text et_pb_bg_layout_light et_pb_module et_flex_module\"><div class=\"et_pb_text_inner\"><p>895 den.<\/p>\n<\/div><\/div>\n\n\n<\/div>\n<\/div>\n\n<div class=\"et_pb_column_3 et_pb_column et_flex_column et_pb_css_mix_blend_mode_passthrough et_flex_column_6_24 et_flex_column_12_24_tablet et_flex_column_24_24_phone\">\n<div class=\"et_pb_group_1 et_pb_group et-last-child et_pb_module et_flex_group et_pb_css_mix_blend_mode_passthrough et_animated\">\n<div class=\"et_pb_image_1 et_pb_image et_pb_module et_flex_module\"><span class=\"et_pb_image_wrap\"><img loading=\"lazy\" decoding=\"async\" src=\"https:\/\/salus-mk.com\/wp-content\/uploads\/2025\/11\/alpenkraft_new_512.webp\" width=\"512\" height=\"512\" srcset=\"https:\/\/salus-mk.com\/wp-content\/uploads\/2025\/11\/alpenkraft_new_512.webp 512w, https:\/\/salus-mk.com\/wp-content\/uploads\/2025\/11\/alpenkraft_new_512-480x480.webp 480w\" sizes=\"(min-width: 0px) and (max-width: 480px) 480px, (min-width: 481px) 512px, 100vw\" class=\"wp-image-269\" \/><\/span><\/div>\n\n<div class=\"et_pb_heading_4 et_pb_heading et_pb_module et_flex_module\"><div class=\"et_pb_heading_container\"><h3 class=\"et_pb_module_header\">Alpenkraft<\/h3><\/div><\/div>\n\n<div class=\"et_pb_heading_5 et_pb_heading et_pb_module et_flex_module\"><div class=\"et_pb_heading_container\"><h4 class=\"et_pb_module_header\">Shurup bimor<\/h4><\/div><\/div>\n\n<div class=\"et_pb_module et_pb_button_module_wrapper et_pb_button_2_wrapper\"><a class=\"et_pb_button_2 et_pb_button et_pb_bg_layout_light et_pb_module et_flex_module\" href=\"https:\/\/salus-mk.com\/sq\/floradix-alpenkraft\/\">Te produkti<\/a><\/div>\n\n<div class=\"et_pb_text_2 et_pb_text et_pb_bg_layout_light et_pb_module et_flex_module\"><div class=\"et_pb_text_inner\"><p>810 den.<\/p>\n<\/div><\/div>\n\n\n<\/div>\n<\/div>\n\n<div class=\"et_pb_column_4 et_pb_column et_flex_column et_pb_css_mix_blend_mode_passthrough et_flex_column_6_24 et_flex_column_12_24_tablet et_flex_column_24_24_phone\">\n<div class=\"et_pb_group_2 et_pb_group et-last-child et_pb_module et_flex_group et_pb_css_mix_blend_mode_passthrough et_animated\">\n<div class=\"et_pb_image_2 et_pb_image et_pb_module et_flex_module\"><span class=\"et_pb_image_wrap\"><img loading=\"lazy\" decoding=\"async\" src=\"https:\/\/salus-mk.com\/wp-content\/uploads\/2026\/01\/kindervital-2026-300x300.webp\" title=\"Kindervital-2026\" width=\"300\" height=\"300\" srcset=\"https:\/\/salus-mk.com\/wp-content\/uploads\/2026\/01\/kindervital-2026-300x300.webp 300w\" class=\"wp-image-1257\" \/><\/span><\/div>\n\n<div class=\"et_pb_heading_6 et_pb_heading et_pb_module et_flex_module\"><div class=\"et_pb_heading_container\"><h3 class=\"et_pb_module_header\">Kindervital<\/h3><\/div><\/div>\n\n<div class=\"et_pb_heading_7 et_pb_heading et_pb_module et_flex_module\"><div class=\"et_pb_heading_container\"><h4 class=\"et_pb_module_header\">Kalcium dhe 9 vitamina<\/h4><\/div><\/div>\n\n<div class=\"et_pb_module et_pb_button_module_wrapper et_pb_button_4_wrapper\"><a class=\"et_pb_button_4 et_pb_button et_pb_bg_layout_light et_pb_module et_flex_module\" href=\"https:\/\/salus-mk.com\/sq\/floradix-kindervital\/\">Te produkti<\/a><\/div>\n\n<div class=\"et_pb_text_3 et_pb_text et_pb_bg_layout_light et_pb_module et_flex_module\"><div class=\"et_pb_text_inner\"><p>895 den.<\/p>\n<\/div><\/div>\n\n\n<\/div>\n<\/div>\n\n<div class=\"et_pb_column_5 et_pb_column et-last-child et_flex_column et_pb_css_mix_blend_mode_passthrough et_flex_column_6_24 et_flex_column_12_24_tablet et_flex_column_24_24_phone\">\n<div class=\"et_pb_group_3 et_pb_group et-last-child et_pb_module et_flex_group et_pb_css_mix_blend_mode_passthrough et_animated\">\n<div class=\"et_pb_image_3 et_pb_image et_pb_module et_flex_module\"><span class=\"et_pb_image_wrap\"><img loading=\"lazy\" decoding=\"async\" src=\"https:\/\/salus-mk.com\/wp-content\/uploads\/2026\/01\/magnesium-2026-300x300.webp\" title=\"Magnesium-2026\" width=\"300\" height=\"300\" srcset=\"https:\/\/salus-mk.com\/wp-content\/uploads\/2026\/01\/magnesium-2026-300x300.webp 300w\" class=\"wp-image-1258\" \/><\/span><\/div>\n\n<div class=\"et_pb_heading_8 et_pb_heading et_pb_module et_flex_module\"><div class=\"et_pb_heading_container\"><h3 class=\"et_pb_module_header\">Magnez<\/h3><\/div><\/div>\n\n<div class=\"et_pb_heading_9 et_pb_heading et_pb_module et_flex_module\"><div class=\"et_pb_heading_container\"><h4 class=\"et_pb_module_header\">Formula minerale e l\u00ebngshme<\/h4><\/div><\/div>\n\n<div class=\"et_pb_module et_pb_button_module_wrapper et_pb_button_6_wrapper\"><a class=\"et_pb_button_6 et_pb_button et_pb_bg_layout_light et_pb_module et_flex_module\" href=\"https:\/\/salus-mk.com\/sq\/flroadix-magnez\/\">Te produkti<\/a><\/div>\n\n<div class=\"et_pb_text_4 et_pb_text et_pb_bg_layout_light et_pb_module et_flex_module\"><div class=\"et_pb_text_inner\"><p>895 den.<\/p>\n<\/div><\/div>\n\n\n<\/div>\n<\/div>\n<\/div>\n\n<div class=\"et_pb_row_3 et_pb_row et_flex_row\">\n<div class=\"et_pb_column_6 et_pb_column et_flex_column et_pb_css_mix_blend_mode_passthrough et_flex_column_6_24 et_flex_column_12_24_tablet et_flex_column_24_24_phone\">\n<div class=\"et_pb_group_4 et_pb_group et-last-child et_pb_module et_flex_group et_pb_css_mix_blend_mode_passthrough et_animated\">\n<div class=\"et_pb_image_4 et_pb_image et_pb_module et_flex_module\"><span class=\"et_pb_image_wrap\"><img loading=\"lazy\" decoding=\"async\" src=\"https:\/\/salus-mk.com\/wp-content\/uploads\/2026\/01\/floradix-tablets-2026-300x300.webp\" title=\"Floradix-Tablets-2026\" width=\"300\" height=\"300\" srcset=\"https:\/\/salus-mk.com\/wp-content\/uploads\/2026\/01\/floradix-tablets-2026-300x300.webp 300w\" class=\"wp-image-1259\" \/><\/span><\/div>\n\n<div class=\"et_pb_heading_10 et_pb_heading et_pb_module et_flex_module\"><div class=\"et_pb_heading_container\"><h3 class=\"et_pb_module_header\">Hekuri dhe acidi folik i Floradix<\/h3><\/div><\/div>\n\n<div class=\"et_pb_heading_11 et_pb_heading et_pb_module et_flex_module\"><div class=\"et_pb_heading_container\"><h4 class=\"et_pb_module_header\">Tableta<\/h4><\/div><\/div>\n\n<div class=\"et_pb_module et_pb_button_module_wrapper et_pb_button_8_wrapper\"><a class=\"et_pb_button_8 et_pb_button et_pb_bg_layout_light et_pb_module et_flex_module\" href=\"https:\/\/salus-mk.com\/sq\/hekuri-dhe-acidi-folik-i-floradix\/\">Te produkti<\/a><\/div>\n\n<div class=\"et_pb_text_5 et_pb_text et_pb_bg_layout_light et_pb_module et_flex_module\"><div class=\"et_pb_text_inner\"><p>895 den.<\/p>\n<\/div><\/div>\n\n\n<\/div>\n<\/div>\n\n<div class=\"et_pb_column_7 et_pb_column et_flex_column et_pb_css_mix_blend_mode_passthrough et_flex_column_6_24 et_flex_column_12_24_tablet et_flex_column_24_24_phone\">\n<div class=\"et_pb_group_5 et_pb_group et-last-child et_pb_module et_flex_group et_pb_css_mix_blend_mode_passthrough et_animated\">\n<div class=\"et_pb_image_5 et_pb_image et_pb_module et_flex_module\"><span class=\"et_pb_image_wrap\"><img loading=\"lazy\" decoding=\"async\" src=\"https:\/\/salus-mk.com\/wp-content\/uploads\/2025\/11\/articoka_new_512.webp\" width=\"1200\" height=\"1200\" srcset=\"https:\/\/salus-mk.com\/wp-content\/uploads\/2025\/11\/articoka_new_512.webp 1200w, https:\/\/salus-mk.com\/wp-content\/uploads\/2025\/11\/articoka_new_512-980x980.webp 980w, https:\/\/salus-mk.com\/wp-content\/uploads\/2025\/11\/articoka_new_512-480x480.webp 480w\" sizes=\"(min-width: 0px) and (max-width: 480px) 480px, (min-width: 481px) and (max-width: 980px) 980px, (min-width: 981px) 1200px, 100vw\" class=\"wp-image-268\" \/><\/span><\/div>\n\n<div class=\"et_pb_heading_12 et_pb_heading et_pb_module et_flex_module\"><div class=\"et_pb_heading_container\"><h3 class=\"et_pb_module_header\">Angjinare<\/h3><\/div><\/div>\n\n<div class=\"et_pb_heading_13 et_pb_heading et_pb_module et_flex_module\"><div class=\"et_pb_heading_container\"><h4 class=\"et_pb_module_header\">L\u00ebng bimor<\/h4><\/div><\/div>\n\n<div class=\"et_pb_module et_pb_button_module_wrapper et_pb_button_10_wrapper\"><a class=\"et_pb_button_10 et_pb_button et_pb_bg_layout_light et_pb_module et_flex_module\" href=\"https:\/\/salus-mk.com\/sq\/angjinare\/\">Te produkti<\/a><\/div>\n\n<div class=\"et_pb_text_6 et_pb_text et_pb_bg_layout_light et_pb_module et_flex_module\"><div class=\"et_pb_text_inner\"><p>650 den.<\/p>\n<\/div><\/div>\n\n\n<\/div>\n<\/div>\n\n<div class=\"et_pb_column_8 et_pb_column et_flex_column et_pb_css_mix_blend_mode_passthrough et_flex_column_6_24 et_flex_column_12_24_tablet et_flex_column_24_24_phone\">\n<div class=\"et_pb_group_6 et_pb_group et-last-child et_pb_module et_flex_group et_pb_css_mix_blend_mode_passthrough et_animated\">\n<div class=\"et_pb_image_6 et_pb_image et_pb_module et_flex_module\"><span class=\"et_pb_image_wrap\"><img loading=\"lazy\" decoding=\"async\" src=\"https:\/\/salus-mk.com\/wp-content\/uploads\/2025\/11\/b-kompleks_new_512.webp\" width=\"1200\" height=\"1200\" srcset=\"https:\/\/salus-mk.com\/wp-content\/uploads\/2025\/11\/b-kompleks_new_512.webp 1200w, https:\/\/salus-mk.com\/wp-content\/uploads\/2025\/11\/b-kompleks_new_512-980x980.webp 980w, https:\/\/salus-mk.com\/wp-content\/uploads\/2025\/11\/b-kompleks_new_512-480x480.webp 480w\" sizes=\"(min-width: 0px) and (max-width: 480px) 480px, (min-width: 481px) and (max-width: 980px) 980px, (min-width: 981px) 1200px, 100vw\" class=\"wp-image-267\" \/><\/span><\/div>\n\n<div class=\"et_pb_heading_14 et_pb_heading et_pb_module et_flex_module\"><div class=\"et_pb_heading_container\"><h3 class=\"et_pb_module_header\">Kompleksi i vitaminave B<\/h3><\/div><\/div>\n\n<div class=\"et_pb_heading_15 et_pb_heading et_pb_module et_flex_module\"><div class=\"et_pb_heading_container\"><h4 class=\"et_pb_module_header\">Formula e l\u00ebngshme e vitamin\u00ebs<\/h4><\/div><\/div>\n\n<div class=\"et_pb_module et_pb_button_module_wrapper et_pb_button_12_wrapper\"><a class=\"et_pb_button_12 et_pb_button et_pb_bg_layout_light et_pb_module et_flex_module\" href=\"https:\/\/salus-mk.com\/sq\/floradix-vitamine-b-kompleks\/\">Te produkti<\/a><\/div>\n\n<div class=\"et_pb_text_7 et_pb_text et_pb_bg_layout_light et_pb_module et_flex_module\"><div class=\"et_pb_text_inner\"><p>895 den.<\/p>\n<\/div><\/div>\n\n\n<\/div>\n<\/div>\n\n<div class=\"et_pb_column_9 et_pb_column et-last-child et_flex_column et_pb_css_mix_blend_mode_passthrough et_flex_column_6_24 et_flex_column_12_24_tablet et_flex_column_24_24_phone\">\n<div class=\"et_pb_group_7 et_pb_group et-last-child et_pb_module et_flex_group et_pb_css_mix_blend_mode_passthrough et_animated\">\n<div class=\"et_pb_image_7 et_pb_image et_pb_module et_flex_module\"><span class=\"et_pb_image_wrap\"><img loading=\"lazy\" decoding=\"async\" src=\"https:\/\/salus-mk.com\/wp-content\/uploads\/2025\/12\/alpenkraft-bonbons_new_512.webp\" width=\"512\" height=\"512\" srcset=\"https:\/\/salus-mk.com\/wp-content\/uploads\/2025\/12\/alpenkraft-bonbons_new_512.webp 512w, https:\/\/salus-mk.com\/wp-content\/uploads\/2025\/12\/alpenkraft-bonbons_new_512-480x480.webp 480w\" sizes=\"(min-width: 0px) and (max-width: 480px) 480px, (min-width: 481px) 512px, 100vw\" class=\"wp-image-579\" \/><\/span><\/div>\n\n<div class=\"et_pb_heading_16 et_pb_heading et_pb_module et_flex_module\"><div class=\"et_pb_heading_container\"><h3 class=\"et_pb_module_header\">Alpenkraft<\/h3><\/div><\/div>\n\n<div class=\"et_pb_heading_17 et_pb_heading et_pb_module et_flex_module\"><div class=\"et_pb_heading_container\"><h4 class=\"et_pb_module_header\">Karamele<\/h4><\/div><\/div>\n\n<div class=\"et_pb_module et_pb_button_module_wrapper et_pb_button_14_wrapper\"><a class=\"et_pb_button_14 et_pb_button et_pb_bg_layout_light et_pb_module et_flex_module\" href=\"https:\/\/salus-mk.com\/sq\/alpenkraft\/\">Te produkti<\/a><\/div>\n\n<div class=\"et_pb_text_8 et_pb_text et_pb_bg_layout_light et_pb_module et_flex_module\"><div class=\"et_pb_text_inner\"><p>160 den.<\/p>\n<\/div><\/div>\n\n\n<\/div>\n<\/div>\n<\/div>\n<\/div>\n\n<div class=\"et_pb_section_2 et_pb_section et_section_regular et_flex_section\">\n<div class=\"et_pb_row_4 et_pb_row et_flex_row et_clickable\">\n<div class=\"et_pb_column_10 et_pb_column et_grid_column et_pb_css_mix_blend_mode_passthrough et_flex_column_8_24 et_flex_column_2_5_tablet et_flex_column_24_24_phone\">\n<div class=\"et_pb_image_8 et_pb_image et_animated et_pb_module et_flex_module\"><span class=\"et_pb_image_wrap\"><img loading=\"lazy\" decoding=\"async\" src=\"https:\/\/salus-mk.com\/wp-content\/uploads\/2025\/10\/Salus-Seit-1916-Logo-White-150x150.webp\" width=\"150\" height=\"150\" srcset=\"https:\/\/salus-mk.com\/wp-content\/uploads\/2025\/10\/Salus-Seit-1916-Logo-White-150x150.webp 150w\" class=\"wp-image-15\" \/><\/span><\/div>\n<\/div>\n\n<div class=\"et_pb_column_11 et_pb_column et-last-child et_flex_column et_pb_css_mix_blend_mode_passthrough et_flex_column_16_24 et_flex_column_3_5_tablet et_flex_column_24_24_phone\">\n<div class=\"et_pb_heading_18 et_pb_heading et_animated et_pb_module et_flex_module\"><div class=\"et_pb_heading_container\"><h1 class=\"et_pb_module_header\">Pse Salus?<\/h1><\/div><\/div>\n<\/div>\n<\/div>\n<\/div>\n\n\n\n<div class=\"et_pb_section_4 et_pb_section et_section_regular et_flex_section\">\n<div class=\"et_pb_row_6 et_pb_row et_flex_row\">\n<div class=\"et_pb_column_15 et_pb_column et-last-child et_flex_column et_pb_css_mix_blend_mode_passthrough et_flex_column_24_24 et_flex_column_24_24_tablet et_flex_column_24_24_phone\">\n<div class=\"et_pb_heading_19 et_pb_heading et_pb_module et_flex_module\"><div class=\"et_pb_heading_container\"><h1 class=\"et_pb_module_header\">Abonohuni p\u00ebr lajme dhe informacione nga bota e Salus<\/h1><\/div><\/div>\n\n<div class=\"et_pb_divider_1 et_pb_divider et_pb_space et_pb_divider_position_top et_pb_module\"><div class=\"et_pb_divider_internal\"><\/div><\/div>\n\n<div class=\"et_pb_signup_0 et_pb_signup et_pb_newsletter et_pb_subscribe et_pb_recaptcha_enabled et_pb_no_bg et_pb_newsletter_description_no_title et_pb_newsletter_description_no_content et_animated et_pb_module et_flex_module preset--module--divi-signup--f5dd8511-592b-43f8-b02a-fca5b467e34a\"><div class=\"et_pb_newsletter_description et_multi_view_hidden\"><\/div><div class=\"et_pb_newsletter_form\"><form method=\"post\" class=\"\"><div class=\"et_pb_newsletter_result et_pb_newsletter_error\"><\/div><div class=\"et_pb_newsletter_result et_pb_newsletter_success\"><h2>Faleminderit p\u00ebr interesin!<\/h2><\/div><div class=\"et_pb_newsletter_fields et_flex_module\"><p class=\"et_pb_newsletter_field et_pb_contact_field_last et_pb_contact_field_last_tablet et_pb_contact_field_last_phone\"><label class=\"et_pb_contact_form_label\" for=\"et_pb_signup_email\" style=\"display: none;\">Email<\/label><input class=\"input\" id=\"et_pb_signup_email\" type=\"text\" placeholder=\"Email\" name=\"et_pb_signup_email\" \/><\/p><p class=\"et_pb_newsletter_button_wrap\"><a class=\"et_pb_button et_pb_newsletter_button\" href=\"#\"><span class=\"et_subscribe_loader\"><\/span><span class=\"et_pb_newsletter_button_text\">Abonohu<\/span><\/a><\/p><\/div><input type=\"hidden\" name=\"et_pb_signup_provider\" value=\"mailchimp\" \/><input type=\"hidden\" name=\"et_pb_signup_list_id\" value=\"1acabecef6\" \/><input type=\"hidden\" name=\"et_pb_signup_account_name\" value=\"newsletter@salus-mkcom\" \/><input type=\"hidden\" name=\"et_pb_signup_ip_address\" value=\"true\" \/><input type=\"hidden\" name=\"et_pb_signup_checksum\" value=\"f60c32cc65a648abeceae2cddedd8d2a\" \/><\/form><\/div><\/div>\n<\/div>\n<\/div>\n<\/div>\n\n<div class=\"et_pb_section_5 et_pb_section et_section_regular et_flex_section\">\n<div class=\"et_pb_row_7 et_pb_row et_flex_row\">\n<div class=\"et_pb_column_16 et_pb_column et-last-child et_flex_column et_pb_css_mix_blend_mode_passthrough et_flex_column_24_24 et_flex_column_24_24_tablet et_flex_column_24_24_phone\">\n<div class=\"et_pb_heading_20 et_pb_heading et_animated et_pb_module et_flex_module\"><div class=\"et_pb_heading_container\"><h1 class=\"et_pb_module_header\">Markat dhe kompanit\u00eb brenda Grupit Salus<\/h1><\/div><\/div>\n\n<div class=\"et_pb_divider_2 et_pb_divider et_pb_space et_pb_divider_position_top et_pb_module\"><div class=\"et_pb_divider_internal\"><\/div><\/div>\n<\/div>\n<\/div>\n\n<div class=\"et_pb_row_8 et_pb_row et_block_row et_animated\">\n<div class=\"et_pb_column_17 et_pb_column et_pb_column_4_4 et-last-child et_flex_column et_pb_css_mix_blend_mode_passthrough\">\n<div class=\"et_pb_group_carousel_0 et_pb_group_carousel et_pb_group et_pb_module et_pb_group_carousel_dots_center et_pb_group_carousel_dots_below et_pb_group_carousel_slides_3\"><div class=\"et_pb_group_carousel_container\"><div class=\"et_pb_group_carousel_track\"><div class=\"et_pb_group_carousel_slide\"><div class=\"et_pb_group_8 et_pb_group et_pb_module et_flex_group et_pb_css_mix_blend_mode_passthrough\">\n<div class=\"et_pb_image_9 et_pb_image et_pb_module et_flex_module\"><a href=\"https:\/\/www.salus-haus.com\/\"><span class=\"et_pb_image_wrap\"><img loading=\"lazy\" decoding=\"async\" src=\"https:\/\/salus-mk.com\/wp-content\/uploads\/2025\/11\/carousel-logo-salus.png\" width=\"250\" height=\"100\" srcset=\"https:\/\/salus-mk.com\/wp-content\/uploads\/2025\/11\/carousel-logo-salus.png 250w\" sizes=\"(max-width: 250px) 100vw, 250px\" class=\"wp-image-381\" \/><\/span><\/a><\/div>\n<\/div><\/div><div class=\"et_pb_group_carousel_slide\"><div class=\"et_pb_group_9 et_pb_group et_pb_module et_flex_group et_pb_css_mix_blend_mode_passthrough\">\n<div class=\"et_pb_image_10 et_pb_image et_pb_module et_flex_module\"><a href=\"https:\/\/herbaria.com\/\"><span class=\"et_pb_image_wrap\"><img loading=\"lazy\" decoding=\"async\" src=\"https:\/\/salus-mk.com\/wp-content\/uploads\/2025\/11\/carousel-logo-herbaria.png\" width=\"250\" height=\"100\" srcset=\"https:\/\/salus-mk.com\/wp-content\/uploads\/2025\/11\/carousel-logo-herbaria.png 250w\" sizes=\"(max-width: 250px) 100vw, 250px\" class=\"wp-image-380\" \/><\/span><\/a><\/div>\n<\/div><\/div><div class=\"et_pb_group_carousel_slide\"><div class=\"et_pb_group_10 et_pb_group et-last-child et_pb_module et_flex_group et_pb_css_mix_blend_mode_passthrough\">\n<div class=\"et_pb_image_11 et_pb_image et_pb_module et_flex_module\"><a href=\"https:\/\/www.schoenenberger.com\/\"><span class=\"et_pb_image_wrap\"><img loading=\"lazy\" decoding=\"async\" src=\"https:\/\/salus-mk.com\/wp-content\/uploads\/2025\/11\/carousel-logo-schoenenberger.png\" width=\"250\" height=\"100\" srcset=\"https:\/\/salus-mk.com\/wp-content\/uploads\/2025\/11\/carousel-logo-schoenenberger.png 250w\" sizes=\"(max-width: 250px) 100vw, 250px\" class=\"wp-image-379\" \/><\/span><\/a><\/div>\n<\/div><\/div><\/div><\/div><div class=\"et_pb_group_carousel_dots\"><\/div><\/div>\n<\/div>\n<\/div>\n<\/div>","protected":false},"excerpt":{"rendered":"<p>Zbuloni produktet Salus<\/p>\n","protected":false},"author":1,"featured_media":1489,"parent":0,"menu_order":0,"comment_status":"closed","ping_status":"closed","template":"","meta":{"footnotes":""},"class_list":["post-996","page","type-page","status-publish","has-post-thumbnail","hentry"],"_links":{"self":[{"href":"https:\/\/salus-mk.com\/sq\/wp-json\/wp\/v2\/pages\/996","targetHints":{"allow":["GET"]}}],"collection":[{"href":"https:\/\/salus-mk.com\/sq\/wp-json\/wp\/v2\/pages"}],"about":[{"href":"https:\/\/salus-mk.com\/sq\/wp-json\/wp\/v2\/types\/page"}],"author":[{"embeddable":true,"href":"https:\/\/salus-mk.com\/sq\/wp-json\/wp\/v2\/users\/1"}],"replies":[{"embeddable":true,"href":"https:\/\/salus-mk.com\/sq\/wp-json\/wp\/v2\/comments?post=996"}],"version-history":[{"count":22,"href":"https:\/\/salus-mk.com\/sq\/wp-json\/wp\/v2\/pages\/996\/revisions"}],"predecessor-version":[{"id":1674,"href":"https:\/\/salus-mk.com\/sq\/wp-json\/wp\/v2\/pages\/996\/revisions\/1674"}],"wp:featuredmedia":[{"embeddable":true,"href":"https:\/\/salus-mk.com\/sq\/wp-json\/wp\/v2\/media\/1489"}],"wp:attachment":[{"href":"https:\/\/salus-mk.com\/sq\/wp-json\/wp\/v2\/media?parent=996"}],"curies":[{"name":"wp","href":"https:\/\/api.w.org\/{rel}","templated":true}]}}