{"id":994,"date":"2025-10-17T12:51:10","date_gmt":"2025-10-17T10:51:10","guid":{"rendered":"https:\/\/salus-mk.com\/kryefaqja\/"},"modified":"2026-04-08T09:47:07","modified_gmt":"2026-04-08T07:47:07","slug":"kryefaqja","status":"publish","type":"page","link":"https:\/\/salus-mk.com\/sq\/","title":{"rendered":"Kryefaqja"},"content":{"rendered":"<div class=\"et_pb_section_0 et_pb_section et_section_regular et_flex_section\">\n<div class=\"et_pb_row_0 et_pb_row et_flex_row\"><span class=\"et-pb-background-video\"><\/span>\n<div class=\"et_pb_column_0 et_pb_column et-last-child et_flex_column et_pb_css_mix_blend_mode_passthrough et_flex_column_24_24 et_flex_column_24_24_tablet et_flex_column_24_24_phone\">\n<div class=\"et_pb_slider_0 et_pb_slider et_pb_slider_fullwidth_off et_pb_slider_show_image et_pb_module et_flex_module\"><div class=\"et_pb_slides\">\n<div class=\"et_pb_slide_0 et_pb_slide et_pb_slide_with_image et_pb_media_alignment_center et_pb_bg_layout_light\" data-slide-id=\"divi\/slide-0\"><div class=\"et_pb_container\"><div class=\"et_pb_slider_container_inner\"><div class=\"et_pb_slide_image\"><img loading=\"lazy\" decoding=\"async\" src=\"https:\/\/salus-mk.com\/wp-content\/uploads\/2025\/11\/slide-01-square.webp\" width=\"1080\" height=\"1080\" srcset=\"https:\/\/salus-mk.com\/wp-content\/uploads\/2025\/11\/slide-01-square.webp 1080w, https:\/\/salus-mk.com\/wp-content\/uploads\/2025\/11\/slide-01-square-980x980.webp 980w, https:\/\/salus-mk.com\/wp-content\/uploads\/2025\/11\/slide-01-square-480x480.webp 480w\" sizes=\"(min-width: 0px) and (max-width: 480px) 480px, (min-width: 481px) and (max-width: 980px) 980px, (min-width: 981px) 1080px, 100vw\" class=\"wp-image-250\" \/><\/div><div class=\"et_pb_slide_description et_flex_module\"><h4 class=\"et_pb_slide_title\"><a href=\"https:\/\/salus-mk.com\/sq\/rreth-nesh\/\" target=\"\" class=\"et_pb_slide_title_link\">Fuqi nga natyra<\/a><\/h4><div class=\"et_pb_slide_content\"><h3><span>q\u00eb zgjat m\u00eb shum\u00eb se nj\u00eb shekull.<\/span><\/h3>\n<div>Marka gjermane<span> <\/span><b>Salus<\/b> p\u00ebr m\u00eb shum\u00eb se nj\u00eb shekull \u00ebsht\u00eb simbol i sh\u00ebndetit natyror dhe harmonis\u00eb midis njeriut dhe natyr\u00ebs. Me p\u00ebrkushtim dhe kujdes, n\u00eb formulat e saj p\u00ebrdor bim\u00eb organike dhe p\u00ebrb\u00ebr\u00ebs natyror\u00eb q\u00eb mb\u00ebshtesin trupin, mendjen dhe shpirtin. <\/div>\n<p><\/br><\/p>\n<h4><b><span style=\"color: #00582b;\">\u2014 Fuqia e natyr\u00ebs n\u00eb sh\u00ebrbim t\u00eb sh\u00ebndetit.<\/span><\/b><\/h4>\n<p><span><\/span><\/p>\n<\/div><\/div><\/div><\/div><\/div>\n\n\n<\/div><\/div>\n<\/div>\n<\/div>\n<\/div>\n\n<div class=\"et_pb_section_1 et_pb_section et_section_regular et_flex_section\">\n<div class=\"et_pb_row_1 et_pb_row et_flex_row\">\n<div class=\"et_pb_column_1 et_pb_column et-last-child et_flex_column et_pb_css_mix_blend_mode_passthrough et_flex_column_24_24 et_flex_column_24_24_tablet et_flex_column_24_24_phone\">\n<div class=\"et_pb_heading_0 et_pb_heading et_animated et_pb_module et_flex_module\"><div class=\"et_pb_heading_container\"><h1 class=\"et_pb_module_header\">Produktet m\u00eb t\u00eb k\u00ebrkuara t\u00eb Salus<\/h1><\/div><\/div>\n\n<div class=\"et_pb_divider_0 et_pb_divider et_pb_space et_pb_divider_position_top et_pb_module\"><div class=\"et_pb_divider_internal\"><\/div><\/div>\n<\/div>\n<\/div>\n\n<div class=\"et_pb_row_2 et_pb_row et_flex_row\">\n<div class=\"et_pb_column_2 et_pb_column et_flex_column et_pb_css_mix_blend_mode_passthrough et_flex_column_6_24 et_flex_column_12_24_tablet et_flex_column_24_24_phone\">\n<div class=\"et_pb_group_0 et_pb_group et-last-child et_pb_module et_flex_group et_pb_css_mix_blend_mode_passthrough et_animated\">\n<div class=\"et_pb_image_0 et_pb_image et_pb_module et_flex_module\"><span class=\"et_pb_image_wrap\"><img loading=\"lazy\" decoding=\"async\" src=\"https:\/\/salus-mk.com\/wp-content\/uploads\/2025\/11\/floradix_new_512.webp\" width=\"1200\" height=\"1200\" srcset=\"https:\/\/salus-mk.com\/wp-content\/uploads\/2025\/11\/floradix_new_512.webp 1200w, https:\/\/salus-mk.com\/wp-content\/uploads\/2025\/11\/floradix_new_512-980x980.webp 980w, https:\/\/salus-mk.com\/wp-content\/uploads\/2025\/11\/floradix_new_512-480x480.webp 480w\" sizes=\"(min-width: 0px) and (max-width: 480px) 480px, (min-width: 481px) and (max-width: 980px) 980px, (min-width: 981px) 1200px, 100vw\" class=\"wp-image-266\" \/><\/span><\/div>\n\n<div class=\"et_pb_heading_1 et_pb_heading et_pb_module et_flex_module\"><div class=\"et_pb_heading_container\"><h3 class=\"et_pb_module_header\">Floradix<\/h3><\/div><\/div>\n\n<div class=\"et_pb_heading_2 et_pb_heading et_pb_module et_flex_module\"><div class=\"et_pb_heading_container\"><h4 class=\"et_pb_module_header\">Tonik me hekur<\/h4><\/div><\/div>\n\n<div class=\"et_pb_module et_pb_button_module_wrapper et_pb_button_0_wrapper\"><a class=\"et_pb_button_0 et_pb_button et_pb_bg_layout_light et_pb_module et_flex_module\" href=\"https:\/\/salus-mk.com\/sq\/floradiks\/\">Te produkti<\/a><\/div>\n\n<div class=\"et_pb_text_0 et_pb_text et_pb_bg_layout_light et_pb_module et_flex_module\"><div class=\"et_pb_text_inner\"><p>895 den.<\/p>\n<\/div><\/div>\n\n\n<\/div>\n<\/div>\n\n<div class=\"et_pb_column_3 et_pb_column et_flex_column et_pb_css_mix_blend_mode_passthrough et_flex_column_6_24 et_flex_column_12_24_tablet et_flex_column_24_24_phone\">\n<div class=\"et_pb_group_1 et_pb_group et-last-child et_pb_module et_flex_group et_pb_css_mix_blend_mode_passthrough et_animated\">\n<div class=\"et_pb_image_1 et_pb_image et_pb_module et_flex_module\"><span class=\"et_pb_image_wrap\"><img loading=\"lazy\" decoding=\"async\" src=\"https:\/\/salus-mk.com\/wp-content\/uploads\/2025\/11\/alpenkraft_new_512.webp\" width=\"512\" height=\"512\" srcset=\"https:\/\/salus-mk.com\/wp-content\/uploads\/2025\/11\/alpenkraft_new_512.webp 512w, https:\/\/salus-mk.com\/wp-content\/uploads\/2025\/11\/alpenkraft_new_512-480x480.webp 480w\" sizes=\"(min-width: 0px) and (max-width: 480px) 480px, (min-width: 481px) 512px, 100vw\" class=\"wp-image-269\" \/><\/span><\/div>\n\n<div class=\"et_pb_heading_3 et_pb_heading et_pb_module et_flex_module\"><div class=\"et_pb_heading_container\"><h3 class=\"et_pb_module_header\">Alpenkraft<\/h3><\/div><\/div>\n\n<div class=\"et_pb_heading_4 et_pb_heading et_pb_module et_flex_module\"><div class=\"et_pb_heading_container\"><h4 class=\"et_pb_module_header\">Shurup bimor<\/h4><\/div><\/div>\n\n<div class=\"et_pb_module et_pb_button_module_wrapper et_pb_button_2_wrapper\"><a class=\"et_pb_button_2 et_pb_button et_pb_bg_layout_light et_pb_module et_flex_module\" href=\"https:\/\/salus-mk.com\/sq\/floradix-alpenkraft\/\">Te produkti<\/a><\/div>\n\n<div class=\"et_pb_text_1 et_pb_text et_pb_bg_layout_light et_pb_module et_flex_module\"><div class=\"et_pb_text_inner\"><p>810 den.<\/p>\n<\/div><\/div>\n\n\n<\/div>\n<\/div>\n\n<div class=\"et_pb_column_4 et_pb_column et_flex_column et_pb_css_mix_blend_mode_passthrough et_flex_column_6_24 et_flex_column_12_24_tablet et_flex_column_24_24_phone\">\n<div class=\"et_pb_group_2 et_pb_group et-last-child et_pb_module et_flex_group et_pb_css_mix_blend_mode_passthrough et_animated\">\n<div class=\"et_pb_image_2 et_pb_image et_pb_module et_flex_module\"><span class=\"et_pb_image_wrap\"><img loading=\"lazy\" decoding=\"async\" src=\"https:\/\/salus-mk.com\/wp-content\/uploads\/2026\/01\/kindervital-2026-300x300.webp\" title=\"Kindervital-2026\" width=\"300\" height=\"300\" srcset=\"https:\/\/salus-mk.com\/wp-content\/uploads\/2026\/01\/kindervital-2026-300x300.webp 300w\" class=\"wp-image-1257\" \/><\/span><\/div>\n\n<div class=\"et_pb_heading_5 et_pb_heading et_pb_module et_flex_module\"><div class=\"et_pb_heading_container\"><h3 class=\"et_pb_module_header\">Kindervital<\/h3><\/div><\/div>\n\n<div class=\"et_pb_heading_6 et_pb_heading et_pb_module et_flex_module\"><div class=\"et_pb_heading_container\"><h4 class=\"et_pb_module_header\">Kalcium dhe 9 vitamina<\/h4><\/div><\/div>\n\n<div class=\"et_pb_module et_pb_button_module_wrapper et_pb_button_4_wrapper\"><a class=\"et_pb_button_4 et_pb_button et_pb_bg_layout_light et_pb_module et_flex_module\" href=\"https:\/\/salus-mk.com\/sq\/floradix-kindervital\/\">Te produkti<\/a><\/div>\n\n<div class=\"et_pb_text_2 et_pb_text et_pb_bg_layout_light et_pb_module et_flex_module\"><div class=\"et_pb_text_inner\"><p>895 den.<\/p>\n<\/div><\/div>\n\n\n<\/div>\n<\/div>\n\n<div class=\"et_pb_column_5 et_pb_column et-last-child et_flex_column et_pb_css_mix_blend_mode_passthrough et_flex_column_6_24 et_flex_column_12_24_tablet et_flex_column_24_24_phone\">\n<div class=\"et_pb_group_3 et_pb_group et-last-child et_pb_module et_flex_group et_pb_css_mix_blend_mode_passthrough et_animated\">\n<div class=\"et_pb_image_3 et_pb_image et_pb_module et_flex_module\"><span class=\"et_pb_image_wrap\"><img loading=\"lazy\" decoding=\"async\" src=\"https:\/\/salus-mk.com\/wp-content\/uploads\/2026\/01\/magnesium-2026-300x300.webp\" title=\"Magnesium-2026\" width=\"300\" height=\"300\" srcset=\"https:\/\/salus-mk.com\/wp-content\/uploads\/2026\/01\/magnesium-2026-300x300.webp 300w\" class=\"wp-image-1258\" \/><\/span><\/div>\n\n<div class=\"et_pb_heading_7 et_pb_heading et_pb_module et_flex_module\"><div class=\"et_pb_heading_container\"><h3 class=\"et_pb_module_header\">Magnez<\/h3><\/div><\/div>\n\n<div class=\"et_pb_heading_8 et_pb_heading et_pb_module et_flex_module\"><div class=\"et_pb_heading_container\"><h4 class=\"et_pb_module_header\">Formula minerale e l\u00ebngshme<\/h4><\/div><\/div>\n\n<div class=\"et_pb_module et_pb_button_module_wrapper et_pb_button_6_wrapper\"><a class=\"et_pb_button_6 et_pb_button et_pb_bg_layout_light et_pb_module et_flex_module\" href=\"https:\/\/salus-mk.com\/sq\/flroadix-magnez\/\">Te produkti<\/a><\/div>\n\n<div class=\"et_pb_text_3 et_pb_text et_pb_bg_layout_light et_pb_module et_flex_module\"><div class=\"et_pb_text_inner\"><p>895 den.<\/p>\n<\/div><\/div>\n\n\n<\/div>\n<\/div>\n<\/div>\n<\/div>\n\n\n\n<div class=\"et_pb_section_3 et_pb_section et_section_regular et_flex_section\">\n<div class=\"et_pb_row_4 et_pb_row et_flex_row\">\n<div class=\"et_pb_column_7 et_pb_column et-last-child et_flex_column et_pb_css_mix_blend_mode_passthrough et_flex_column_24_24 et_flex_column_24_24_tablet et_flex_column_24_24_phone\">\n<div class=\"et_pb_heading_10 et_pb_heading et_pb_module et_flex_module\"><div class=\"et_pb_heading_container\"><h1 class=\"et_pb_module_header\">Abonohuni p\u00ebr lajme dhe informacione nga bota e Salus<\/h1><\/div><\/div>\n\n<div class=\"et_pb_divider_2 et_pb_divider et_pb_space et_pb_divider_position_top et_pb_module\"><div class=\"et_pb_divider_internal\"><\/div><\/div>\n\n<div class=\"et_pb_signup_0 et_pb_signup et_pb_newsletter et_pb_subscribe et_pb_recaptcha_enabled et_pb_no_bg et_pb_newsletter_description_no_title et_pb_newsletter_description_no_content et_animated et_pb_module et_flex_module preset--module--divi-signup--f5dd8511-592b-43f8-b02a-fca5b467e34a\"><div class=\"et_pb_newsletter_description et_multi_view_hidden\"><\/div><div class=\"et_pb_newsletter_form\"><form method=\"post\" class=\"\"><div class=\"et_pb_newsletter_result et_pb_newsletter_error\"><\/div><div class=\"et_pb_newsletter_result et_pb_newsletter_success\"><h2>Faleminderit p\u00ebr interesin!<\/h2><\/div><div class=\"et_pb_newsletter_fields et_flex_module\"><p class=\"et_pb_newsletter_field et_pb_contact_field_last et_pb_contact_field_last_tablet et_pb_contact_field_last_phone\"><label class=\"et_pb_contact_form_label\" for=\"et_pb_signup_email\" style=\"display: none;\">Email<\/label><input class=\"input\" id=\"et_pb_signup_email\" type=\"text\" placeholder=\"Email\" name=\"et_pb_signup_email\" \/><\/p><p class=\"et_pb_newsletter_button_wrap\"><a class=\"et_pb_button et_pb_newsletter_button\" href=\"#\"><span class=\"et_subscribe_loader\"><\/span><span class=\"et_pb_newsletter_button_text\">Abonohu<\/span><\/a><\/p><\/div><input type=\"hidden\" name=\"et_pb_signup_provider\" value=\"mailchimp\" \/><input type=\"hidden\" name=\"et_pb_signup_list_id\" value=\"1acabecef6\" \/><input type=\"hidden\" name=\"et_pb_signup_account_name\" value=\"newsletter@salus-mkcom\" \/><input type=\"hidden\" name=\"et_pb_signup_ip_address\" value=\"true\" \/><input type=\"hidden\" name=\"et_pb_signup_checksum\" value=\"8f87c19b82bed5e7e430cdd987ee5b3e\" \/><\/form><\/div><\/div>\n<\/div>\n<\/div>\n<\/div>\n\n<div class=\"et_pb_section_4 et_pb_section et_section_regular et_flex_section\">\n<div class=\"et_pb_row_5 et_pb_row et_flex_row\">\n<div class=\"et_pb_column_8 et_pb_column et_flex_column et_pb_css_mix_blend_mode_passthrough et_flex_column_3_5 et_flex_column_3_5_tablet et_flex_column_24_24_phone\">\n<div class=\"et_pb_heading_11 et_pb_heading et_animated et_pb_module et_flex_module\"><div class=\"et_pb_heading_container\"><h1 class=\"et_pb_module_header\">100 vjet nga Otto Greiter<\/h1><\/div><\/div>\n\n<div class=\"et_pb_divider_3 et_pb_divider et_pb_space et_pb_divider_position_top et_pb_module\"><div class=\"et_pb_divider_internal\"><\/div><\/div>\n\n<div class=\"et_pb_text_4 et_pb_text et_pb_bg_layout_light et_animated et_pb_module et_flex_module\"><div class=\"et_pb_text_inner\"><h4>Momentet m\u00eb t\u00eb r\u00ebnd\u00ebsishme nga jeta e tij n\u00eb krye t\u00eb grupit Salus<\/h4>\n<p>Nga paketa e par\u00eb e \u00e7ajit deri te kompania familjare e sotme me prani globale \u2013 Otto Greiter mbetet simbol i vlerave t\u00eb jetuara, stilit t\u00eb sh\u00ebndetsh\u00ebm t\u00eb jetes\u00ebs dhe produkteve organike.<\/p>\n<\/div><\/div>\n<\/div>\n\n<div class=\"et_pb_column_9 et_pb_column et-last-child et_flex_column et_pb_css_mix_blend_mode_passthrough et_flex_column_2_5 et_flex_column_2_5_tablet et_flex_column_24_24_phone\">\n<div class=\"et_pb_image_4 et_pb_image et_animated et_pb_module et_flex_module\"><span class=\"et_pb_image_wrap\"><img loading=\"lazy\" decoding=\"async\" src=\"https:\/\/salus-mk.com\/wp-content\/uploads\/2025\/11\/h-100-jahre-otto-greither-square.webp\" width=\"450\" height=\"450\" srcset=\"https:\/\/salus-mk.com\/wp-content\/uploads\/2025\/11\/h-100-jahre-otto-greither-square.webp 450w, https:\/\/salus-mk.com\/wp-content\/uploads\/2025\/11\/h-100-jahre-otto-greither-square-300x300.webp 300w, https:\/\/salus-mk.com\/wp-content\/uploads\/2025\/11\/h-100-jahre-otto-greither-square-150x150.webp 150w\" sizes=\"(max-width: 450px) 100vw, 450px\" class=\"wp-image-301\" \/><\/span><\/div>\n<\/div>\n<\/div>\n\n<div class=\"et_pb_row_6 et_pb_row et_flex_row\">\n<div class=\"et_pb_column_10 et_pb_column et-last-child et_flex_column et_pb_css_mix_blend_mode_passthrough et_flex_column_24_24 et_flex_column_24_24_tablet et_flex_column_24_24_phone\">\n<div class=\"et_pb_video_0 et_pb_video et_pb_module et_flex_module\"><div class=\"et_pb_video_box\"><iframe loading=\"lazy\" title=\"\ud83c\udf89 100 Jahre Otto Greither \u2013 Ein Leben f\u00fcr Mensch &amp; Natur \ud83c\udf3f\" width=\"1080\" height=\"608\" src=\"https:\/\/www.youtube.com\/embed\/C7fY6jKroFo?feature=oembed\"  allow=\"accelerometer; autoplay; clipboard-write; encrypted-media; gyroscope; picture-in-picture; web-share\" referrerpolicy=\"strict-origin-when-cross-origin\" allowfullscreen><\/iframe><\/div><div class=\"et_pb_video_overlay\" style=\"background-image:url(https:\/\/salus-mk.com\/wp-content\/uploads\/2025\/11\/otto-greither-video-overlay.webp)\"><div class=\"et_pb_video_overlay_hover\"><a class=\"et_pb_video_play\" href=\"#\"><\/a><\/div><\/div><\/div>\n<\/div>\n<\/div>\n<\/div>\n\n<div class=\"et_pb_section_5 et_pb_section et_section_regular et_flex_section\">\n<div class=\"et_pb_row_7 et_pb_row et_flex_row\">\n<div class=\"et_pb_column_11 et_pb_column et-last-child et_flex_column et_pb_css_mix_blend_mode_passthrough et_flex_column_24_24 et_flex_column_24_24_tablet et_flex_column_24_24_phone\">\n<div class=\"et_pb_heading_12 et_pb_heading et_animated et_pb_module et_flex_module\"><div class=\"et_pb_heading_container\"><h1 class=\"et_pb_module_header\">Markat dhe kompanit\u00eb brenda Grupit Salus<\/h1><\/div><\/div>\n\n<div class=\"et_pb_divider_4 et_pb_divider et_pb_space et_pb_divider_position_top et_pb_module\"><div class=\"et_pb_divider_internal\"><\/div><\/div>\n<\/div>\n<\/div>\n\n<div class=\"et_pb_row_8 et_pb_row et_block_row et_animated\">\n<div class=\"et_pb_column_12 et_pb_column et_pb_column_4_4 et-last-child et_flex_column et_pb_css_mix_blend_mode_passthrough\">\n<div class=\"et_pb_group_carousel_1 et_pb_group_carousel et_pb_group et_pb_module et_pb_group_carousel_dots_center et_pb_group_carousel_dots_below et_pb_group_carousel_slides_3\"><div class=\"et_pb_group_carousel_container\"><div class=\"et_pb_group_carousel_track\"><div class=\"et_pb_group_carousel_slide\"><div class=\"et_pb_group_11 et_pb_group et_pb_module et_flex_group et_pb_css_mix_blend_mode_passthrough\">\n<div class=\"et_pb_image_5 et_pb_image et_pb_module et_flex_module\"><a href=\"https:\/\/www.salus-haus.com\/\"><span class=\"et_pb_image_wrap\"><img loading=\"lazy\" decoding=\"async\" src=\"https:\/\/salus-mk.com\/wp-content\/uploads\/2025\/11\/carousel-logo-salus.png\" width=\"250\" height=\"100\" srcset=\"https:\/\/salus-mk.com\/wp-content\/uploads\/2025\/11\/carousel-logo-salus.png 250w\" sizes=\"(max-width: 250px) 100vw, 250px\" class=\"wp-image-381\" \/><\/span><\/a><\/div>\n<\/div><\/div><div class=\"et_pb_group_carousel_slide\"><div class=\"et_pb_group_12 et_pb_group et_pb_module et_flex_group et_pb_css_mix_blend_mode_passthrough\">\n<div class=\"et_pb_image_6 et_pb_image et_pb_module et_flex_module\"><a href=\"https:\/\/herbaria.com\/\"><span class=\"et_pb_image_wrap\"><img loading=\"lazy\" decoding=\"async\" src=\"https:\/\/salus-mk.com\/wp-content\/uploads\/2025\/11\/carousel-logo-herbaria.png\" width=\"250\" height=\"100\" srcset=\"https:\/\/salus-mk.com\/wp-content\/uploads\/2025\/11\/carousel-logo-herbaria.png 250w\" sizes=\"(max-width: 250px) 100vw, 250px\" class=\"wp-image-380\" \/><\/span><\/a><\/div>\n<\/div><\/div><div class=\"et_pb_group_carousel_slide\"><div class=\"et_pb_group_13 et_pb_group et-last-child et_pb_module et_flex_group et_pb_css_mix_blend_mode_passthrough\">\n<div class=\"et_pb_image_7 et_pb_image et_pb_module et_flex_module\"><a href=\"https:\/\/www.schoenenberger.com\/\"><span class=\"et_pb_image_wrap\"><img loading=\"lazy\" decoding=\"async\" src=\"https:\/\/salus-mk.com\/wp-content\/uploads\/2025\/11\/carousel-logo-schoenenberger.png\" width=\"250\" height=\"100\" srcset=\"https:\/\/salus-mk.com\/wp-content\/uploads\/2025\/11\/carousel-logo-schoenenberger.png 250w\" sizes=\"(max-width: 250px) 100vw, 250px\" class=\"wp-image-379\" \/><\/span><\/a><\/div>\n<\/div><\/div><\/div><\/div><div class=\"et_pb_group_carousel_dots\"><\/div><\/div>\n<\/div>\n<\/div>\n<\/div>","protected":false},"excerpt":{"rendered":"<p>Salus &#8211; Nj\u00eb forc\u00eb e natyr\u00ebs n\u00eb sh\u00ebrbim t\u00eb sh\u00ebndetit.<\/p>\n","protected":false},"author":1,"featured_media":1494,"parent":0,"menu_order":0,"comment_status":"closed","ping_status":"closed","template":"","meta":{"footnotes":""},"class_list":["post-994","page","type-page","status-publish","has-post-thumbnail","hentry"],"_links":{"self":[{"href":"https:\/\/salus-mk.com\/sq\/wp-json\/wp\/v2\/pages\/994","targetHints":{"allow":["GET"]}}],"collection":[{"href":"https:\/\/salus-mk.com\/sq\/wp-json\/wp\/v2\/pages"}],"about":[{"href":"https:\/\/salus-mk.com\/sq\/wp-json\/wp\/v2\/types\/page"}],"author":[{"embeddable":true,"href":"https:\/\/salus-mk.com\/sq\/wp-json\/wp\/v2\/users\/1"}],"replies":[{"embeddable":true,"href":"https:\/\/salus-mk.com\/sq\/wp-json\/wp\/v2\/comments?post=994"}],"version-history":[{"count":38,"href":"https:\/\/salus-mk.com\/sq\/wp-json\/wp\/v2\/pages\/994\/revisions"}],"predecessor-version":[{"id":1673,"href":"https:\/\/salus-mk.com\/sq\/wp-json\/wp\/v2\/pages\/994\/revisions\/1673"}],"wp:featuredmedia":[{"embeddable":true,"href":"https:\/\/salus-mk.com\/sq\/wp-json\/wp\/v2\/media\/1494"}],"wp:attachment":[{"href":"https:\/\/salus-mk.com\/sq\/wp-json\/wp\/v2\/media?parent=994"}],"curies":[{"name":"wp","href":"https:\/\/api.w.org\/{rel}","templated":true}]}}