{"id":992,"date":"2025-12-04T10:52:09","date_gmt":"2025-12-04T09:52:09","guid":{"rendered":"https:\/\/salus-mk.com\/shendet\/"},"modified":"2026-01-30T15:53:30","modified_gmt":"2026-01-30T14:53:30","slug":"shendeti","status":"publish","type":"page","link":"https:\/\/salus-mk.com\/sq\/shendeti\/","title":{"rendered":"Sh\u00ebndeti"},"content":{"rendered":"<div class=\"et_pb_section_0 et_pb_section et_section_regular et_flex_section\">\n<div class=\"et_pb_row_0 et_pb_row et_flex_row\"><span class=\"et-pb-background-video\"><\/span>\n<div class=\"et_pb_column_0 et_pb_column et-last-child et_flex_column et_pb_css_mix_blend_mode_passthrough et_flex_column_24_24 et_flex_column_24_24_tablet et_flex_column_24_24_phone\">\n<div class=\"et_pb_heading_0 et_pb_heading et_pb_module et_flex_module\"><div class=\"et_pb_heading_container\"><h1 class=\"et_pb_module_header\">Sh\u00ebndet<\/h1><\/div><\/div>\n<\/div>\n<\/div>\n<\/div>\n\n<div class=\"et_pb_section_1 et_pb_section et_section_regular et_flex_section\">\n<div class=\"et_pb_row_1 et_pb_row et_flex_row\">\n<div class=\"et_pb_column_1 et_pb_column et-last-child et_flex_column et_pb_css_mix_blend_mode_passthrough et_flex_column_24_24 et_flex_column_24_24_tablet et_flex_column_24_24_phone\">\n<div class=\"et_pb_heading_1 et_pb_heading et_animated et_pb_module et_flex_module\"><div class=\"et_pb_heading_container\"><h1 class=\"et_pb_module_header\">K\u00ebshilla p\u00ebr nj\u00eb jet\u00eb t\u00eb sh\u00ebndetshme<\/h1><\/div><\/div>\n\n<div class=\"et_pb_divider_0 et_pb_divider et_pb_space et_pb_divider_position_top et_pb_module\"><div class=\"et_pb_divider_internal\"><\/div><\/div>\n\n<div class=\"et_pb_text_0 et_pb_text et_pb_bg_layout_light et_pb_module et_flex_module\"><div class=\"et_pb_text_inner\"><p>Zbuloni fuqin\u00eb e natyr\u00ebs p\u00ebr t\u00eb p\u00ebrmir\u00ebsuar cil\u00ebsin\u00eb e jet\u00ebs suaj. Misioni yn\u00eb \u00ebsht\u00eb t\u00eb ofrojm\u00eb k\u00ebshilla dhe zgjidhje t\u00eb sigurta, natyrale p\u00ebr \u00e7do aspekt t\u00eb sh\u00ebndetit tuaj.<\/p>\n<\/div><\/div>\n<\/div>\n<\/div>\n\n<div class=\"et_pb_row_2 et_pb_row et_flex_row\">\n<div class=\"et_pb_column_2 et_pb_column et-last-child et_flex_column et_pb_css_mix_blend_mode_passthrough et_flex_column_24_24 et_flex_column_24_24_tablet et_flex_column_24_24_phone\">\n<div class=\"et_pb_blog_0 et_pb_blog et_pb_bg_layout_light et_pb_posts et_pb_module\"><div class=\"et_pb_ajax_pagination_container\"><div class=\"et_pb_posts et_grid_module\"><article class=\"et_pb_post et_pb_post_id_1138 clearfix et_pb_has_overlay et_pb_blog_item_0_0 post-1138 post type-post status-publish format-standard has-post-thumbnail hentry category-shendet\"><div class=\"et_pb_image_container\"><a href=\"https:\/\/salus-mk.com\/sq\/receta-per-dieten-alkaline-7-ditore\/\" class=\"entry-featured-image-url\"><img loading=\"lazy\" decoding=\"async\" src=\"https:\/\/salus-mk.com\/wp-content\/uploads\/2025\/12\/reczepti-za-7-dnevna-alkalna-ishrana.webp\" width=\"400\" height=\"284\" alt=\"Receta p\u00ebr diet\u00ebn alkaline 7-ditore\" class=\"\" srcset=\"https:\/\/salus-mk.com\/wp-content\/uploads\/2025\/12\/reczepti-za-7-dnevna-alkalna-ishrana.webp 479w, https:\/\/salus-mk.com\/wp-content\/uploads\/2025\/12\/reczepti-za-7-dnevna-alkalna-ishrana-400x284.webp 480w\" sizes=\"(max-width:479px) 479px, 100vw\" \/><span data-icon=\"\ue60c\" class=\"et_overlay et_pb_inline_icon\"><\/span><\/a><\/div><h2 class=\"entry-title\"><a href=\"https:\/\/salus-mk.com\/sq\/receta-per-dieten-alkaline-7-ditore\/\">Receta p\u00ebr diet\u00ebn alkaline 7-ditore<\/a><\/h2><p class=\"post-meta\"><\/p><div class=\"post-content\"><div class=\"post-content-inner\"><p>P\u00ebr t\u00eb leht\u00ebsuar trupin, rekomandohet q\u00eb gjat\u00eb diet\u00ebs alkaline t\u00eb shmangen kryesisht ushqimet q\u00eb formojn\u00eb acid. Megjithat\u00eb, nj\u00eb diet\u00eb alkaline mund t\u00eb jet\u00eb shum\u00eb e larmishme, e shijshme dhe e ekuilibruar. Si? Nutricionistja Katharina Widmann&#8230;<\/p>\n<\/div><\/div><\/article><article class=\"et_pb_post et_pb_post_id_1097 clearfix et_pb_has_overlay et_pb_blog_item_0_1 post-1097 post type-post status-publish format-standard has-post-thumbnail hentry category-shendet\"><div class=\"et_pb_image_container\"><a href=\"https:\/\/salus-mk.com\/sq\/boronica-mbeshtetje-natyrale-per-tretjen-dhe-shendetin-oral\/\" class=\"entry-featured-image-url\"><img loading=\"lazy\" decoding=\"async\" src=\"https:\/\/salus-mk.com\/wp-content\/uploads\/2025\/12\/borovinka.webp\" width=\"400\" height=\"284\" alt=\"Boronica \u2013 mb\u00ebshtetje natyrale p\u00ebr tretjen dhe sh\u00ebndetin oral\" class=\"\" srcset=\"https:\/\/salus-mk.com\/wp-content\/uploads\/2025\/12\/borovinka.webp 479w, https:\/\/salus-mk.com\/wp-content\/uploads\/2025\/12\/borovinka-400x284.webp 480w\" sizes=\"(max-width:479px) 479px, 100vw\" \/><span data-icon=\"\ue60c\" class=\"et_overlay et_pb_inline_icon\"><\/span><\/a><\/div><h2 class=\"entry-title\"><a href=\"https:\/\/salus-mk.com\/sq\/boronica-mbeshtetje-natyrale-per-tretjen-dhe-shendetin-oral\/\">Boronica \u2013 mb\u00ebshtetje natyrale p\u00ebr tretjen dhe sh\u00ebndetin oral<\/a><\/h2><p class=\"post-meta\"><\/p><div class=\"post-content\"><div class=\"post-content-inner\"><p>(Vaccinium myrtillus L., fam. Ericaceae) Preparatet e p\u00ebrgatitura nga frutat e thata t\u00eb boronic\u00ebs p\u00ebrdoren tradicionalisht p\u00ebr trajtim mb\u00ebshtet\u00ebs t\u00eb diarres\u00eb akute tek f\u00ebmij\u00ebt dhe t\u00eb rriturit, si dhe p\u00ebr shp\u00eblarje t\u00eb goj\u00ebs n\u00eb raste t\u00eb&#8230;<\/p>\n<\/div><\/div><\/article><article class=\"et_pb_post et_pb_post_id_1085 clearfix et_pb_has_overlay et_pb_blog_item_0_2 post-1085 post type-post status-publish format-standard has-post-thumbnail hentry category-shendet\"><div class=\"et_pb_image_container\"><a href=\"https:\/\/salus-mk.com\/sq\/angjinarja-nje-aleat-natyral-per-tretje-dhe-nje-melci-te-shendetshme\/\" class=\"entry-featured-image-url\"><img loading=\"lazy\" decoding=\"async\" src=\"https:\/\/salus-mk.com\/wp-content\/uploads\/2025\/12\/artichoka.webp\" width=\"400\" height=\"284\" alt=\"Angjinarja &#8211; nj\u00eb aleat natyral p\u00ebr tretje dhe nj\u00eb m\u00ebl\u00e7i t\u00eb sh\u00ebndetshme\" class=\"\" srcset=\"https:\/\/salus-mk.com\/wp-content\/uploads\/2025\/12\/artichoka.webp 479w, https:\/\/salus-mk.com\/wp-content\/uploads\/2025\/12\/artichoka-400x284.webp 480w\" sizes=\"(max-width:479px) 479px, 100vw\" \/><span data-icon=\"\ue60c\" class=\"et_overlay et_pb_inline_icon\"><\/span><\/a><\/div><h2 class=\"entry-title\"><a href=\"https:\/\/salus-mk.com\/sq\/angjinarja-nje-aleat-natyral-per-tretje-dhe-nje-melci-te-shendetshme\/\">Angjinarja &#8211; nj\u00eb aleat natyral p\u00ebr tretje dhe nj\u00eb m\u00ebl\u00e7i t\u00eb sh\u00ebndetshme<\/a><\/h2><p class=\"post-meta\"><\/p><div class=\"post-content\"><div class=\"post-content-inner\"><p>(Cynara cardunculus L., familja Asteraceae) Angjinarja \u00ebsht\u00eb nj\u00eb bim\u00eb shum\u00ebvje\u00e7are me origjin\u00eb nga Mesdheu, Ishujt Kanarie dhe Amerika e Jugut. Ajo njihet nga gjethet e saj t\u00eb prera n\u00eb m\u00ebnyr\u00eb t\u00eb prer\u00eb dhe sythat e m\u00ebdhenj t\u00eb luleve, t\u00eb cil\u00ebt&#8230;<\/p>\n<\/div><\/div><\/article><article class=\"et_pb_post et_pb_post_id_1007 clearfix et_pb_has_overlay et_pb_blog_item_0_3 post-1007 post type-post status-publish format-standard has-post-thumbnail hentry category-shendet\"><div class=\"et_pb_image_container\"><a href=\"https:\/\/salus-mk.com\/sq\/imunitet-i-forte\/\" class=\"entry-featured-image-url\"><img loading=\"lazy\" decoding=\"async\" src=\"https:\/\/salus-mk.com\/wp-content\/uploads\/2025\/12\/imunoloshki-sistem.webp\" width=\"400\" height=\"284\" alt=\"Imunitet i fort\u00eb\" class=\"\" srcset=\"https:\/\/salus-mk.com\/wp-content\/uploads\/2025\/12\/imunoloshki-sistem.webp 479w, https:\/\/salus-mk.com\/wp-content\/uploads\/2025\/12\/imunoloshki-sistem-400x284.webp 480w\" sizes=\"(max-width:479px) 479px, 100vw\" \/><span data-icon=\"\ue60c\" class=\"et_overlay et_pb_inline_icon\"><\/span><\/a><\/div><h2 class=\"entry-title\"><a href=\"https:\/\/salus-mk.com\/sq\/imunitet-i-forte\/\">Imunitet i fort\u00eb<\/a><\/h2><p class=\"post-meta\"><\/p><div class=\"post-content\"><div class=\"post-content-inner\"><p>Imuniteti i fort\u00eb \u00ebsht\u00eb themeli i sh\u00ebndetit t\u00eb mir\u00eb, duke p\u00ebrfaq\u00ebsuar sistemin mbrojt\u00ebs t\u00eb trupit kund\u00ebr patogjen\u00ebve si viruset, bakteret dhe k\u00ebrpudhat. M\u00ebnyra m\u00eb e mir\u00eb p\u00ebr t\u00eb nd\u00ebrtuar dhe mir\u00ebmbajtur k\u00ebt\u00eb mburoj\u00eb mbrojt\u00ebse \u00ebsht\u00eb p\u00ebrmes nj\u00eb&#8230;<\/p>\n<\/div><\/div><\/article><article class=\"et_pb_post et_pb_post_id_1011 clearfix et_pb_has_overlay et_pb_blog_item_0_4 post-1011 post type-post status-publish format-standard has-post-thumbnail hentry category-shendet\"><div class=\"et_pb_image_container\"><a href=\"https:\/\/salus-mk.com\/sq\/energji-dhe-vitalitet\/\" class=\"entry-featured-image-url\"><img loading=\"lazy\" decoding=\"async\" src=\"https:\/\/salus-mk.com\/wp-content\/uploads\/2025\/12\/energija-vitalnost.webp\" width=\"400\" height=\"284\" alt=\"Energji dhe vitalitet\" class=\"\" srcset=\"https:\/\/salus-mk.com\/wp-content\/uploads\/2025\/12\/energija-vitalnost.webp 479w, https:\/\/salus-mk.com\/wp-content\/uploads\/2025\/12\/energija-vitalnost-400x284.webp 480w\" sizes=\"(max-width:479px) 479px, 100vw\" \/><span data-icon=\"\ue60c\" class=\"et_overlay et_pb_inline_icon\"><\/span><\/a><\/div><h2 class=\"entry-title\"><a href=\"https:\/\/salus-mk.com\/sq\/energji-dhe-vitalitet\/\">Energji dhe vitalitet<\/a><\/h2><p class=\"post-meta\"><\/p><div class=\"post-content\"><div class=\"post-content-inner\"><p>Vitaliteti dhe ndjenja e energjis\u00eb jan\u00eb thelb\u00ebsore p\u00ebr cil\u00ebsin\u00eb e p\u00ebrgjithshme t\u00eb jet\u00ebs son\u00eb, duke na mund\u00ebsuar t\u00eb p\u00ebrballojm\u00eb n\u00eb m\u00ebnyr\u00eb efektive sfidat e p\u00ebrditshme. Kur flasim p\u00ebr energji, n\u00ebnkuptojm\u00eb kryesisht proceset n\u00eb qeliza, ve\u00e7an\u00ebrisht&#8230;<\/p>\n<\/div><\/div><\/article><article class=\"et_pb_post et_pb_post_id_1014 clearfix et_pb_has_overlay et_pb_blog_item_0_5 post-1014 post type-post status-publish format-standard has-post-thumbnail hentry category-shendet\"><div class=\"et_pb_image_container\"><a href=\"https:\/\/salus-mk.com\/sq\/tretje-e-shendetshme\/\" class=\"entry-featured-image-url\"><img loading=\"lazy\" decoding=\"async\" src=\"https:\/\/salus-mk.com\/wp-content\/uploads\/2025\/12\/zdrava-digestija.webp\" width=\"400\" height=\"284\" alt=\"Tretje e sh\u00ebndetshme\" class=\"\" srcset=\"https:\/\/salus-mk.com\/wp-content\/uploads\/2025\/12\/zdrava-digestija.webp 479w, https:\/\/salus-mk.com\/wp-content\/uploads\/2025\/12\/zdrava-digestija-400x284.webp 480w\" sizes=\"(max-width:479px) 479px, 100vw\" \/><span data-icon=\"\ue60c\" class=\"et_overlay et_pb_inline_icon\"><\/span><\/a><\/div><h2 class=\"entry-title\"><a href=\"https:\/\/salus-mk.com\/sq\/tretje-e-shendetshme\/\">Tretje e sh\u00ebndetshme<\/a><\/h2><p class=\"post-meta\"><\/p><div class=\"post-content\"><div class=\"post-content-inner\"><p>Sistemi tret\u00ebs \u00ebsht\u00eb shum\u00eb m\u00eb tep\u00ebr sesa nj\u00eb &#8220;sistem transporti&#8221; i thjesht\u00eb p\u00ebr ushqimin; ai \u00ebsht\u00eb qendra e sh\u00ebndetit ton\u00eb. Tretja e sh\u00ebndetshme \u00ebsht\u00eb \u00e7el\u00ebsi p\u00ebr thithjen efikase t\u00eb t\u00eb gjitha l\u00ebnd\u00ebve ushqyese q\u00eb i nevojiten trupit p\u00ebr energji,&#8230;<\/p>\n<\/div><\/div><\/article><\/div><\/div><\/div>\n<\/div>\n<\/div>\n<\/div>\n\n<div class=\"et_pb_section_2 et_pb_section et_section_regular et_flex_section\">\n<div class=\"et_pb_row_3 et_pb_row et_flex_row\">\n<div class=\"et_pb_column_3 et_pb_column et-last-child et_flex_column et_pb_css_mix_blend_mode_passthrough et_flex_column_24_24 et_flex_column_24_24_tablet et_flex_column_24_24_phone\">\n<div class=\"et_pb_heading_2 et_pb_heading et_animated et_pb_module et_flex_module\"><div class=\"et_pb_heading_container\"><h1 class=\"et_pb_module_header\">Vlerat kryesore t\u00eb Salus<\/h1><\/div><\/div>\n\n<div class=\"et_pb_divider_1 et_pb_divider et_pb_space et_pb_divider_position_top et_pb_module\"><div class=\"et_pb_divider_internal\"><\/div><\/div>\n<\/div>\n<\/div>\n\n<div class=\"et_pb_row_4 et_pb_row et_flex_row\">\n<div class=\"et_pb_column_4 et_pb_column et_flex_column et_pb_css_mix_blend_mode_passthrough et_flex_column_8_24 et_flex_column_8_24_tablet et_flex_column_24_24_phone\">\n<div class=\"et_pb_blurb_0 et_pb_blurb et_pb_bg_layout_light et_pb_blurb_position_top et_animated et_pb_module et_flex_module\"><div class=\"et_pb_blurb_content et_flex_module\"><div class=\"et_pb_main_blurb_image\"><span class=\"et_pb_image_wrap\"><span class=\"et-pb-icon\">\uf06c<\/span><\/span><\/div><div class=\"et_pb_blurb_container\"><h4 class=\"et_pb_module_header\">Burim natyral<\/h4><div class=\"et_pb_blurb_description\"><p>P\u00ebrdorim ekskluzivisht p\u00ebrb\u00ebr\u00ebs organik\u00eb nga burime t\u00eb q\u00ebndrueshme. P\u00ebrkushtimi yn\u00eb i plot\u00eb ndaj natyr\u00ebs \u00ebsht\u00eb thelbi i \u00e7do formulimi.<\/p>\n<\/div><\/div><\/div><\/div>\n<\/div>\n\n<div class=\"et_pb_column_5 et_pb_column et_flex_column et_pb_css_mix_blend_mode_passthrough et_flex_column_8_24 et_flex_column_8_24_tablet et_flex_column_24_24_phone\">\n<div class=\"et_pb_blurb_1 et_pb_blurb et_pb_bg_layout_light et_pb_blurb_position_top et_animated et_pb_module et_flex_module\"><div class=\"et_pb_blurb_content et_flex_module\"><div class=\"et_pb_main_blurb_image\"><span class=\"et_pb_image_wrap\"><span class=\"et-pb-icon\">\ue60d<\/span><\/span><\/div><div class=\"et_pb_blurb_container\"><h4 class=\"et_pb_module_header\">Tradit\u00eb dhe besim<\/h4><div class=\"et_pb_blurb_description\"><p>M\u00eb shum\u00eb se nj\u00eb shekull p\u00ebrvoj\u00eb n\u00eb k\u00ebrkimin e bim\u00ebve dhe prodhimin e produkteve natyrale sh\u00ebndet\u00ebsore. Nj\u00eb tradit\u00eb t\u00eb cil\u00ebs mund t&#8217;i besoni.<\/p>\n<\/div><\/div><\/div><\/div>\n<\/div>\n\n<div class=\"et_pb_column_6 et_pb_column et-last-child et_flex_column et_pb_css_mix_blend_mode_passthrough et_flex_column_8_24 et_flex_column_8_24_tablet et_flex_column_24_24_phone\">\n<div class=\"et_pb_blurb_2 et_pb_blurb et_pb_bg_layout_light et_pb_blurb_position_top et_animated et_pb_module et_flex_module\"><div class=\"et_pb_blurb_content et_flex_module\"><div class=\"et_pb_main_blurb_image\"><span class=\"et_pb_image_wrap\"><span class=\"et-pb-icon\">\uf5a2<\/span><\/span><\/div><div class=\"et_pb_blurb_container\"><h4 class=\"et_pb_module_header\">Cil\u00ebsi maksimale<\/h4><div class=\"et_pb_blurb_description\"><p>Prodhimi sipas standardeve m\u00eb t\u00eb rrepta gjermane dhe evropiane (GMP). Garantojm\u00eb past\u00ebrtin\u00eb, sigurin\u00eb dhe efikasitetin e \u00e7do partie.<\/p>\n<\/div><\/div><\/div><\/div>\n<\/div>\n<\/div>\n<\/div>\n\n<div class=\"et_pb_section_3 et_pb_section et_section_regular et_flex_section\">\n<div class=\"et_pb_row_5 et_pb_row et_flex_row\">\n<div class=\"et_pb_column_7 et_pb_column et_grid_column et_pb_css_mix_blend_mode_passthrough et_flex_column_8_24 et_flex_column_2_5_tablet et_flex_column_24_24_phone\">\n<div class=\"et_pb_image_0 et_pb_image et_animated et_pb_module et_flex_module\"><span class=\"et_pb_image_wrap\"><img loading=\"lazy\" decoding=\"async\" src=\"https:\/\/salus-mk.com\/wp-content\/uploads\/2025\/10\/Salus-Seit-1916-Logo-White-150x150.webp\" width=\"150\" height=\"150\" srcset=\"https:\/\/salus-mk.com\/wp-content\/uploads\/2025\/10\/Salus-Seit-1916-Logo-White-150x150.webp 150w\" class=\"wp-image-15\" \/><\/span><\/div>\n<\/div>\n\n<div class=\"et_pb_column_8 et_pb_column et-last-child et_flex_column et_pb_css_mix_blend_mode_passthrough et_flex_column_16_24 et_flex_column_3_5_tablet et_flex_column_24_24_phone\">\n<div class=\"et_pb_heading_3 et_pb_heading et_animated et_pb_module et_flex_module\"><div class=\"et_pb_heading_container\"><h1 class=\"et_pb_module_header\">Fuqia nga natyra<\/h1><\/div><\/div>\n<\/div>\n<\/div>\n<\/div>\n\n<div class=\"et_pb_section_4 et_pb_section et_section_regular et_flex_section\">\n<div class=\"et_pb_row_6 et_pb_row et_flex_row\">\n<div class=\"et_pb_column_9 et_pb_column et-last-child et_flex_column et_pb_css_mix_blend_mode_passthrough et_flex_column_24_24 et_flex_column_24_24_tablet et_flex_column_24_24_phone\">\n<div class=\"et_pb_heading_4 et_pb_heading et_pb_module et_flex_module\"><div class=\"et_pb_heading_container\"><h1 class=\"et_pb_module_header\">Abonohuni p\u00ebr lajme dhe informacione nga bota e Salus<\/h1><\/div><\/div>\n\n<div class=\"et_pb_divider_2 et_pb_divider et_pb_space et_pb_divider_position_top et_pb_module\"><div class=\"et_pb_divider_internal\"><\/div><\/div>\n\n<div class=\"et_pb_signup_0 et_pb_signup et_pb_newsletter et_pb_subscribe et_pb_recaptcha_enabled et_pb_no_bg et_pb_newsletter_description_no_title et_pb_newsletter_description_no_content et_animated et_pb_module et_flex_module preset--module--divi-signup--f5dd8511-592b-43f8-b02a-fca5b467e34a\"><div class=\"et_pb_newsletter_description et_multi_view_hidden\"><\/div><div class=\"et_pb_newsletter_form\"><form method=\"post\" class=\"\"><div class=\"et_pb_newsletter_result et_pb_newsletter_error\"><\/div><div class=\"et_pb_newsletter_result et_pb_newsletter_success\"><h2>Faleminderit p\u00ebr interesin!<\/h2><\/div><div class=\"et_pb_newsletter_fields et_flex_module\"><p class=\"et_pb_newsletter_field et_pb_contact_field_last et_pb_contact_field_last_tablet et_pb_contact_field_last_phone\"><label class=\"et_pb_contact_form_label\" for=\"et_pb_signup_email\" style=\"display: none;\">Email<\/label><input class=\"input\" id=\"et_pb_signup_email\" type=\"text\" placeholder=\"Email\" name=\"et_pb_signup_email\" \/><\/p><p class=\"et_pb_newsletter_button_wrap\"><a class=\"et_pb_button et_pb_newsletter_button\" href=\"#\"><span class=\"et_subscribe_loader\"><\/span><span class=\"et_pb_newsletter_button_text\">Abonohu<\/span><\/a><\/p><\/div><input type=\"hidden\" name=\"et_pb_signup_provider\" value=\"mailchimp\" \/><input type=\"hidden\" name=\"et_pb_signup_list_id\" value=\"1acabecef6\" \/><input type=\"hidden\" name=\"et_pb_signup_account_name\" value=\"newsletter@salus-mkcom\" \/><input type=\"hidden\" name=\"et_pb_signup_ip_address\" value=\"true\" \/><input type=\"hidden\" name=\"et_pb_signup_checksum\" value=\"8f87c19b82bed5e7e430cdd987ee5b3e\" \/><\/form><\/div><\/div>\n<\/div>\n<\/div>\n<\/div>\n\n<div class=\"et_pb_section_5 et_pb_section et_section_regular et_flex_section\">\n<div class=\"et_pb_row_7 et_pb_row et_flex_row\">\n<div class=\"et_pb_column_10 et_pb_column et-last-child et_flex_column et_pb_css_mix_blend_mode_passthrough et_flex_column_24_24 et_flex_column_24_24_tablet et_flex_column_24_24_phone\">\n<div class=\"et_pb_heading_5 et_pb_heading et_animated et_pb_module et_flex_module\"><div class=\"et_pb_heading_container\"><h1 class=\"et_pb_module_header\">Markat dhe kompanit\u00eb brenda Grupit Salus<\/h1><\/div><\/div>\n\n<div class=\"et_pb_divider_3 et_pb_divider et_pb_space et_pb_divider_position_top et_pb_module\"><div class=\"et_pb_divider_internal\"><\/div><\/div>\n<\/div>\n<\/div>\n\n<div class=\"et_pb_row_8 et_pb_row et_block_row et_animated\">\n<div class=\"et_pb_column_11 et_pb_column et_pb_column_4_4 et-last-child et_flex_column et_pb_css_mix_blend_mode_passthrough\">\n<div class=\"et_pb_group_carousel_0 et_pb_group_carousel et_pb_group et_pb_module et_pb_group_carousel_dots_center et_pb_group_carousel_dots_below et_pb_group_carousel_slides_3\"><div class=\"et_pb_group_carousel_container\"><div class=\"et_pb_group_carousel_track\"><div class=\"et_pb_group_carousel_slide\"><div class=\"et_pb_group_0 et_pb_group et_pb_module et_flex_group et_pb_css_mix_blend_mode_passthrough\">\n<div class=\"et_pb_image_1 et_pb_image et_pb_module et_flex_module\"><a href=\"https:\/\/www.salus-haus.com\/\"><span class=\"et_pb_image_wrap\"><img loading=\"lazy\" decoding=\"async\" src=\"https:\/\/salus-mk.com\/wp-content\/uploads\/2025\/11\/carousel-logo-salus.png\" width=\"250\" height=\"100\" srcset=\"https:\/\/salus-mk.com\/wp-content\/uploads\/2025\/11\/carousel-logo-salus.png 250w\" sizes=\"(max-width: 250px) 100vw, 250px\" class=\"wp-image-381\" \/><\/span><\/a><\/div>\n<\/div><\/div><div class=\"et_pb_group_carousel_slide\"><div class=\"et_pb_group_1 et_pb_group et_pb_module et_flex_group et_pb_css_mix_blend_mode_passthrough\">\n<div class=\"et_pb_image_2 et_pb_image et_pb_module et_flex_module\"><a href=\"https:\/\/herbaria.com\/\"><span class=\"et_pb_image_wrap\"><img loading=\"lazy\" decoding=\"async\" src=\"https:\/\/salus-mk.com\/wp-content\/uploads\/2025\/11\/carousel-logo-herbaria.png\" width=\"250\" height=\"100\" srcset=\"https:\/\/salus-mk.com\/wp-content\/uploads\/2025\/11\/carousel-logo-herbaria.png 250w\" sizes=\"(max-width: 250px) 100vw, 250px\" class=\"wp-image-380\" \/><\/span><\/a><\/div>\n<\/div><\/div><div class=\"et_pb_group_carousel_slide\"><div class=\"et_pb_group_2 et_pb_group et-last-child et_pb_module et_flex_group et_pb_css_mix_blend_mode_passthrough\">\n<div class=\"et_pb_image_3 et_pb_image et_pb_module et_flex_module\"><a href=\"https:\/\/www.schoenenberger.com\/\"><span class=\"et_pb_image_wrap\"><img loading=\"lazy\" decoding=\"async\" src=\"https:\/\/salus-mk.com\/wp-content\/uploads\/2025\/11\/carousel-logo-schoenenberger.png\" width=\"250\" height=\"100\" srcset=\"https:\/\/salus-mk.com\/wp-content\/uploads\/2025\/11\/carousel-logo-schoenenberger.png 250w\" sizes=\"(max-width: 250px) 100vw, 250px\" class=\"wp-image-379\" \/><\/span><\/a><\/div>\n<\/div><\/div><\/div><\/div><div class=\"et_pb_group_carousel_dots\"><\/div><\/div>\n<\/div>\n<\/div>\n<\/div>","protected":false},"excerpt":{"rendered":"","protected":false},"author":1,"featured_media":0,"parent":0,"menu_order":0,"comment_status":"closed","ping_status":"closed","template":"","meta":{"footnotes":""},"class_list":["post-992","page","type-page","status-publish","hentry"],"_links":{"self":[{"href":"https:\/\/salus-mk.com\/sq\/wp-json\/wp\/v2\/pages\/992","targetHints":{"allow":["GET"]}}],"collection":[{"href":"https:\/\/salus-mk.com\/sq\/wp-json\/wp\/v2\/pages"}],"about":[{"href":"https:\/\/salus-mk.com\/sq\/wp-json\/wp\/v2\/types\/page"}],"author":[{"embeddable":true,"href":"https:\/\/salus-mk.com\/sq\/wp-json\/wp\/v2\/users\/1"}],"replies":[{"embeddable":true,"href":"https:\/\/salus-mk.com\/sq\/wp-json\/wp\/v2\/comments?post=992"}],"version-history":[{"count":8,"href":"https:\/\/salus-mk.com\/sq\/wp-json\/wp\/v2\/pages\/992\/revisions"}],"predecessor-version":[{"id":1394,"href":"https:\/\/salus-mk.com\/sq\/wp-json\/wp\/v2\/pages\/992\/revisions\/1394"}],"wp:attachment":[{"href":"https:\/\/salus-mk.com\/sq\/wp-json\/wp\/v2\/media?parent=992"}],"curies":[{"name":"wp","href":"https:\/\/api.w.org\/{rel}","templated":true}]}}