{"id":990,"date":"2025-12-02T22:15:38","date_gmt":"2025-12-02T21:15:38","guid":{"rendered":"https:\/\/salus-mk.com\/rreth-nesh\/"},"modified":"2026-01-30T16:26:00","modified_gmt":"2026-01-30T15:26:00","slug":"rreth-nesh","status":"publish","type":"page","link":"https:\/\/salus-mk.com\/sq\/rreth-nesh\/","title":{"rendered":"Rreth nesh"},"content":{"rendered":"<div class=\"et_pb_section_0 et_pb_section et_section_regular et_flex_section\">\n<div class=\"et_pb_row_0 et_pb_row et_flex_row\"><span class=\"et-pb-background-video\"><\/span>\n<div class=\"et_pb_column_0 et_pb_column et-last-child et_flex_column et_pb_css_mix_blend_mode_passthrough et_flex_column_24_24 et_flex_column_24_24_tablet et_flex_column_24_24_phone\">\n<div class=\"et_pb_heading_0 et_pb_heading et_pb_module et_flex_module\"><div class=\"et_pb_heading_container\"><h1 class=\"et_pb_module_header\">Rreth Nesh<\/h1><\/div><\/div>\n<\/div>\n<\/div>\n<\/div>\n\n<div class=\"et_pb_section_1 et_pb_section et_section_regular et_flex_section\">\n<div class=\"et_pb_row_1 et_pb_row et_flex_row\">\n<div class=\"et_pb_column_1 et_pb_column et-last-child et_flex_column et_pb_css_mix_blend_mode_passthrough et_flex_column_24_24 et_flex_column_24_24_tablet et_flex_column_24_24_phone\">\n<div class=\"et_pb_heading_1 et_pb_heading et_animated et_pb_module et_flex_module\"><div class=\"et_pb_heading_container\"><h1 class=\"et_pb_module_header\">Q\u00eb nga viti 1916: Fuqia nga natyra\r\n<\/h1><\/div><\/div>\n\n<div class=\"et_pb_divider_0 et_pb_divider et_pb_space et_pb_divider_position_top et_pb_module\"><div class=\"et_pb_divider_internal\"><\/div><\/div>\n\n<div class=\"et_pb_text_0 et_pb_text et_pb_bg_layout_light et_pb_module et_flex_module\"><div class=\"et_pb_text_inner\"><p>N\u00eb Rom\u00ebn e lasht\u00eb, Salus ishte per\u00ebndesha e sh\u00ebndetit dhe mir\u00ebqenies publike. Themeluesi i kompanis\u00eb, Dr. med. Otto Greither, e zgjodhi k\u00ebt\u00eb em\u00ebr duke pasur parasysh mir\u00ebqenien e njer\u00ebzve rreth tij. Ky angazhim nuk ka ndryshuar n\u00eb m\u00eb shum\u00eb se 100 vjet ekzistenc\u00eb t\u00eb kompanis\u00eb son\u00eb. Sh\u00ebndeti juaj \u00ebsht\u00eb prioriteti yn\u00eb kryesor.<\/p>\n<\/div><\/div>\n\n<div class=\"et_pb_row_2 et_pb_row et_pb_row_nested et_flex_row\">\n<div class=\"et_pb_column_2 et_pb_column et_flex_column et_pb_css_mix_blend_mode_passthrough et_flex_column_12_24 et_flex_column_12_24_tablet et_flex_column_24_24_phone\">\n<div class=\"et_pb_text_1 et_pb_text et_pb_bg_layout_light et_pb_module et_flex_module\"><div class=\"et_pb_text_inner\"><p>Nga fuqia e natyr\u00ebs ofrojm\u00eb nj\u00eb gam\u00eb t\u00eb gjer\u00eb tonik\u00ebsh, \u00e7ajrash, pikash, eliksir\u00ebsh, tabletash dhe shum\u00eb m\u00eb tep\u00ebr. Me kujdesin m\u00eb t\u00eb madh zgjedhim bim\u00ebt dhe p\u00ebrb\u00ebr\u00ebsit m\u00eb t\u00eb mir\u00eb sipas efikasitetit dhe toleranc\u00ebs s\u00eb tyre. Produkti farmaceutik, suplementi apo ushqimi jan\u00eb aq cil\u00ebsor\u00eb sa edhe l\u00ebnda e par\u00eb nga e cila jan\u00eb krijuar.<\/p>\n<p>Prandaj, n\u00eb Salus i japim p\u00ebrpar\u00ebsi p\u00ebrb\u00ebr\u00ebsve nga prodhimi i certifikuar organik. Si parim, nuk p\u00ebrdorim l\u00ebnd\u00eb t\u00eb para t\u00eb p\u00ebrftuara me inxhinieri gjenetike. Shum\u00eb nga bim\u00ebt mjek\u00ebsore q\u00eb p\u00ebrdor Salus jan\u00eb shum\u00eb t\u00eb rralla, prandaj ne angazhohemi edhe p\u00ebr kultivimin e tyre n\u00eb kushte t\u00eb kontrolluara.<\/p>\n<\/div><\/div>\n<\/div>\n\n<div class=\"et_pb_column_3 et_pb_column et-last-child et_flex_column et_pb_css_mix_blend_mode_passthrough et_flex_column_12_24 et_flex_column_12_24_tablet et_flex_column_24_24_phone\">\n<div class=\"et_pb_text_2 et_pb_text et_pb_bg_layout_light et_pb_module et_flex_module\"><div class=\"et_pb_text_inner\"><p>Rreth <strong>650 produktet<\/strong> tona bashkojn\u00eb natyr\u00ebn me inovacionin dhe cil\u00ebsin\u00eb. N\u00eb departamentin shkencor t\u00eb Salus, m\u00eb shum\u00eb se 50 punonj\u00ebs zhvillojn\u00eb produkte t\u00eb reja dhe analizojn\u00eb me kujdes l\u00ebnd\u00ebt e para dhe produktet e gatshme. N\u00eb prodhim, Salus i p\u00ebrmbahet rrept\u00ebsisht standardeve m\u00eb t\u00eb larta farmaceutike dhe standardeve organike t\u00eb ushqimit.<\/p>\n<p>Grupi Salus ndodhet n\u00eb Bruckm\u00fchl, Bavarin\u00eb e Ep\u00ebrme, dhe p\u00ebrfshin kompanit\u00eb Salus Haus Dr. med. Otto Greither Nachf. GmbH &amp; Co. KG, Salus Pharma GmbH dhe Walther Schoenenberger Pflanzensaftwerk GmbH &amp; Co. KG. T\u00eb gjitha ato kan\u00eb p\u00ebrvoj\u00eb shum\u00ebvje\u00e7are n\u00eb industrin\u00eb e ila\u00e7eve natyrale. Me m\u00eb shum\u00eb se 400 punonj\u00ebs realizojm\u00eb nj\u00eb qarkullim vjetor prej 100 milion\u00eb eurosh dhe eksportojm\u00eb produktet tona n\u00eb rreth 65 vende t\u00eb bot\u00ebs.<\/p>\n<\/div><\/div>\n\n<div class=\"et_pb_image_0 et_pb_image et_pb_module et_flex_module\"><span class=\"et_pb_image_wrap\"><img loading=\"lazy\" decoding=\"async\" src=\"https:\/\/salus-mk.com\/wp-content\/uploads\/2025\/12\/rastenie.png\" width=\"326\" height=\"290\" srcset=\"https:\/\/salus-mk.com\/wp-content\/uploads\/2025\/12\/rastenie.png 326w, https:\/\/salus-mk.com\/wp-content\/uploads\/2025\/12\/rastenie-300x267.png 300w\" sizes=\"(max-width: 326px) 100vw, 326px\" class=\"wp-image-624\" \/><\/span><\/div>\n<\/div>\n<\/div>\n<\/div>\n<\/div>\n<\/div>\n\n<div class=\"et_pb_section_2 et_pb_section et_section_regular et_flex_section\">\n<div class=\"et_pb_row_3 et_pb_row et_flex_row et_clickable\">\n<div class=\"et_pb_column_4 et_pb_column et_grid_column et_pb_css_mix_blend_mode_passthrough et_flex_column_8_24 et_flex_column_2_5_tablet et_flex_column_24_24_phone\">\n<div class=\"et_pb_image_1 et_pb_image et_animated et_pb_module et_flex_module\"><span class=\"et_pb_image_wrap\"><img loading=\"lazy\" decoding=\"async\" src=\"https:\/\/salus-mk.com\/wp-content\/uploads\/2025\/10\/Salus-Seit-1916-Logo-White-150x150.webp\" width=\"150\" height=\"150\" srcset=\"https:\/\/salus-mk.com\/wp-content\/uploads\/2025\/10\/Salus-Seit-1916-Logo-White-150x150.webp 150w\" class=\"wp-image-15\" \/><\/span><\/div>\n<\/div>\n\n<div class=\"et_pb_column_5 et_pb_column et-last-child et_flex_column et_pb_css_mix_blend_mode_passthrough et_flex_column_16_24 et_flex_column_3_5_tablet et_flex_column_24_24_phone\">\n<div class=\"et_pb_heading_2 et_pb_heading et_animated et_pb_module et_flex_module\"><div class=\"et_pb_heading_container\"><h1 class=\"et_pb_module_header\">Shikoni produktet Salus <\/h1><\/div><\/div>\n<\/div>\n<\/div>\n<\/div>\n\n\n\n<div class=\"et_pb_section_4 et_pb_section et_section_regular et_flex_section\">\n<div class=\"et_pb_row_5 et_pb_row et_flex_row\">\n<div class=\"et_pb_column_9 et_pb_column et-last-child et_flex_column et_pb_css_mix_blend_mode_passthrough et_flex_column_24_24 et_flex_column_24_24_tablet et_flex_column_24_24_phone\">\n<div class=\"et_pb_heading_3 et_pb_heading et_pb_module et_flex_module\"><div class=\"et_pb_heading_container\"><h1 class=\"et_pb_module_header\">Abonohuni p\u00ebr lajme dhe informacione nga bota e Salus<\/h1><\/div><\/div>\n\n<div class=\"et_pb_divider_1 et_pb_divider et_pb_space et_pb_divider_position_top et_pb_module\"><div class=\"et_pb_divider_internal\"><\/div><\/div>\n\n<div class=\"et_pb_signup_0 et_pb_signup et_pb_newsletter et_pb_subscribe et_pb_recaptcha_enabled et_pb_no_bg et_pb_newsletter_description_no_title et_pb_newsletter_description_no_content et_animated et_pb_module et_flex_module preset--module--divi-signup--f5dd8511-592b-43f8-b02a-fca5b467e34a\"><div class=\"et_pb_newsletter_description et_multi_view_hidden\"><\/div><div class=\"et_pb_newsletter_form\"><form method=\"post\" class=\"\"><div class=\"et_pb_newsletter_result et_pb_newsletter_error\"><\/div><div class=\"et_pb_newsletter_result et_pb_newsletter_success\"><h2>Faleminderit p\u00ebr interesin!<\/h2><\/div><div class=\"et_pb_newsletter_fields et_flex_module\"><p class=\"et_pb_newsletter_field et_pb_contact_field_last et_pb_contact_field_last_tablet et_pb_contact_field_last_phone\"><label class=\"et_pb_contact_form_label\" for=\"et_pb_signup_email\" style=\"display: none;\">Email<\/label><input class=\"input\" id=\"et_pb_signup_email\" type=\"text\" placeholder=\"Email\" name=\"et_pb_signup_email\" \/><\/p><p class=\"et_pb_newsletter_button_wrap\"><a class=\"et_pb_button et_pb_newsletter_button\" href=\"#\"><span class=\"et_subscribe_loader\"><\/span><span class=\"et_pb_newsletter_button_text\">Abonohu<\/span><\/a><\/p><\/div><input type=\"hidden\" name=\"et_pb_signup_provider\" value=\"mailchimp\" \/><input type=\"hidden\" name=\"et_pb_signup_list_id\" value=\"1acabecef6\" \/><input type=\"hidden\" name=\"et_pb_signup_account_name\" value=\"newsletter@salus-mkcom\" \/><input type=\"hidden\" name=\"et_pb_signup_ip_address\" value=\"true\" \/><input type=\"hidden\" name=\"et_pb_signup_checksum\" value=\"f60c32cc65a648abeceae2cddedd8d2a\" \/><\/form><\/div><\/div>\n<\/div>\n<\/div>\n<\/div>\n\n<div class=\"et_pb_section_5 et_pb_section et_section_regular et_flex_section\">\n<div class=\"et_pb_row_6 et_pb_row et_flex_row\">\n<div class=\"et_pb_column_10 et_pb_column et-last-child et_flex_column et_pb_css_mix_blend_mode_passthrough et_flex_column_24_24 et_flex_column_24_24_tablet et_flex_column_24_24_phone\">\n<div class=\"et_pb_heading_4 et_pb_heading et_animated et_pb_module et_flex_module\"><div class=\"et_pb_heading_container\"><h1 class=\"et_pb_module_header\">Markat dhe kompanit\u00eb brenda Grupit Salus<\/h1><\/div><\/div>\n\n<div class=\"et_pb_divider_2 et_pb_divider et_pb_space et_pb_divider_position_top et_pb_module\"><div class=\"et_pb_divider_internal\"><\/div><\/div>\n<\/div>\n<\/div>\n\n<div class=\"et_pb_row_7 et_pb_row et_block_row et_animated\">\n<div class=\"et_pb_column_11 et_pb_column et_pb_column_4_4 et-last-child et_flex_column et_pb_css_mix_blend_mode_passthrough\">\n<div class=\"et_pb_group_carousel_0 et_pb_group_carousel et_pb_group et_pb_module et_pb_group_carousel_dots_center et_pb_group_carousel_dots_below et_pb_group_carousel_slides_3\"><div class=\"et_pb_group_carousel_container\"><div class=\"et_pb_group_carousel_track\"><div class=\"et_pb_group_carousel_slide\"><div class=\"et_pb_group_0 et_pb_group et_pb_module et_flex_group et_pb_css_mix_blend_mode_passthrough\">\n<div class=\"et_pb_image_2 et_pb_image et_pb_module et_flex_module\"><a href=\"https:\/\/www.salus-haus.com\/\"><span class=\"et_pb_image_wrap\"><img loading=\"lazy\" decoding=\"async\" src=\"https:\/\/salus-mk.com\/wp-content\/uploads\/2025\/11\/carousel-logo-salus.png\" width=\"250\" height=\"100\" srcset=\"https:\/\/salus-mk.com\/wp-content\/uploads\/2025\/11\/carousel-logo-salus.png 250w\" sizes=\"(max-width: 250px) 100vw, 250px\" class=\"wp-image-381\" \/><\/span><\/a><\/div>\n<\/div><\/div><div class=\"et_pb_group_carousel_slide\"><div class=\"et_pb_group_1 et_pb_group et_pb_module et_flex_group et_pb_css_mix_blend_mode_passthrough\">\n<div class=\"et_pb_image_3 et_pb_image et_pb_module et_flex_module\"><a href=\"https:\/\/herbaria.com\/\"><span class=\"et_pb_image_wrap\"><img loading=\"lazy\" decoding=\"async\" src=\"https:\/\/salus-mk.com\/wp-content\/uploads\/2025\/11\/carousel-logo-herbaria.png\" width=\"250\" height=\"100\" srcset=\"https:\/\/salus-mk.com\/wp-content\/uploads\/2025\/11\/carousel-logo-herbaria.png 250w\" sizes=\"(max-width: 250px) 100vw, 250px\" class=\"wp-image-380\" \/><\/span><\/a><\/div>\n<\/div><\/div><div class=\"et_pb_group_carousel_slide\"><div class=\"et_pb_group_2 et_pb_group et-last-child et_pb_module et_flex_group et_pb_css_mix_blend_mode_passthrough\">\n<div class=\"et_pb_image_4 et_pb_image et_pb_module et_flex_module\"><a href=\"https:\/\/www.schoenenberger.com\/\"><span class=\"et_pb_image_wrap\"><img loading=\"lazy\" decoding=\"async\" src=\"https:\/\/salus-mk.com\/wp-content\/uploads\/2025\/11\/carousel-logo-schoenenberger.png\" width=\"250\" height=\"100\" srcset=\"https:\/\/salus-mk.com\/wp-content\/uploads\/2025\/11\/carousel-logo-schoenenberger.png 250w\" sizes=\"(max-width: 250px) 100vw, 250px\" class=\"wp-image-379\" \/><\/span><\/a><\/div>\n<\/div><\/div><\/div><\/div><div class=\"et_pb_group_carousel_dots\"><\/div><\/div>\n<\/div>\n<\/div>\n<\/div>","protected":false},"excerpt":{"rendered":"","protected":false},"author":1,"featured_media":0,"parent":0,"menu_order":0,"comment_status":"closed","ping_status":"closed","template":"","meta":{"footnotes":""},"class_list":["post-990","page","type-page","status-publish","hentry"],"_links":{"self":[{"href":"https:\/\/salus-mk.com\/sq\/wp-json\/wp\/v2\/pages\/990","targetHints":{"allow":["GET"]}}],"collection":[{"href":"https:\/\/salus-mk.com\/sq\/wp-json\/wp\/v2\/pages"}],"about":[{"href":"https:\/\/salus-mk.com\/sq\/wp-json\/wp\/v2\/types\/page"}],"author":[{"embeddable":true,"href":"https:\/\/salus-mk.com\/sq\/wp-json\/wp\/v2\/users\/1"}],"replies":[{"embeddable":true,"href":"https:\/\/salus-mk.com\/sq\/wp-json\/wp\/v2\/comments?post=990"}],"version-history":[{"count":6,"href":"https:\/\/salus-mk.com\/sq\/wp-json\/wp\/v2\/pages\/990\/revisions"}],"predecessor-version":[{"id":1409,"href":"https:\/\/salus-mk.com\/sq\/wp-json\/wp\/v2\/pages\/990\/revisions\/1409"}],"wp:attachment":[{"href":"https:\/\/salus-mk.com\/sq\/wp-json\/wp\/v2\/media?parent=990"}],"curies":[{"name":"wp","href":"https:\/\/api.w.org\/{rel}","templated":true}]}}