{"id":988,"date":"2025-11-26T18:36:31","date_gmt":"2025-11-26T17:36:31","guid":{"rendered":"https:\/\/salus-mk.com\/kontakt\/"},"modified":"2026-01-28T16:47:18","modified_gmt":"2026-01-28T15:47:18","slug":"kontakt","status":"publish","type":"page","link":"https:\/\/salus-mk.com\/sq\/kontakt\/","title":{"rendered":"Kontakt"},"content":{"rendered":"<div class=\"et_pb_section_0 et_pb_section et_section_regular et_flex_section\">\n<div class=\"et_pb_row_0 et_pb_row et_flex_row\"><span class=\"et-pb-background-video\"><\/span>\n<div class=\"et_pb_column_0 et_pb_column et-last-child et_flex_column et_pb_css_mix_blend_mode_passthrough et_flex_column_24_24 et_flex_column_24_24_tablet et_flex_column_24_24_phone\">\n<div class=\"et_pb_heading_0 et_pb_heading et_pb_module et_flex_module\"><div class=\"et_pb_heading_container\"><h1 class=\"et_pb_module_header\">Kontakt<\/h1><\/div><\/div>\n<\/div>\n<\/div>\n<\/div>\n\n<div class=\"et_pb_section_1 et_pb_section et_section_regular et_flex_section\">\n<div class=\"et_pb_row_1 et_pb_row et_flex_row\">\n<div class=\"et_pb_column_1 et_pb_column et-last-child et_flex_column et_pb_css_mix_blend_mode_passthrough et_flex_column_24_24 et_flex_column_24_24_tablet et_flex_column_24_24_phone\">\n<div class=\"et_pb_heading_1 et_pb_heading et_animated et_pb_module et_flex_module\"><div class=\"et_pb_heading_container\"><h1 class=\"et_pb_module_header\">Informacione kontakti<\/h1><\/div><\/div>\n\n<div class=\"et_pb_divider_0 et_pb_divider et_pb_space et_pb_divider_position_top et_pb_module\"><div class=\"et_pb_divider_internal\"><\/div><\/div>\n\n<div class=\"et_pb_text_0 et_pb_text et_pb_bg_layout_light et_pb_module et_flex_module\"><div class=\"et_pb_text_inner\"><h4>A keni pyetje shtes\u00eb rreth kompanis\u00eb ose produkteve tona?<\/h4>\n<p>Ju lutemi, mos hezitoni t\u00eb na kontaktoni. Me k\u00ebnaq\u00ebsi do t'ju ofrojm\u00eb informacione shtes\u00eb.<\/p>\n<\/div><\/div>\n\n<div class=\"et_pb_code_0 et_pb_code et_pb_module\"><div class=\"et_pb_code_inner\" data-et-mv-hidden-phone=\"true\">\n<div class=\"wpcf7 no-js\" id=\"wpcf7-f1005-o1\" lang=\"sq\" dir=\"ltr\" data-wpcf7-id=\"1005\">\n<div class=\"screen-reader-response\"><p role=\"status\" aria-live=\"polite\" aria-atomic=\"true\"><\/p> <ul><\/ul><\/div>\n<form action=\"\/sq\/wp-json\/wp\/v2\/pages\/988#wpcf7-f1005-o1\" method=\"post\" class=\"wpcf7-form init\" aria-label=\"Formular kontaktesh\" novalidate=\"novalidate\" data-status=\"init\">\n<fieldset class=\"hidden-fields-container\"><input type=\"hidden\" name=\"_wpcf7\" value=\"1005\" \/><input type=\"hidden\" name=\"_wpcf7_version\" value=\"6.1.5\" \/><input type=\"hidden\" name=\"_wpcf7_locale\" value=\"sq\" \/><input type=\"hidden\" name=\"_wpcf7_unit_tag\" value=\"wpcf7-f1005-o1\" \/><input type=\"hidden\" name=\"_wpcf7_container_post\" value=\"0\" \/><input type=\"hidden\" name=\"_wpcf7_posted_data_hash\" value=\"\" \/><input type=\"hidden\" name=\"_wpcf7_recaptcha_response\" value=\"\" \/>\n<\/fieldset>\n<table style=\"border:0px !important;width=100% !important;\">\n\t<tr style=\"border-top:0px !important;\">\n\t\t<td style=\"border-top:0px !important;width:50%\">\n\t\t\t<p><span class=\"wpcf7-form-control-wrap\" data-name=\"First_Name\"><input size=\"40\" maxlength=\"50\" minlength=\"3\" class=\"wpcf7-form-control wpcf7-text wpcf7-validates-as-required\" autocomplete=\"name\" aria-required=\"true\" aria-invalid=\"false\" placeholder=\"*Emri\" value=\"\" type=\"text\" name=\"First_Name\" \/><\/span>\n\t\t\t<\/p>\n\t\t<\/td>\n\t\t<td style=\"border-top:0px !important;\">\n\t\t\t<p><span class=\"wpcf7-form-control-wrap\" data-name=\"Last_Name\"><input size=\"40\" maxlength=\"50\" minlength=\"3\" class=\"wpcf7-form-control wpcf7-text wpcf7-validates-as-required\" autocomplete=\"name\" aria-required=\"true\" aria-invalid=\"false\" placeholder=\"*Mbiemri\" value=\"\" type=\"text\" name=\"Last_Name\" \/><\/span>\n\t\t\t<\/p>\n\t\t<\/td>\n\t<\/tr>\n\t<tr>\n\t\t<td style=\"border-top:0px !important;\">\n\t\t\t<p><span class=\"wpcf7-form-control-wrap\" data-name=\"Email\"><input size=\"40\" maxlength=\"50\" minlength=\"10\" class=\"wpcf7-form-control wpcf7-email wpcf7-validates-as-required wpcf7-text wpcf7-validates-as-email\" autocomplete=\"email\" aria-required=\"true\" aria-invalid=\"false\" placeholder=\"*Adresa e emailit\" value=\"\" type=\"email\" name=\"Email\" \/><\/span>\n\t\t\t<\/p>\n\t\t<\/td>\n\t\t<td style=\"border-top:0px !important;\">\n\t\t\t<p><span class=\"wpcf7-form-control-wrap\" data-name=\"Phone\"><input size=\"40\" maxlength=\"13\" minlength=\"9\" class=\"wpcf7-form-control wpcf7-tel wpcf7-text wpcf7-validates-as-tel\" autocomplete=\"tel\" aria-invalid=\"false\" placeholder=\"Telefoni\" value=\"\" type=\"tel\" name=\"Phone\" \/><\/span>\n\t\t\t<\/p>\n\t\t<\/td>\n\t<\/tr>\n\t<tr>\n\t\t<td style=\"border-top:0px !important;\">\n\t\t\t<p><span class=\"wpcf7-form-control-wrap\" data-name=\"Address\"><input size=\"40\" maxlength=\"100\" minlength=\"10\" class=\"wpcf7-form-control wpcf7-text\" aria-invalid=\"false\" placeholder=\"Adresa\" value=\"\" type=\"text\" name=\"Address\" \/><\/span>\n\t\t\t<\/p>\n\t\t<\/td>\n\t\t<td style=\"border-top:0px !important;\">\n\t\t\t<p><span class=\"wpcf7-form-control-wrap\" data-name=\"Zip_code\"><input size=\"40\" maxlength=\"10\" minlength=\"3\" class=\"wpcf7-form-control wpcf7-text\" aria-invalid=\"false\" placeholder=\"Kodi postar\" value=\"\" type=\"text\" name=\"Zip_code\" \/><\/span>\n\t\t\t<\/p>\n\t\t<\/td>\n\t<\/tr>\n\t<tr>\n\t\t<td style=\"border-top:0px !important;\">\n\t\t<\/td>\n\t\t<td style=\"border-top:0px !important;\">\n\t\t\t<p><span class=\"wpcf7-form-control-wrap\" data-name=\"City\"><input size=\"40\" maxlength=\"30\" minlength=\"3\" class=\"wpcf7-form-control wpcf7-text\" aria-invalid=\"false\" placeholder=\"Qyteti\" value=\"\" type=\"text\" name=\"City\" \/><\/span>\n\t\t\t<\/p>\n\t\t<\/td>\n\t<\/tr>\n\t<tr>\n\t\t<td colspan=\"2\" style=\"border-top:0px !important;\">\n\t\t\t<p><span class=\"wpcf7-form-control-wrap\" data-name=\"Message\"><textarea cols=\"40\" rows=\"10\" maxlength=\"3000\" minlength=\"30\" class=\"wpcf7-form-control wpcf7-textarea wpcf7-validates-as-required\" aria-required=\"true\" aria-invalid=\"false\" placeholder=\"*Shkruani nj\u00eb tekst me gjat\u00ebsi prej 30-3000 karakteresh\" name=\"Message\"><\/textarea><\/span>\n\t\t\t<\/p>\n\t\t<\/td>\n\t<\/tr>\n\t<tr>\n\t\t<td colspan=\"2\" style=\"border-top:0px !important;\">\n\t\t\t<p>Para se t\u00eb dor\u00ebzoni formularin, k\u00ebrkohet p\u00eblqimi juaj p\u00ebr tekstin m\u00eb posht\u00eb n\u00eb m\u00ebnyr\u00eb q\u00eb t\u00eb dh\u00ebnat tuaja t\u00eb p\u00ebrpunohen n\u00eb m\u00ebnyr\u00eb korrekte. P\u00ebr t\u00eb gjitha detajet e tjera rreth m\u00ebnyr\u00ebs se si i p\u00ebrdorim t\u00eb dh\u00ebnat e mbledhura p\u00ebrmes faqes son\u00eb t\u00eb internetit, mund t\u00eb lexoni dokumentet <a href=\"https:\/\/salus-mk.com\/politika-za-privatnost\/\">politik\u00ebn e privat\u00ebsis\u00eb<\/a> dhe <a href=\"https:\/\/salus-mk.com\/politika-za-kolachinja\/\">politik\u00ebn e cookie-ve.<\/a> Ky formular \u00ebsht\u00eb i destinuar p\u00ebr pyetje q\u00eb lidhen me produktet Salus n\u00eb Republik\u00ebn e Maqedonis\u00eb s\u00eb Veriut. Mesazhet p\u00ebrpunohen nga distributori i autorizuar - Beta Farm DOOEL Shkup. <br \/>\n<br \/>\n<span class=\"wpcf7-form-control-wrap\" data-name=\"Approval\"><span class=\"wpcf7-form-control wpcf7-acceptance\"><span class=\"wpcf7-list-item\"><label><input type=\"checkbox\" name=\"Approval\" value=\"1\" aria-invalid=\"false\" \/><span class=\"wpcf7-list-item-label\"><strong>* P\u00eblqimi p\u00ebr t\u00eb p\u00ebrdorur t\u00eb dh\u00ebnat nga ky formular<\/strong><\/span><\/label><\/span><\/span><\/span><br \/>\nPajtohem q\u00eb t\u00eb dh\u00ebnat q\u00eb kam dh\u00ebn\u00eb, si dhe t\u00eb dh\u00ebnat e mbledhura p\u00ebrmes p\u00ebrdorimit t\u00eb faqes, mund t\u00eb p\u00ebrpunohen dhe ruhen nga kompania Beta Farm (Kompania e Prodhimit, Tregtis\u00eb dhe Sh\u00ebrbimeve BETA FARM SHPK Shkup) dhe t\u00eb p\u00ebrdoren p\u00ebr q\u00ebllime p\u00ebrgjigjeje ose n\u00eb rast pyetjesh q\u00eb lidhen me k\u00ebrkes\u00ebn time t\u00eb m\u00ebsip\u00ebrme.\n\t\t\t<\/p>\n\t\t<\/td>\n\t<\/tr>\n<\/table>\n<p><input class=\"wpcf7-form-control wpcf7-submit has-spinner\" type=\"submit\" value=\"D\u00ebrgo\" \/>\n<\/p><div class=\"wpcf7-response-output\" aria-hidden=\"true\"><\/div>\n<\/form>\n<\/div>\n<\/div><\/div>\n<\/div>\n<\/div>\n<\/div>\n\n","protected":false},"excerpt":{"rendered":"","protected":false},"author":1,"featured_media":0,"parent":0,"menu_order":0,"comment_status":"closed","ping_status":"closed","template":"","meta":{"footnotes":""},"class_list":["post-988","page","type-page","status-publish","hentry"],"_links":{"self":[{"href":"https:\/\/salus-mk.com\/sq\/wp-json\/wp\/v2\/pages\/988","targetHints":{"allow":["GET"]}}],"collection":[{"href":"https:\/\/salus-mk.com\/sq\/wp-json\/wp\/v2\/pages"}],"about":[{"href":"https:\/\/salus-mk.com\/sq\/wp-json\/wp\/v2\/types\/page"}],"author":[{"embeddable":true,"href":"https:\/\/salus-mk.com\/sq\/wp-json\/wp\/v2\/users\/1"}],"replies":[{"embeddable":true,"href":"https:\/\/salus-mk.com\/sq\/wp-json\/wp\/v2\/comments?post=988"}],"version-history":[{"count":3,"href":"https:\/\/salus-mk.com\/sq\/wp-json\/wp\/v2\/pages\/988\/revisions"}],"predecessor-version":[{"id":1327,"href":"https:\/\/salus-mk.com\/sq\/wp-json\/wp\/v2\/pages\/988\/revisions\/1327"}],"wp:attachment":[{"href":"https:\/\/salus-mk.com\/sq\/wp-json\/wp\/v2\/media?parent=988"}],"curies":[{"name":"wp","href":"https:\/\/api.w.org\/{rel}","templated":true}]}}