{"id":1521,"date":"2026-03-11T17:58:24","date_gmt":"2026-03-11T16:58:24","guid":{"rendered":"https:\/\/salus-mk.com\/beta-farm-dooel-shkup\/"},"modified":"2026-03-11T18:44:46","modified_gmt":"2026-03-11T17:44:46","slug":"beta-farm-dooel-shkup","status":"publish","type":"page","link":"https:\/\/salus-mk.com\/sq\/beta-farm-dooel-shkup\/","title":{"rendered":"Beta Farm DOOEL \u2013 Shkup"},"content":{"rendered":"<div class=\"et_pb_section_0 et_pb_section et_section_regular et_flex_section\">\n<div class=\"et_pb_row_0 et_pb_row et-vb-row--no-module et_flex_row\"><span class=\"et-pb-background-video\"><\/span>\n<div class=\"et_pb_column_0 et_pb_column et-last-child et_flex_column et_pb_column_empty et_pb_css_mix_blend_mode_passthrough et_flex_column_24_24 et_flex_column_24_24_tablet et_flex_column_24_24_phone\"><\/div>\n<\/div>\n<\/div>\n\n<div class=\"et_pb_section_1 et_pb_section et_section_regular et_flex_section\">\n<div class=\"et_pb_row_1 et_pb_row et_flex_row\">\n<div class=\"et_pb_column_1 et_pb_column et-last-child et_flex_column et_pb_css_mix_blend_mode_passthrough et_flex_column_24_24 et_flex_column_24_24_tablet et_flex_column_24_24_phone\">\n<div class=\"et_pb_heading_0 et_pb_heading et_animated et_pb_module et_flex_module\"><div class=\"et_pb_heading_container\"><h1 class=\"et_pb_module_header\">Beta Farm DOOEL \u2013 Shkup<\/h1><\/div><\/div>\n\n<div class=\"et_pb_divider_0 et_pb_divider et_pb_space et_pb_divider_position_top et_pb_module\"><div class=\"et_pb_divider_internal\"><\/div><\/div>\n\n<div class=\"et_pb_text_0 et_pb_text et_pb_bg_layout_light et_pb_module et_flex_module\"><div class=\"et_pb_text_inner\"><p>Beta Farm DOOEL, me seli n\u00eb Shkup, \u00ebsht\u00eb nj\u00eb kompani e themeluar n\u00eb vitin 2010 dhe distributor i autorizuar p\u00ebr produktet natyrore dhe shtesat ushqimore t\u00eb prodhuesit <strong>Salus Haus GmbH &amp; Co. KG, Gjermani<\/strong>, p\u00ebr tregun e Maqedonis\u00eb s\u00eb Veriut. Kompania bashk\u00ebpunon ngusht\u00eb me prodhuesin p\u00ebr t\u00eb sjell\u00eb n\u00eb treg produktet e njohura t\u00eb mark\u00ebs <a href=\"https:\/\/salus-mk.com\/sq\/pse-salus\/\" title=\"Pse Salus?\">SALUS<\/a>, p\u00ebrfshir\u00eb edhe linj\u00ebn <strong>Floradix\u00ae<\/strong>. <u><\/u><u><\/u><\/p>\n<p>Q\u00ebllimi yn\u00eb \u00ebsht\u00eb t\u00eb ofrojm\u00eb produkte me cil\u00ebsi t\u00eb lart\u00eb dhe sh\u00ebrbim profesional p\u00ebr partner\u00ebt tan\u00eb, duke p\u00ebrfshir\u00eb farmacit\u00eb, distributor\u00ebt dhe konsumator\u00ebt. P\u00ebr m\u00eb shum\u00eb informacione rreth produkteve ose mund\u00ebsive p\u00ebr bashk\u00ebpunim, ju lutemi na kontaktoni p\u00ebrmes faqes s\u00eb kontaktit. <\/p>\n<\/div><\/div>\n<\/div>\n<\/div>\n<\/div>\n\n<div class=\"et_pb_section_2 et_pb_section et_section_regular et_flex_section\">\n<div class=\"et_pb_row_2 et_pb_row et_flex_row et_clickable\">\n<div class=\"et_pb_column_2 et_pb_column et_grid_column et_pb_css_mix_blend_mode_passthrough et_flex_column_8_24 et_flex_column_2_5_tablet et_flex_column_24_24_phone\">\n<div class=\"et_pb_image_0 et_pb_image et_animated et_pb_module et_flex_module\"><span class=\"et_pb_image_wrap\"><img loading=\"lazy\" decoding=\"async\" src=\"https:\/\/salus-mk.com\/wp-content\/uploads\/2025\/10\/Salus-Seit-1916-Logo-White-150x150.webp\" width=\"150\" height=\"150\" srcset=\"https:\/\/salus-mk.com\/wp-content\/uploads\/2025\/10\/Salus-Seit-1916-Logo-White-150x150.webp 150w\" class=\"wp-image-15\" \/><\/span><\/div>\n<\/div>\n\n<div class=\"et_pb_column_3 et_pb_column et-last-child et_flex_column et_pb_css_mix_blend_mode_passthrough et_flex_column_16_24 et_flex_column_3_5_tablet et_flex_column_24_24_phone\">\n<div class=\"et_pb_heading_1 et_pb_heading et_animated et_pb_module et_flex_module\"><div class=\"et_pb_heading_container\"><h1 class=\"et_pb_module_header\">Shikoni produktet Salus <\/h1><\/div><\/div>\n<\/div>\n<\/div>\n<\/div>\n\n\n\n<div class=\"et_pb_section_4 et_pb_section et_section_regular et_flex_section\">\n<div class=\"et_pb_row_4 et_pb_row et_flex_row\">\n<div class=\"et_pb_column_7 et_pb_column et-last-child et_flex_column et_pb_css_mix_blend_mode_passthrough et_flex_column_24_24 et_flex_column_24_24_tablet et_flex_column_24_24_phone\">\n<div class=\"et_pb_heading_2 et_pb_heading et_pb_module et_flex_module\"><div class=\"et_pb_heading_container\"><h1 class=\"et_pb_module_header\">Abonohuni p\u00ebr lajme dhe informacione nga bota e Salus<\/h1><\/div><\/div>\n\n<div class=\"et_pb_divider_1 et_pb_divider et_pb_space et_pb_divider_position_top et_pb_module\"><div class=\"et_pb_divider_internal\"><\/div><\/div>\n\n<div class=\"et_pb_signup_0 et_pb_signup et_pb_newsletter et_pb_subscribe et_pb_recaptcha_enabled et_pb_no_bg et_pb_newsletter_description_no_title et_pb_newsletter_description_no_content et_animated et_pb_module et_flex_module preset--module--divi-signup--f5dd8511-592b-43f8-b02a-fca5b467e34a\"><div class=\"et_pb_newsletter_description et_multi_view_hidden\"><\/div><div class=\"et_pb_newsletter_form\"><form method=\"post\" class=\"\"><div class=\"et_pb_newsletter_result et_pb_newsletter_error\"><\/div><div class=\"et_pb_newsletter_result et_pb_newsletter_success\"><h2>Faleminderit p\u00ebr interesin!<\/h2><\/div><div class=\"et_pb_newsletter_fields et_flex_module\"><p class=\"et_pb_newsletter_field et_pb_contact_field_last et_pb_contact_field_last_tablet et_pb_contact_field_last_phone\"><label class=\"et_pb_contact_form_label\" for=\"et_pb_signup_email\" style=\"display: none;\">Email<\/label><input class=\"input\" id=\"et_pb_signup_email\" type=\"text\" placeholder=\"Email\" name=\"et_pb_signup_email\" \/><\/p><p class=\"et_pb_newsletter_button_wrap\"><a class=\"et_pb_button et_pb_newsletter_button\" href=\"#\"><span class=\"et_subscribe_loader\"><\/span><span class=\"et_pb_newsletter_button_text\">Abonohu<\/span><\/a><\/p><\/div><input type=\"hidden\" name=\"et_pb_signup_provider\" value=\"mailchimp\" \/><input type=\"hidden\" name=\"et_pb_signup_list_id\" value=\"1acabecef6\" \/><input type=\"hidden\" name=\"et_pb_signup_account_name\" value=\"newsletter@salus-mkcom\" \/><input type=\"hidden\" name=\"et_pb_signup_ip_address\" value=\"true\" \/><input type=\"hidden\" name=\"et_pb_signup_checksum\" value=\"f60c32cc65a648abeceae2cddedd8d2a\" \/><\/form><\/div><\/div>\n<\/div>\n<\/div>\n<\/div>\n\n<div class=\"et_pb_section_5 et_pb_section et_section_regular et_flex_section\">\n<div class=\"et_pb_row_5 et_pb_row et_flex_row\">\n<div class=\"et_pb_column_8 et_pb_column et-last-child et_flex_column et_pb_css_mix_blend_mode_passthrough et_flex_column_24_24 et_flex_column_24_24_tablet et_flex_column_24_24_phone\">\n<div class=\"et_pb_heading_3 et_pb_heading et_animated et_pb_module et_flex_module\"><div class=\"et_pb_heading_container\"><h1 class=\"et_pb_module_header\">Markat dhe kompanit\u00eb brenda Grupit Salus<\/h1><\/div><\/div>\n\n<div class=\"et_pb_divider_2 et_pb_divider et_pb_space et_pb_divider_position_top et_pb_module\"><div class=\"et_pb_divider_internal\"><\/div><\/div>\n<\/div>\n<\/div>\n\n<div class=\"et_pb_row_6 et_pb_row et_block_row et_animated\">\n<div class=\"et_pb_column_9 et_pb_column et_pb_column_4_4 et-last-child et_flex_column et_pb_css_mix_blend_mode_passthrough\">\n<div class=\"et_pb_group_carousel_0 et_pb_group_carousel et_pb_group et_pb_module et_pb_group_carousel_dots_center et_pb_group_carousel_dots_below et_pb_group_carousel_slides_3\"><div class=\"et_pb_group_carousel_container\"><div class=\"et_pb_group_carousel_track\"><div class=\"et_pb_group_carousel_slide\"><div class=\"et_pb_group_0 et_pb_group et_pb_module et_flex_group et_pb_css_mix_blend_mode_passthrough\">\n<div class=\"et_pb_image_1 et_pb_image et_pb_module et_flex_module\"><a href=\"https:\/\/www.salus-haus.com\/\"><span class=\"et_pb_image_wrap\"><img loading=\"lazy\" decoding=\"async\" src=\"https:\/\/salus-mk.com\/wp-content\/uploads\/2025\/11\/carousel-logo-salus.png\" width=\"250\" height=\"100\" srcset=\"https:\/\/salus-mk.com\/wp-content\/uploads\/2025\/11\/carousel-logo-salus.png 250w\" sizes=\"(max-width: 250px) 100vw, 250px\" class=\"wp-image-381\" \/><\/span><\/a><\/div>\n<\/div><\/div><div class=\"et_pb_group_carousel_slide\"><div class=\"et_pb_group_1 et_pb_group et_pb_module et_flex_group et_pb_css_mix_blend_mode_passthrough\">\n<div class=\"et_pb_image_2 et_pb_image et_pb_module et_flex_module\"><a href=\"https:\/\/herbaria.com\/\"><span class=\"et_pb_image_wrap\"><img loading=\"lazy\" decoding=\"async\" src=\"https:\/\/salus-mk.com\/wp-content\/uploads\/2025\/11\/carousel-logo-herbaria.png\" width=\"250\" height=\"100\" srcset=\"https:\/\/salus-mk.com\/wp-content\/uploads\/2025\/11\/carousel-logo-herbaria.png 250w\" sizes=\"(max-width: 250px) 100vw, 250px\" class=\"wp-image-380\" \/><\/span><\/a><\/div>\n<\/div><\/div><div class=\"et_pb_group_carousel_slide\"><div class=\"et_pb_group_2 et_pb_group et-last-child et_pb_module et_flex_group et_pb_css_mix_blend_mode_passthrough\">\n<div class=\"et_pb_image_3 et_pb_image et_pb_module et_flex_module\"><a href=\"https:\/\/www.schoenenberger.com\/\"><span class=\"et_pb_image_wrap\"><img loading=\"lazy\" decoding=\"async\" src=\"https:\/\/salus-mk.com\/wp-content\/uploads\/2025\/11\/carousel-logo-schoenenberger.png\" width=\"250\" height=\"100\" srcset=\"https:\/\/salus-mk.com\/wp-content\/uploads\/2025\/11\/carousel-logo-schoenenberger.png 250w\" sizes=\"(max-width: 250px) 100vw, 250px\" class=\"wp-image-379\" \/><\/span><\/a><\/div>\n<\/div><\/div><\/div><\/div><div class=\"et_pb_group_carousel_dots\"><\/div><\/div>\n<\/div>\n<\/div>\n<\/div>","protected":false},"excerpt":{"rendered":"","protected":false},"author":1,"featured_media":0,"parent":0,"menu_order":0,"comment_status":"closed","ping_status":"closed","template":"","meta":{"footnotes":""},"class_list":["post-1521","page","type-page","status-publish","hentry"],"_links":{"self":[{"href":"https:\/\/salus-mk.com\/sq\/wp-json\/wp\/v2\/pages\/1521","targetHints":{"allow":["GET"]}}],"collection":[{"href":"https:\/\/salus-mk.com\/sq\/wp-json\/wp\/v2\/pages"}],"about":[{"href":"https:\/\/salus-mk.com\/sq\/wp-json\/wp\/v2\/types\/page"}],"author":[{"embeddable":true,"href":"https:\/\/salus-mk.com\/sq\/wp-json\/wp\/v2\/users\/1"}],"replies":[{"embeddable":true,"href":"https:\/\/salus-mk.com\/sq\/wp-json\/wp\/v2\/comments?post=1521"}],"version-history":[{"count":2,"href":"https:\/\/salus-mk.com\/sq\/wp-json\/wp\/v2\/pages\/1521\/revisions"}],"predecessor-version":[{"id":1523,"href":"https:\/\/salus-mk.com\/sq\/wp-json\/wp\/v2\/pages\/1521\/revisions\/1523"}],"wp:attachment":[{"href":"https:\/\/salus-mk.com\/sq\/wp-json\/wp\/v2\/media?parent=1521"}],"curies":[{"name":"wp","href":"https:\/\/api.w.org\/{rel}","templated":true}]}}