{"id":1480,"date":"2025-11-20T02:29:29","date_gmt":"2025-11-20T01:29:29","guid":{"rendered":"https:\/\/salus-mk.com\/politika-e-cookie-ve\/"},"modified":"2026-03-12T12:22:33","modified_gmt":"2026-03-12T11:22:33","slug":"politika-e-cookie-ve","status":"publish","type":"page","link":"https:\/\/salus-mk.com\/sq\/politika-e-cookie-ve\/","title":{"rendered":"Politika e cookie-ve"},"content":{"rendered":"<div class=\"et_pb_section_0 et_pb_section et_section_regular et_flex_section\"><div class=\"et_pb_row_0 et_pb_row et_flex_row\"><div class=\"et_pb_column_0 et_pb_column et-last-child et_flex_column et_pb_css_mix_blend_mode_passthrough et_flex_column_24_24 et_flex_column_24_24_tablet et_flex_column_24_24_phone\"><div class=\"et_pb_text_0 et_pb_text et_pb_bg_layout_light et_pb_module et_flex_module\"><div class=\"et_pb_text_inner\"><p><!-- wp:heading {\"level\":1} --><\/p>\n<h1 class=\"wp-block-heading\">Politika e cookie-ve<\/h1>\n<p><!-- \/wp:heading --><\/p>\n<p><!-- wp:paragraph --><\/p>\n<p>Data e modifikimit t\u00eb fundit: 1 janar 2026<\/p>\n<p><!-- \/wp:paragraph --><\/p>\n<p><!-- wp:heading --><\/p>\n<h2 class=\"wp-block-heading\">\u00c7far\u00eb jan\u00eb kukit\u00eb?<\/h2>\n<p><!-- \/wp:heading --><\/p>\n<p><!-- wp:paragraph --><\/p>\n<p>Kjo Politik\u00eb p\u00ebr Cookie-t shpjegon se \u00e7far\u00eb jan\u00eb cookies, si i p\u00ebrdorim ato, \u00e7far\u00eb llojesh cookies p\u00ebrdorim (dometh\u00ebn\u00eb, informacioni q\u00eb mbledhim p\u00ebrmes cookies dhe si p\u00ebrdoret ky informacion) dhe si t\u00eb menaxhoni cil\u00ebsimet e cookies.<\/p>\n<p><!-- \/wp:paragraph --><\/p>\n<p><!-- wp:paragraph --><\/p>\n<p>Kukit\u00eb jan\u00eb skedar\u00eb t\u00eb vegj\u00ebl teksti q\u00eb p\u00ebrdoren p\u00ebr t\u00eb ruajtur pjes\u00eb t\u00eb vogla informacioni. Ato ruhen n\u00eb pajisjen tuaj kur nj\u00eb faqe interneti ngarkohet n\u00eb shfletuesin tuaj. K\u00ebto kuki ndihmojn\u00eb n\u00eb sigurimin e funksionimit t\u00eb duhur t\u00eb faqes s\u00eb internetit, p\u00ebrmir\u00ebsimin e siguris\u00eb, ofrimin e nj\u00eb p\u00ebrvoje m\u00eb t\u00eb mir\u00eb p\u00ebr p\u00ebrdoruesin dhe analizimin e performanc\u00ebs p\u00ebr t\u00eb identifikuar se \u00e7far\u00eb funksionon dhe ku nevojiten p\u00ebrmir\u00ebsime.  <\/p>\n<p><!-- \/wp:paragraph --><\/p>\n<p><!-- wp:heading --><\/p>\n<h2 class=\"wp-block-heading\">Si i p\u00ebrdorim cookies?<\/h2>\n<p><!-- \/wp:heading --><\/p>\n<p><!-- wp:paragraph --><\/p>\n<p>Ashtu si shumica e sh\u00ebrbimeve online, faqja jon\u00eb e internetit p\u00ebrdor si cookie t\u00eb pal\u00ebs s\u00eb par\u00eb ashtu edhe t\u00eb pal\u00ebs s\u00eb tret\u00eb p\u00ebr q\u00ebllime t\u00eb ndryshme. Cookie t\u00eb pal\u00ebs s\u00eb par\u00eb jan\u00eb kryesisht t\u00eb nevojshme q\u00eb faqja e internetit t\u00eb funksionoj\u00eb si\u00e7 duhet dhe nuk mbledhin t\u00eb dh\u00ebna q\u00eb mund t'ju identifikojn\u00eb personalisht. <\/p>\n<p><!-- \/wp:paragraph --><\/p>\n<p><!-- wp:paragraph --><\/p>\n<p>Kukit\u00eb e pal\u00ebve t\u00eb treta q\u00eb p\u00ebrdorim n\u00eb faqen ton\u00eb t\u00eb internetit na ndihmojn\u00eb kryesisht t\u00eb kuptojm\u00eb se si funksionon faqja e internetit, t\u00eb gjurmojm\u00eb se si bashk\u00ebveproni me t\u00eb, t\u00eb mbajm\u00eb sh\u00ebrbimet tona t\u00eb sigurta, t\u00eb shfaqim reklama relevante dhe t\u00eb p\u00ebrmir\u00ebsojm\u00eb p\u00ebrvoj\u00ebn tuaj t\u00eb p\u00ebrgjithshme si p\u00ebrdorues, nd\u00ebrkoh\u00eb q\u00eb p\u00ebrshpejtojn\u00eb nd\u00ebrveprimet tuaja t\u00eb ardhshme me faqen ton\u00eb t\u00eb internetit.<\/p>\n<p><!-- \/wp:paragraph --><\/p>\n<p><!-- wp:heading --><\/p>\n<h2 class=\"wp-block-heading\">Llojet e cookie-ve q\u00eb p\u00ebrdorim<\/h2>\n<p><!-- \/wp:heading --><\/p>\n<p><!-- wp:heading {\"level\":3} --><\/p>\n<h3 class=\"wp-block-heading\">E nevojshme<\/h3>\n<p><!-- \/wp:heading --><\/p>\n<p><!-- wp:paragraph --><\/p>\n<p>Kukit\u00eb e nevojshme k\u00ebrkohen p\u00ebr t\u00eb aktivizuar funksionet themelore n\u00eb k\u00ebt\u00eb faqe interneti, t\u00eb tilla si ofrimi i hyrjes s\u00eb sigurt ose personalizimi i preferencave tuaja t\u00eb p\u00eblqimit. K\u00ebto kuki nuk ruajn\u00eb asnj\u00eb t\u00eb dh\u00ebn\u00eb q\u00eb mund t'ju identifikoj\u00eb personalisht. <\/p>\n<p><!-- \/wp:paragraph --><\/p>\n<p><!-- wp:table --><\/p>\n<figure class=\"wp-block-table\">\n<table class=\"has-fixed-layout\">\n<thead>\n<tr>\n<th class=\"has-text-align-left\" data-align=\"left\">P\u00ebrshkrimi i<\/th>\n<th class=\"has-text-align-left\" data-align=\"left\">Koh\u00ebzgjatjes s\u00eb<\/th>\n<th class=\"has-text-align-left\" data-align=\"left\">Cookie-t<\/th>\n<\/tr>\n<\/thead>\n<tbody>\n<tr>\n<td class=\"has-text-align-left\" data-align=\"left\">cookieyes-consent<\/td>\n<td class=\"has-text-align-left\" data-align=\"left\">1 vit<\/td>\n<td class=\"has-text-align-left\" data-align=\"left\">CookieYes e vendos k\u00ebt\u00eb cookie p\u00ebr t\u00eb mbajtur mend preferencat e p\u00eblqimit t\u00eb p\u00ebrdoruesve, n\u00eb m\u00ebnyr\u00eb q\u00eb ato t\u00eb respektohen n\u00eb vizitat pasuese n\u00eb k\u00ebt\u00eb faqe interneti. Ai nuk mbledh ose ruan t\u00eb dh\u00ebna personale n\u00eb lidhje me vizitor\u00ebt e faqes.<\/td>\n<\/tr>\n<\/tbody>\n<\/table>\n<\/figure>\n<p><!-- \/wp:table --><\/p>\n<p><!-- wp:heading --><\/p>\n<h2 class=\"wp-block-heading\">Menaxho cil\u00ebsimet e cookie-ve<\/h2>\n<p><!-- \/wp:heading --><\/p>\n<p><!-- wp:paragraph --><\/p>\n<p><strong>Rregullimet e p\u00eblqimit<\/strong><\/p>\n<p><!-- \/wp:paragraph --><\/p>\n<p><!-- wp:paragraph --><\/p>\n<p>Mund t\u2019i ndryshoni cil\u00ebsimet e cookie-ve n\u00eb \u00e7do koh\u00eb duke klikuar butonin \u201cPreferencat e P\u00eblqimit\u201d. Kjo do t\u2019ju \u200b\u200blejoj\u00eb t\u00eb rihapni flamurin e p\u00eblqimit p\u00ebr cookie-t dhe t\u00eb p\u00ebrdit\u00ebsoni preferencat tuaja ose t\u00eb t\u00ebrhiqni menj\u00ebher\u00eb p\u00eblqimin tuaj. <\/p>\n<p><!-- \/wp:paragraph --><\/p>\n<p><!-- wp:paragraph --><\/p>\n<p>P\u00ebr m\u00eb tep\u00ebr, shfletues t\u00eb ndrysh\u00ebm ofrojn\u00eb metoda t\u00eb ndryshme p\u00ebr bllokimin dhe fshirjen e cookie-ve t\u00eb p\u00ebrdorura nga faqet e internetit. Ju mund t\u00eb rregulloni cil\u00ebsimet e shfletuesit tuaj p\u00ebr t\u00eb bllokuar ose fshir\u00eb cookie-t. M\u00eb posht\u00eb jan\u00eb lidhjet p\u00ebr dokumentet mb\u00ebshtet\u00ebse p\u00ebr menaxhimin dhe fshirjen e cookie-ve n\u00eb shfletuesit m\u00eb t\u00eb p\u00ebrdorur t\u00eb internetit:  <\/p>\n<p><!-- \/wp:paragraph --><\/p>\n<p><!-- wp:list {\"ordered\":true} --><\/p>\n<ol class=\"wp-block-list\"><!-- wp:list-item --><\/p>\n<li><strong>Chrome:<\/strong> <a href=\"https:\/\/support.google.com\/accounts\/answer\/32050\" target=\"_blank\" rel=\"noreferrer noopener\">https:\/\/support.google.com\/accounts\/answer\/32050<\/a><\/li>\n<p><!-- \/wp:list-item --><\/p>\n<p><!-- wp:list-item --><\/p>\n<li><strong>Safari:<\/strong> <a href=\"https:\/\/support.apple.com\/en-in\/guide\/safari\/sfri11471\/mac\" target=\"_blank\" rel=\"noreferrer noopener\">https:\/\/support.apple.com\/en-in\/guide\/safari\/sfri11471\/mac<\/a><\/li>\n<p><!-- \/wp:list-item --><\/p>\n<p><!-- wp:list-item --><\/p>\n<li><strong>Firefox:<\/strong> <a href=\"https:\/\/support.mozilla.org\/en-US\/kb\/clear-cookies-and-site-data-firefox?redirectslug=delete-cookies-remove-info-websites-stored&amp;redirectlocale=en-US\" target=\"_blank\" rel=\"noreferrer noopener\">https:\/\/support.mozilla.org\/en-US\/kb\/clear-cookies-and-site-data-firefox?redirectslug=delete-cookies-remove-info-websites-stored&amp;redirectlocale=en-US<\/a><\/li>\n<p><!-- \/wp:list-item --><\/p>\n<p><!-- wp:list-item --><\/p>\n<li><strong>Internet Explorer:<\/strong> <a href=\"https:\/\/support.microsoft.com\/en-us\/topic\/how-to-delete-cookie-files-in-internet-explorer-bca9446f-d873-78de-77ba-d42645fa52fc\" target=\"_blank\" rel=\"noreferrer noopener\">https:\/\/support.microsoft.com\/en-us\/topic\/how-to-delete-cookie-files-in-internet-explorer-bca9446f-d873-78de-77ba-d42645fa52fc<\/a><\/li>\n<p><!-- \/wp:list-item --><\/ol>\n<p><!-- \/wp:list --><\/p>\n<p><!-- wp:paragraph --><\/p>\n<p>N\u00ebse po p\u00ebrdorni nj\u00eb shfletues tjet\u00ebr interneti, ju lutemi konsultohuni me dokumentacionin e tij zyrtar t\u00eb mb\u00ebshtetjes.<\/p>\n<p><!-- \/wp:paragraph --><\/p>\n<\/div><\/div><\/div><\/div><\/div>","protected":false},"excerpt":{"rendered":"","protected":false},"author":1,"featured_media":0,"parent":0,"menu_order":0,"comment_status":"closed","ping_status":"closed","template":"","meta":{"footnotes":""},"class_list":["post-1480","page","type-page","status-publish","hentry"],"_links":{"self":[{"href":"https:\/\/salus-mk.com\/sq\/wp-json\/wp\/v2\/pages\/1480","targetHints":{"allow":["GET"]}}],"collection":[{"href":"https:\/\/salus-mk.com\/sq\/wp-json\/wp\/v2\/pages"}],"about":[{"href":"https:\/\/salus-mk.com\/sq\/wp-json\/wp\/v2\/types\/page"}],"author":[{"embeddable":true,"href":"https:\/\/salus-mk.com\/sq\/wp-json\/wp\/v2\/users\/1"}],"replies":[{"embeddable":true,"href":"https:\/\/salus-mk.com\/sq\/wp-json\/wp\/v2\/comments?post=1480"}],"version-history":[{"count":4,"href":"https:\/\/salus-mk.com\/sq\/wp-json\/wp\/v2\/pages\/1480\/revisions"}],"predecessor-version":[{"id":1649,"href":"https:\/\/salus-mk.com\/sq\/wp-json\/wp\/v2\/pages\/1480\/revisions\/1649"}],"wp:attachment":[{"href":"https:\/\/salus-mk.com\/sq\/wp-json\/wp\/v2\/media?parent=1480"}],"curies":[{"name":"wp","href":"https:\/\/api.w.org\/{rel}","templated":true}]}}