{"id":1471,"date":"2026-01-30T14:29:36","date_gmt":"2026-01-30T13:29:36","guid":{"rendered":"https:\/\/salus-mk.com\/angjinare\/"},"modified":"2026-03-12T12:36:27","modified_gmt":"2026-03-12T11:36:27","slug":"angjinare","status":"publish","type":"page","link":"https:\/\/salus-mk.com\/sq\/angjinare\/","title":{"rendered":"Angjinare"},"content":{"rendered":"<div class=\"et_pb_section_0 et_pb_section et_section_regular et_flex_section\">\n<div class=\"et_pb_row_0 et_pb_row et_flex_row\">\n<div class=\"et_pb_column_0 et_pb_column et_flex_column et_pb_css_mix_blend_mode_passthrough et_flex_column_2_5 et_flex_column_2_5_tablet et_flex_column_24_24_phone\">\n<div class=\"et_pb_image_0 et_pb_image et_animated et_pb_module et_flex_module\"><a href=\"https:\/\/salus-mk.com\/wp-content\/uploads\/2026\/01\/articoka_new_-clean.webp\" class=\"et_pb_lightbox_image\"><span class=\"et_pb_image_wrap\"><img loading=\"lazy\" decoding=\"async\" src=\"https:\/\/salus-mk.com\/wp-content\/uploads\/2026\/01\/articoka_new_-clean.webp\" title=\"ARTICOKA_NEW_ CLEAN\" width=\"1200\" height=\"1200\" srcset=\"https:\/\/salus-mk.com\/wp-content\/uploads\/2026\/01\/articoka_new_-clean.webp 1200w, https:\/\/salus-mk.com\/wp-content\/uploads\/2026\/01\/articoka_new_-clean-980x980.webp 980w, https:\/\/salus-mk.com\/wp-content\/uploads\/2026\/01\/articoka_new_-clean-480x480.webp 480w\" sizes=\"(min-width: 0px) and (max-width: 480px) 480px, (min-width: 481px) and (max-width: 980px) 980px, (min-width: 981px) 1200px, 100vw\" class=\"wp-image-1268\" \/><\/span><\/a><\/div>\n<\/div>\n\n<div class=\"et_pb_column_1 et_pb_column et-last-child et_flex_column et_pb_css_mix_blend_mode_passthrough et_flex_column_3_5 et_flex_column_3_5_tablet et_flex_column_24_24_phone\">\n<div class=\"et_pb_post_title_0 et_pb_post_title et_pb_bg_layout_light et_animated et_pb_module et_flex_module\"><div class=\"et_pb_title_container\"><h1 class=\"entry-title\">Angjinare<\/h1><\/div><\/div>\n\n<div class=\"et_pb_divider_0 et_pb_divider et_pb_space et_pb_divider_position_top et_animated et_pb_module\"><div class=\"et_pb_divider_internal\"><\/div><\/div>\n\n<div class=\"et_pb_heading_0 et_pb_heading et_animated et_pb_module et_flex_module\"><div class=\"et_pb_heading_container\"><h1 class=\"et_pb_module_header\">L\u00ebng bimor 250 ml<\/h1><\/div><\/div>\n\n<div class=\"et_pb_heading_1 et_pb_heading et_animated et_pb_module et_flex_module\"><div class=\"et_pb_heading_container\"><h1 class=\"et_pb_module_header\">Shtes\u00eb ushqimore<\/h1><\/div><\/div>\n\n<div class=\"et_pb_row_1 et_pb_row et_pb_row_nested et_flex_row et_animated\">\n<div class=\"et_pb_column_2 et_pb_column et_flex_column et_pb_css_mix_blend_mode_passthrough et_flex_column_8_24 et_flex_column_12_24_tablet et_flex_column_12_24_phone\">\n<div class=\"et_pb_blurb_0 et_pb_blurb et_pb_bg_layout_light et_pb_blurb_position_left et_pb_module et_flex_module et_flex_column_24_24 et_flex_column_24_24_tablet et_flex_column_24_24_phone\"><div class=\"et_pb_blurb_content et_flex_module\"><div class=\"et_pb_main_blurb_image\"><span class=\"et_pb_image_wrap\"><span class=\"et-pb-icon\">\uf058<\/span><\/span><\/div><div class=\"et_pb_blurb_container\"><h4 class=\"et_pb_module_header\">Vegjetarian  <\/h4><\/div><\/div><\/div>\n<\/div>\n\n<div class=\"et_pb_column_3 et_pb_column et_flex_column et_pb_css_mix_blend_mode_passthrough et_flex_column_8_24 et_flex_column_12_24_tablet et_flex_column_12_24_phone\">\n<div class=\"et_pb_blurb_1 et_pb_blurb et_pb_bg_layout_light et_pb_blurb_position_left et_pb_module et_flex_module et_flex_column_24_24 et_flex_column_24_24_tablet et_flex_column_24_24_phone\"><div class=\"et_pb_blurb_content et_flex_module\"><div class=\"et_pb_main_blurb_image\"><span class=\"et_pb_image_wrap\"><span class=\"et-pb-icon\">\uf058<\/span><\/span><\/div><div class=\"et_pb_blurb_container\"><h4 class=\"et_pb_module_header\">Pa laktoz\u00eb<\/h4><\/div><\/div><\/div>\n<\/div>\n\n<div class=\"et_pb_column_4 et_pb_column et_flex_column et_pb_css_mix_blend_mode_passthrough et_flex_column_8_24 et_flex_column_12_24_tablet et_flex_column_12_24_phone\">\n<div class=\"et_pb_blurb_2 et_pb_blurb et_pb_bg_layout_light et_pb_blurb_position_left et_pb_module et_flex_module et_flex_column_24_24 et_flex_column_24_24_tablet et_flex_column_24_24_phone\"><div class=\"et_pb_blurb_content et_flex_module\"><div class=\"et_pb_main_blurb_image\"><span class=\"et_pb_image_wrap\"><span class=\"et-pb-icon\">\uf058<\/span><\/span><\/div><div class=\"et_pb_blurb_container\"><h4 class=\"et_pb_module_header\">Pa konservues<\/h4><\/div><\/div><\/div>\n<\/div>\n\n<div class=\"et_pb_column_5 et_pb_column et_flex_column et_pb_css_mix_blend_mode_passthrough et_flex_column_8_24 et_flex_column_12_24_tablet et_flex_column_12_24_phone\">\n<div class=\"et_pb_blurb_3 et_pb_blurb et_pb_bg_layout_light et_pb_blurb_position_left et_pb_module et_flex_module et_flex_column_24_24 et_flex_column_24_24_tablet et_flex_column_24_24_phone\"><div class=\"et_pb_blurb_content et_flex_module\"><div class=\"et_pb_main_blurb_image\"><span class=\"et_pb_image_wrap\"><span class=\"et-pb-icon\">\uf058<\/span><\/span><\/div><div class=\"et_pb_blurb_container\"><h4 class=\"et_pb_module_header\">Pa ngjyra<\/h4><\/div><\/div><\/div>\n<\/div>\n\n<div class=\"et_pb_column_6 et_pb_column et_flex_column et_pb_css_mix_blend_mode_passthrough et_flex_column_8_24 et_flex_column_12_24_tablet et_flex_column_12_24_phone\">\n<div class=\"et_pb_blurb_4 et_pb_blurb et_pb_bg_layout_light et_pb_blurb_position_left et_pb_module et_flex_module et_flex_column_24_24 et_flex_column_24_24_tablet et_flex_column_24_24_phone\"><div class=\"et_pb_blurb_content et_flex_module\"><div class=\"et_pb_main_blurb_image\"><span class=\"et_pb_image_wrap\"><span class=\"et-pb-icon\">\uf058<\/span><\/span><\/div><div class=\"et_pb_blurb_container\"><h4 class=\"et_pb_module_header\">Pa alkool<\/h4><\/div><\/div><\/div>\n<\/div>\n\n<div class=\"et_pb_column_7 et_pb_column et_flex_column et_pb_css_mix_blend_mode_passthrough et_flex_column_8_24 et_flex_column_12_24_tablet et_flex_column_12_24_phone\">\n<div class=\"et_pb_blurb_5 et_pb_blurb et_pb_bg_layout_light et_pb_blurb_position_left et_pb_module et_flex_module et_flex_column_24_24 et_flex_column_24_24_tablet et_flex_column_24_24_phone\"><div class=\"et_pb_blurb_content et_flex_module\"><div class=\"et_pb_main_blurb_image\"><span class=\"et_pb_image_wrap\"><span class=\"et-pb-icon\">\uf058<\/span><\/span><\/div><div class=\"et_pb_blurb_container\"><h4 class=\"et_pb_module_header\">Pa gluten<\/h4><\/div><\/div><\/div>\n<\/div>\n\n<div class=\"et_pb_column_8 et_pb_column et-last-child et_flex_column et_pb_css_mix_blend_mode_passthrough et_flex_column_8_24 et_flex_column_12_24_tablet et_flex_column_12_24_phone\">\n<div class=\"et_pb_blurb_6 et_pb_blurb et_pb_bg_layout_light et_pb_blurb_position_left et_pb_module et_flex_module et_flex_column_24_24 et_flex_column_24_24_tablet et_flex_column_24_24_phone\"><div class=\"et_pb_blurb_content et_flex_module\"><div class=\"et_pb_main_blurb_image\"><span class=\"et_pb_image_wrap\"><span class=\"et-pb-icon\">\uf058<\/span><\/span><\/div><div class=\"et_pb_blurb_container\"><h4 class=\"et_pb_module_header\">Pa sheqer t\u00eb shtuar<\/h4><\/div><\/div><\/div>\n<\/div>\n<\/div>\n\n<div class=\"et_pb_row_2 et_pb_row et_pb_row_nested et_flex_row et_flex_column_8_24 et_flex_column_8_24_tablet et_flex_column_8_24_phone\">\n<div class=\"et_pb_column_9 et_pb_column et_flex_column et_pb_css_mix_blend_mode_passthrough et_flex_column_8_24 et_flex_column_24_24_tablet et_flex_column_24_24_phone\">\n<div class=\"et_pb_module et_pb_button_module_wrapper et_pb_button_0_wrapper\"><button class=\"et_pb_button_0 et_pb_button et_pb_bg_layout_light et_animated et_pb_module et_flex_module\" type=\"button\" data-icon=\"\uf07a\" data-interaction-trigger=\"g1z9xv5wbu\">Bli online<\/button><\/div>\n\n<div class=\"et_pb_text_0 et_pb_text et_pb_bg_layout_light et-interaction-target-1jp2laltk3 et_pb_module et_flex_module\" data-interaction-target=\"1jp2laltk3\"><div class=\"et_pb_text_inner\"><p>* Do t\u00eb ridrejtoheni n\u00eb internet<br \/>dyqani Saludera.com<\/p>\n<\/div><\/div>\n<\/div>\n\n<div class=\"et_pb_column_10 et_pb_column et_flex_column et_pb_css_mix_blend_mode_passthrough et_flex_column_8_24 et_flex_column_24_24_tablet et_flex_column_24_24_phone\">\n<div class=\"et_pb_text_1 et_pb_text et_pb_bg_layout_light et_animated et_pb_module et_flex_module\"><div class=\"et_pb_text_inner\"><p>Ose porositni direkt n\u00eb:<\/p>\n<\/div><\/div>\n<\/div>\n\n<div class=\"et_pb_column_11 et_pb_column et-last-child et_flex_column et_pb_css_mix_blend_mode_passthrough et_flex_column_8_24 et_flex_column_24_24_tablet et_flex_column_24_24_phone\">\n<div class=\"et_pb_module et_pb_button_module_wrapper et_pb_button_1_wrapper\"><a class=\"et_pb_button_1 et_pb_button et_pb_bg_layout_light et_animated et_pb_module et_flex_module\" href=\"tel:%20+389%2075%20878787\" data-icon=\"\uf879\">+389 75 878787<\/a><\/div>\n<\/div>\n<\/div>\n<\/div>\n<\/div>\n\n<div class=\"et_pb_row_3 et_pb_row et_flex_row et_animated\">\n<div class=\"et_pb_column_12 et_pb_column et-last-child et_flex_column et_pb_css_mix_blend_mode_passthrough et_flex_column_24_24 et_flex_column_24_24_tablet et_flex_column_24_24_phone\">\n<div class=\"et_pb_tabs_0 et_pb_tabs et_pb_module\"><ul class=\"et_pb_tabs_controls clearfix\"><li class=\"et_pb_tab_nav_item_0 et_pb_tab_nav_item et_pb_tab_0 et_pb_tab_active\"><a class=\"et_pb_tab_nav_item_link\" href=\"#\">P\u00ebrshkrimi<\/a><\/li><li class=\"et_pb_tab_nav_item_1 et_pb_tab_nav_item et_pb_tab_1\"><a class=\"et_pb_tab_nav_item_link\" href=\"#\">Dozimi dhe m\u00ebnyra e p\u00ebrdorimit<\/a><\/li><li class=\"et_pb_tab_nav_item_2 et_pb_tab_nav_item et_pb_tab_2\"><a class=\"et_pb_tab_nav_item_link\" href=\"#\">E r\u00ebnd\u00ebsishme<\/a><\/li><li class=\"et_pb_tab_nav_item_3 et_pb_tab_nav_item et_pb_tab_3\"><a class=\"et_pb_tab_nav_item_link\" href=\"#\">P\u00ebrb\u00ebr\u00ebsit<\/a><\/li><\/ul><div class=\"et_pb_all_tabs\">\n<div class=\"et_pb_tab_0 et_pb_tab clearfix et_pb_active_content et_pb_module et_flex_module\"><div class=\"et_pb_tab_content et_flex_module\"><p>L\u00ebngu i angjinares Salus prodhohet nga sythat e luleve t\u00eb fresk\u00ebta t\u00eb angjinares. L\u00ebngjet natyrale t\u00eb bim\u00ebve Salus kan\u00eb z\u00ebn\u00eb vendin e tyre n\u00eb tregun bot\u00ebror p\u00ebr 85 vjet. Ajo q\u00eb i dallon ato \u00ebsht\u00eb se p\u00ebrmbajn\u00eb t\u00eb gjith\u00eb spektrin e substancave q\u00eb gjenden n\u00eb bim\u00ebt e fresk\u00ebta.  <\/p>\n<p>Bim\u00ebt - l\u00ebnd\u00ebt e para p\u00ebr l\u00ebngjet bimore Salus vijn\u00eb nga prodhimi yn\u00eb organik ose nga mbledhja e kontrolluar nga natyra. Me mbi 30 lloje l\u00ebngjesh bimore, programi Salus p\u00ebrmban nj\u00eb ofert\u00eb t\u00eb pasur l\u00ebngjesh natyrale, gjat\u00eb gjith\u00eb vitit. <\/p>\n<\/div><\/div>\n\n<div class=\"et_pb_tab_1 et_pb_tab clearfix et_pb_module et_flex_module\"><div class=\"et_pb_tab_content et_flex_module\"><p>Shishja t\u00eb tundet mir\u00eb para \u00e7do p\u00ebrdorimi. T\u00eb mos pihet drejt prej shish\u00ebs. T\u00eb p\u00ebrdoret kapaku mat\u00ebs. Merret para vakteve.<br \/><strong><br \/><\/strong><strong>T\u00eb rriturit dhe f\u00ebmij\u00ebt 12 vje\u00e7 e lart:<\/strong> 10 ml 2 deri n\u00eb 3 her\u00eb n\u00eb dit\u00eb para ngr\u00ebnies.<strong><br \/><\/strong><\/p>\n<ul>\n<li>Merret i past\u00ebr ose i holluar me uj\u00eb ose l\u00ebng.<\/li>\n<li>Mos e tejkaloni doz\u00ebn e rekomanduar ditore.<\/li>\n<li>Shtesat ushqimore nuk z\u00ebvend\u00ebsojn\u00eb nj\u00eb diet\u00eb t\u00eb shum\u00ebllojshme dhe t\u00eb balancuar.<\/li>\n<li>Gjithmon\u00eb mb\u00ebshtesni dhe praktikoni nj\u00eb m\u00ebnyr\u00eb jetese t\u00eb sh\u00ebndetshme.<\/li>\n<\/ul>\n<\/div><\/div>\n\n<div class=\"et_pb_tab_2 et_pb_tab clearfix et_pb_module et_flex_module\"><div class=\"et_pb_tab_content et_flex_module\"><ul>\n<li>Ky produkt nuk p\u00ebrmban as alkool as konzervues kimik\u00eb.<\/li>\n<li>P\u00ebr t\u00eb parandaluar fermentimin e p\u00ebrmbajtjes, shishja duhet t\u00eb mbyllet menj\u00ebher\u00eb pas \u00e7do p\u00ebrdorimi.<\/li>\n<li>Ruajeni n\u00eb frigorifer drejt.<\/li>\n<li>P\u00ebrdoreni brenda 2 jav\u00ebsh pas hapjes.<\/li>\n<li>Mbajeni larg f\u00ebmij\u00ebve t\u00eb vegj\u00ebl.<\/li>\n<li>Ruajeni shishen e pahapur n\u00eb nj\u00eb vend t\u00eb fresk\u00ebt dhe t\u00eb that\u00eb (5\u201325 \u00b0C).<\/li>\n<\/ul>\n<\/div><\/div>\n\n<div class=\"et_pb_tab_3 et_pb_tab clearfix et_pb_module et_flex_module\"><div class=\"et_pb_tab_content et_flex_module\"><p>L\u00ebng perimesh i past\u00ebr natyral i angjinares i b\u00ebr\u00eb nga sythat e luleve t\u00eb fresk\u00ebta t\u00eb angjinares (Cynara scolymus), 100% i rritur organikisht. <\/p>\n<table style=\"width: 100%; float: left; text-align: left;\">\n<tbody>\n<tr class=\"table-head\">\n<th style=\"padding: 10px; border: 1px solid #cccccc;\">Zakonisht<\/th>\n<th style=\"padding: 10px; text-align: center; border: 1px solid #cccccc;\">n\u00eb 100 ml<\/th>\n<\/tr>\n<tr>\n<td style=\"padding: 10px; border: 1px solid #cccccc;\">Energji<\/td>\n<td style=\"padding: 10px; text-align: center; border: 1px solid #cccccc;\">157 kJ \/37 kcal<\/td>\n<\/tr>\n<tr>\n<td style=\"padding: 10px; border: 1px solid #cccccc;\">Yndyra<br \/> nga t\u00eb cilat t\u00eb ngopura<\/td>\n<td style=\"padding: 10px; text-align: center; border: 1px solid #cccccc;\">&lt;0.5g<br \/>&lt; 0.1g<\/td>\n<\/tr>\n<tr>\n<td style=\"padding: 10px; border: 1px solid #cccccc;\">Karbohidratet<br \/> nga t\u00eb cilat t\u00eb ngopura<\/td>\n<td style=\"padding: 10px; text-align: center; border: 1px solid #cccccc;\">7.9g<br \/> 4.5g<\/td>\n<\/tr>\n<tr>\n<td style=\"padding: 10px; border: 1px solid #cccccc;\">Proteinat<\/td>\n<td style=\"padding: 10px; text-align: center; border: 1px solid #cccccc;\">0.9g<\/td>\n<\/tr>\n<tr>\n<td style=\"padding: 10px; border: 1px solid #cccccc;\">Krip\u00eb<\/td>\n<td style=\"padding: 10px; text-align: center; border: 1px solid #cccccc;\">0.02g<\/td>\n<\/tr>\n<\/tbody>\n<\/table>\n<\/div><\/div>\n<\/div><\/div>\n<\/div>\n<\/div>\n<\/div>","protected":false},"excerpt":{"rendered":"","protected":false},"author":1,"featured_media":1470,"parent":0,"menu_order":0,"comment_status":"closed","ping_status":"closed","template":"","meta":{"footnotes":""},"class_list":["post-1471","page","type-page","status-publish","has-post-thumbnail","hentry"],"_links":{"self":[{"href":"https:\/\/salus-mk.com\/sq\/wp-json\/wp\/v2\/pages\/1471","targetHints":{"allow":["GET"]}}],"collection":[{"href":"https:\/\/salus-mk.com\/sq\/wp-json\/wp\/v2\/pages"}],"about":[{"href":"https:\/\/salus-mk.com\/sq\/wp-json\/wp\/v2\/types\/page"}],"author":[{"embeddable":true,"href":"https:\/\/salus-mk.com\/sq\/wp-json\/wp\/v2\/users\/1"}],"replies":[{"embeddable":true,"href":"https:\/\/salus-mk.com\/sq\/wp-json\/wp\/v2\/comments?post=1471"}],"version-history":[{"count":4,"href":"https:\/\/salus-mk.com\/sq\/wp-json\/wp\/v2\/pages\/1471\/revisions"}],"predecessor-version":[{"id":1659,"href":"https:\/\/salus-mk.com\/sq\/wp-json\/wp\/v2\/pages\/1471\/revisions\/1659"}],"wp:featuredmedia":[{"embeddable":true,"href":"https:\/\/salus-mk.com\/sq\/wp-json\/wp\/v2\/media\/1470"}],"wp:attachment":[{"href":"https:\/\/salus-mk.com\/sq\/wp-json\/wp\/v2\/media?parent=1471"}],"curies":[{"name":"wp","href":"https:\/\/api.w.org\/{rel}","templated":true}]}}