{"id":1453,"date":"2026-01-30T12:28:04","date_gmt":"2026-01-30T11:28:04","guid":{"rendered":"https:\/\/salus-mk.com\/hekuri-dhe-acidi-folik-i-floradix\/"},"modified":"2026-03-12T12:39:18","modified_gmt":"2026-03-12T11:39:18","slug":"hekuri-dhe-acidi-folik-i-floradix","status":"publish","type":"page","link":"https:\/\/salus-mk.com\/sq\/hekuri-dhe-acidi-folik-i-floradix\/","title":{"rendered":"Hekuri dhe acidi folik i Floradix\u00ae"},"content":{"rendered":"<div class=\"et_pb_section_0 et_pb_section et_section_regular et_flex_section\">\n<div class=\"et_pb_row_0 et_pb_row et_flex_row\">\n<div class=\"et_pb_column_0 et_pb_column et_flex_column et_pb_css_mix_blend_mode_passthrough et_flex_column_2_5 et_flex_column_2_5_tablet et_flex_column_24_24_phone\">\n<div class=\"et_pb_image_0 et_pb_image et_animated et_pb_module et_flex_module\"><a href=\"https:\/\/salus-mk.com\/wp-content\/uploads\/2026\/01\/floradix_tableti_new_clean.webp\" class=\"et_pb_lightbox_image\"><span class=\"et_pb_image_wrap\"><img loading=\"lazy\" decoding=\"async\" src=\"https:\/\/salus-mk.com\/wp-content\/uploads\/2026\/01\/floradix_tableti_new_clean.webp\" title=\"FLORADIX_TABLETI_NEW_CLEAN\" width=\"1200\" height=\"1200\" srcset=\"https:\/\/salus-mk.com\/wp-content\/uploads\/2026\/01\/floradix_tableti_new_clean.webp 1200w, https:\/\/salus-mk.com\/wp-content\/uploads\/2026\/01\/floradix_tableti_new_clean-980x980.webp 980w, https:\/\/salus-mk.com\/wp-content\/uploads\/2026\/01\/floradix_tableti_new_clean-480x480.webp 480w\" sizes=\"(min-width: 0px) and (max-width: 480px) 480px, (min-width: 481px) and (max-width: 980px) 980px, (min-width: 981px) 1200px, 100vw\" class=\"wp-image-1271\" \/><\/span><\/a><\/div>\n<\/div>\n\n<div class=\"et_pb_column_1 et_pb_column et-last-child et_flex_column et_pb_css_mix_blend_mode_passthrough et_flex_column_3_5 et_flex_column_3_5_tablet et_flex_column_24_24_phone\">\n<div class=\"et_pb_post_title_0 et_pb_post_title et_pb_bg_layout_light et_animated et_pb_module et_flex_module\"><div class=\"et_pb_title_container\"><h1 class=\"entry-title\">Hekuri dhe acidi folik i Floradix\u00ae<\/h1><\/div><\/div>\n\n<div class=\"et_pb_divider_0 et_pb_divider et_pb_space et_pb_divider_position_top et_animated et_pb_module\"><div class=\"et_pb_divider_internal\"><\/div><\/div>\n\n<div class=\"et_pb_heading_0 et_pb_heading et_animated et_pb_module et_flex_module\"><div class=\"et_pb_heading_container\"><h1 class=\"et_pb_module_header\">Tableta<\/h1><\/div><\/div>\n\n<div class=\"et_pb_heading_1 et_pb_heading et_animated et_pb_module et_flex_module\"><div class=\"et_pb_heading_container\"><h1 class=\"et_pb_module_header\">Shtes\u00eb ushqimore<\/h1><\/div><\/div>\n\n<div class=\"et_pb_row_1 et_pb_row et_pb_row_nested et_flex_row et_animated\">\n<div class=\"et_pb_column_2 et_pb_column et_flex_column et_pb_css_mix_blend_mode_passthrough et_flex_column_8_24 et_flex_column_12_24_tablet et_flex_column_12_24_phone\">\n<div class=\"et_pb_blurb_0 et_pb_blurb et_pb_bg_layout_light et_pb_blurb_position_left et_pb_module et_flex_module et_flex_column_24_24 et_flex_column_24_24_tablet et_flex_column_24_24_phone\"><div class=\"et_pb_blurb_content et_flex_module\"><div class=\"et_pb_main_blurb_image\"><span class=\"et_pb_image_wrap\"><span class=\"et-pb-icon\">\uf058<\/span><\/span><\/div><div class=\"et_pb_blurb_container\"><h4 class=\"et_pb_module_header\">Vegjetarian  <\/h4><\/div><\/div><\/div>\n<\/div>\n\n<div class=\"et_pb_column_3 et_pb_column et_flex_column et_pb_css_mix_blend_mode_passthrough et_flex_column_8_24 et_flex_column_12_24_tablet et_flex_column_12_24_phone\">\n<div class=\"et_pb_blurb_1 et_pb_blurb et_pb_bg_layout_light et_pb_blurb_position_left et_pb_module et_flex_module et_flex_column_24_24 et_flex_column_24_24_tablet et_flex_column_24_24_phone\"><div class=\"et_pb_blurb_content et_flex_module\"><div class=\"et_pb_main_blurb_image\"><span class=\"et_pb_image_wrap\"><span class=\"et-pb-icon\">\uf058<\/span><\/span><\/div><div class=\"et_pb_blurb_container\"><h4 class=\"et_pb_module_header\">Pa laktoz\u00eb<\/h4><\/div><\/div><\/div>\n<\/div>\n\n<div class=\"et_pb_column_4 et_pb_column et_flex_column et_pb_css_mix_blend_mode_passthrough et_flex_column_8_24 et_flex_column_12_24_tablet et_flex_column_12_24_phone\">\n<div class=\"et_pb_blurb_2 et_pb_blurb et_pb_bg_layout_light et_pb_blurb_position_left et_pb_module et_flex_module et_flex_column_24_24 et_flex_column_24_24_tablet et_flex_column_24_24_phone\"><div class=\"et_pb_blurb_content et_flex_module\"><div class=\"et_pb_main_blurb_image\"><span class=\"et_pb_image_wrap\"><span class=\"et-pb-icon\">\uf058<\/span><\/span><\/div><div class=\"et_pb_blurb_container\"><h4 class=\"et_pb_module_header\">Pa ngjyra<\/h4><\/div><\/div><\/div>\n<\/div>\n\n<div class=\"et_pb_column_5 et_pb_column et-last-child et_flex_column et_pb_css_mix_blend_mode_passthrough et_flex_column_8_24 et_flex_column_12_24_tablet et_flex_column_12_24_phone\">\n<div class=\"et_pb_blurb_3 et_pb_blurb et_pb_bg_layout_light et_pb_blurb_position_left et_pb_module et_flex_module et_flex_column_24_24 et_flex_column_24_24_tablet et_flex_column_24_24_phone\"><div class=\"et_pb_blurb_content et_flex_module\"><div class=\"et_pb_main_blurb_image\"><span class=\"et_pb_image_wrap\"><span class=\"et-pb-icon\">\uf058<\/span><\/span><\/div><div class=\"et_pb_blurb_container\"><h4 class=\"et_pb_module_header\">Pa gluten<\/h4><\/div><\/div><\/div>\n<\/div>\n<\/div>\n\n<div class=\"et_pb_row_2 et_pb_row et_pb_row_nested et_flex_row et_flex_column_8_24 et_flex_column_8_24_tablet et_flex_column_8_24_phone\">\n<div class=\"et_pb_column_6 et_pb_column et_flex_column et_pb_css_mix_blend_mode_passthrough et_flex_column_8_24 et_flex_column_24_24_tablet et_flex_column_24_24_phone\">\n<div class=\"et_pb_module et_pb_button_module_wrapper et_pb_button_0_wrapper\"><button class=\"et_pb_button_0 et_pb_button et_pb_bg_layout_light et_animated et_pb_module et_flex_module\" type=\"button\" data-icon=\"\uf07a\" data-interaction-trigger=\"g1z9xv5wbu\">Bli online<\/button><\/div>\n\n<div class=\"et_pb_text_0 et_pb_text et_pb_bg_layout_light et-interaction-target-1jp2laltk3 et_pb_module et_flex_module\" data-interaction-target=\"1jp2laltk3\"><div class=\"et_pb_text_inner\"><p>* Do t\u00eb ridrejtoheni n\u00eb internet<br \/>dyqani Saludera.com<\/p>\n<\/div><\/div>\n<\/div>\n\n<div class=\"et_pb_column_7 et_pb_column et_flex_column et_pb_css_mix_blend_mode_passthrough et_flex_column_8_24 et_flex_column_24_24_tablet et_flex_column_24_24_phone\">\n<div class=\"et_pb_text_1 et_pb_text et_pb_bg_layout_light et_animated et_pb_module et_flex_module\"><div class=\"et_pb_text_inner\"><p>Ose porositni direkt n\u00eb:<\/p>\n<\/div><\/div>\n<\/div>\n\n<div class=\"et_pb_column_8 et_pb_column et-last-child et_flex_column et_pb_css_mix_blend_mode_passthrough et_flex_column_8_24 et_flex_column_24_24_tablet et_flex_column_24_24_phone\">\n<div class=\"et_pb_module et_pb_button_module_wrapper et_pb_button_1_wrapper\"><a class=\"et_pb_button_1 et_pb_button et_pb_bg_layout_light et_animated et_pb_module et_flex_module\" href=\"tel:%20+389%2075%20878787\" data-icon=\"\uf879\">+389 75 878787<\/a><\/div>\n<\/div>\n<\/div>\n<\/div>\n<\/div>\n\n<div class=\"et_pb_row_3 et_pb_row et_flex_row et_animated\">\n<div class=\"et_pb_column_9 et_pb_column et-last-child et_flex_column et_pb_css_mix_blend_mode_passthrough et_flex_column_24_24 et_flex_column_24_24_tablet et_flex_column_24_24_phone\">\n<div class=\"et_pb_tabs_0 et_pb_tabs et_pb_module\"><ul class=\"et_pb_tabs_controls clearfix\"><li class=\"et_pb_tab_nav_item_0 et_pb_tab_nav_item et_pb_tab_0 et_pb_tab_active\"><a class=\"et_pb_tab_nav_item_link\" href=\"#\">P\u00ebrshkrimi<\/a><\/li><li class=\"et_pb_tab_nav_item_1 et_pb_tab_nav_item et_pb_tab_1\"><a class=\"et_pb_tab_nav_item_link\" href=\"#\">Dozimi dhe m\u00ebnyra e p\u00ebrdorimit<\/a><\/li><li class=\"et_pb_tab_nav_item_2 et_pb_tab_nav_item et_pb_tab_2\"><a class=\"et_pb_tab_nav_item_link\" href=\"#\">E r\u00ebnd\u00ebsishme<\/a><\/li><li class=\"et_pb_tab_nav_item_3 et_pb_tab_nav_item et_pb_tab_3\"><a class=\"et_pb_tab_nav_item_link\" href=\"#\">P\u00ebrb\u00ebr\u00ebsit<\/a><\/li><\/ul><div class=\"et_pb_all_tabs\">\n<div class=\"et_pb_tab_0 et_pb_tab clearfix et_pb_active_content et_pb_module et_flex_module\"><div class=\"et_pb_tab_content et_flex_module\"><p>Tabletat FLORADIX\u00ae me hekur, vitamina B2, B6, B12, C dhe niacin\u00eb t\u00eb cilat kontribuojn\u00eb n\u00eb uljen e lodhjes dhe rraskapitjes, si dhe n\u00eb metabolizmin normal q\u00eb jep energji. Hekuri kontribuon n\u00eb formimin normal t\u00eb qelizave t\u00eb kuqe t\u00eb gjakut dhe hemoglobin\u00ebs. Vitamina C rrit p\u00ebrthithjen e hekurit. Tabletat FLORADIX\u00ae jan\u00eb t\u00eb p\u00ebrshtatshme p\u00ebr grat\u00eb, duke p\u00ebrfshir\u00eb n\u00ebnat shtatz\u00ebna dhe ato q\u00eb ushqejn\u00eb me gji, f\u00ebmij\u00ebt, adoleshent\u00ebt, t\u00eb moshuarit, n\u00ebnat n\u00eb faz\u00ebn e rikuperimit dhe ato me nj\u00eb stil jetese aktive.   <\/p>\n<\/div><\/div>\n\n<div class=\"et_pb_tab_1 et_pb_tab clearfix et_pb_module et_flex_module\"><div class=\"et_pb_tab_content et_flex_module\"><p><strong>T\u00eb rriturit dhe f\u00ebmij\u00ebt 14 vje\u00e7 e lart:<\/strong> 1 tablet\u00eb n\u00eb dit\u00eb, 30 minuta para vaktit, me l\u00ebng.<br \/>\n_______<\/p>\n<ul>\n<li>Mos e tejkaloni doz\u00ebn e rekomanduar ditore.<\/li>\n<li>Shtesat ushqimore nuk z\u00ebvend\u00ebsojn\u00eb nj\u00eb diet\u00eb t\u00eb shum\u00ebllojshme dhe t\u00eb balancuar.<\/li>\n<li>Gjithmon\u00eb mb\u00ebshtesni dhe praktikoni nj\u00eb m\u00ebnyr\u00eb jetese t\u00eb sh\u00ebndetshme.<\/li>\n<\/ul>\n<\/div><\/div>\n\n<div class=\"et_pb_tab_2 et_pb_tab clearfix et_pb_module et_flex_module\"><div class=\"et_pb_tab_content et_flex_module\"><ul>\n<li>Mbajeni larg f\u00ebmij\u00ebve t\u00eb vegj\u00ebl.<\/li>\n<li>Ruajeni n\u00eb nj\u00eb vend t\u00eb fresk\u00ebt dhe t\u00eb that\u00eb (5\u201325 \u00b0C).<\/li>\n<\/ul>\n<\/div><\/div>\n\n<div class=\"et_pb_tab_3 et_pb_tab clearfix et_pb_module et_flex_module\"><div class=\"et_pb_tab_content et_flex_module\"><p>Ekstrakt majaje, niseshte orizi, ekstrakt bimor (17%): gjethe spinaqi, gjethe hithre, rr\u00ebnj\u00eb karrote, fruta kopre, bari i Sh\u00ebn Gjonit, glukonat hekuri (hekur), koncentrat frutash tr\u00ebndafili t\u00eb eg\u00ebr (4%), acid L-askorbik (Vitamina C), nikotinamid (Niacin\u00eb), agjent kund\u00ebr ngjitjes (dioksid silici), agjent mbush\u00ebs: celuloz\u00eb mikrokristaline, celuloz\u00eb pluhur; agjent mbulues: shelak, agjent ndar\u00ebs: krip\u00ebra magnezi t\u00eb acideve yndyrore, talk, hidroklorur piridoksine (Vitamina B6), riboflavin\u00eb (Vitamina B2), emulsifikues: monooleat polioksietilen sorbitan; hidroklorur tiamine (Vitamina B1), acid pteroilmonoglutamik (acid folik).<\/p>\n<table style=\"width: 100%; border-collapse: collapse; margin-bottom: 20px;\">\n<thead>\n<tr>\n<th colspan=\"3\" style=\"text-align: left; padding: 10px; border: 1px solid #cccccc;\">Vlerat ushqyese<\/th>\n<\/tr>\n<tr>\n<th style=\"padding: 10px; text-align: left; border: 1px solid #cccccc; width: 40%;\">n\u00eb<\/th>\n<th style=\"padding: 10px; text-align: center; border: 1px solid #cccccc; width: 30%;\">1 tablet\u00eb<\/th>\n<th style=\"padding: 10px; text-align: center; border: 1px solid #cccccc; width: 30%;\">% NRV* \/ RDA*<br \/> 1 tablet\u00eb<\/th>\n<\/tr>\n<\/thead>\n<tbody>\n<tr>\n<td style=\"padding: 10px; border: 1px solid #cccccc;\">Hekuri<\/td>\n<td style=\"padding: 10px; text-align: center; border: 1px solid #cccccc;\">7 mg<\/td>\n<td style=\"padding: 10px; text-align: center; border: 1px solid #cccccc;\">50<\/td>\n<\/tr>\n<tr>\n<td style=\"padding: 10px; border: 1px solid #cccccc;\">Vitamina B1<\/td>\n<td style=\"padding: 10px; text-align: center; border: 1px solid #cccccc;\">0.5 mg<\/td>\n<td style=\"padding: 10px; text-align: center; border: 1px solid #cccccc;\">45<\/td>\n<\/tr>\n<tr>\n<td style=\"padding: 10px; border: 1px solid #cccccc;\">Vitamina B2<\/td>\n<td style=\"padding: 10px; text-align: center; border: 1px solid #cccccc;\">1.5 mg<\/td>\n<td style=\"padding: 10px; text-align: center; border: 1px solid #cccccc;\">107<\/td>\n<\/tr>\n<tr>\n<td style=\"padding: 10px; border: 1px solid #cccccc;\">Niacin\u00eb<\/td>\n<td style=\"padding: 10px; text-align: center; border: 1px solid #cccccc;\">10 mg NE**<\/td>\n<td style=\"padding: 10px; text-align: center; border: 1px solid #cccccc;\">63<\/td>\n<\/tr>\n<tr>\n<td style=\"padding: 10px; border: 1px solid #cccccc;\">Vitamina B6<\/td>\n<td style=\"padding: 10px; text-align: center; border: 1px solid #cccccc;\">2.0 mg<\/td>\n<td style=\"padding: 10px; text-align: center; border: 1px solid #cccccc;\">143<\/td>\n<\/tr>\n<tr>\n<td style=\"padding: 10px; border: 1px solid #cccccc;\">Acid folik<\/td>\n<td style=\"padding: 10px; text-align: center; border: 1px solid #cccccc;\">130 \u00b5g<\/td>\n<td style=\"padding: 10px; text-align: center; border: 1px solid #cccccc;\">65<\/td>\n<\/tr>\n<tr>\n<td style=\"padding: 10px; border: 1px solid #cccccc;\">Vitamina B12<\/td>\n<td style=\"padding: 10px; text-align: center; border: 1px solid #cccccc;\">1.0 \u00b5g<\/td>\n<td style=\"padding: 10px; text-align: center; border: 1px solid #cccccc;\">40<\/td>\n<\/tr>\n<tr>\n<td style=\"padding: 10px; border: 1px solid #cccccc;\">Vitamina C<\/td>\n<td style=\"padding: 10px; text-align: center; border: 1px solid #cccccc;\">10 mg<\/td>\n<td style=\"padding: 10px; text-align: center; border: 1px solid #cccccc;\">12.5<\/td>\n<\/tr>\n<tr>\n<th colspan=\"3\" style=\"text-align: left; padding: 10px; border: 1px solid #cccccc;\">* Vlera Referuese e Ushqyesve<br \/>** Ekuivalent i niacin\u00ebs<\/th>\n<\/tr>\n<\/tbody>\n<\/table>\n<\/div><\/div>\n<\/div><\/div>\n<\/div>\n<\/div>\n<\/div>","protected":false},"excerpt":{"rendered":"","protected":false},"author":1,"featured_media":1452,"parent":0,"menu_order":0,"comment_status":"closed","ping_status":"closed","template":"","meta":{"footnotes":""},"class_list":["post-1453","page","type-page","status-publish","has-post-thumbnail","hentry"],"_links":{"self":[{"href":"https:\/\/salus-mk.com\/sq\/wp-json\/wp\/v2\/pages\/1453","targetHints":{"allow":["GET"]}}],"collection":[{"href":"https:\/\/salus-mk.com\/sq\/wp-json\/wp\/v2\/pages"}],"about":[{"href":"https:\/\/salus-mk.com\/sq\/wp-json\/wp\/v2\/types\/page"}],"author":[{"embeddable":true,"href":"https:\/\/salus-mk.com\/sq\/wp-json\/wp\/v2\/users\/1"}],"replies":[{"embeddable":true,"href":"https:\/\/salus-mk.com\/sq\/wp-json\/wp\/v2\/comments?post=1453"}],"version-history":[{"count":3,"href":"https:\/\/salus-mk.com\/sq\/wp-json\/wp\/v2\/pages\/1453\/revisions"}],"predecessor-version":[{"id":1664,"href":"https:\/\/salus-mk.com\/sq\/wp-json\/wp\/v2\/pages\/1453\/revisions\/1664"}],"wp:featuredmedia":[{"embeddable":true,"href":"https:\/\/salus-mk.com\/sq\/wp-json\/wp\/v2\/media\/1452"}],"wp:attachment":[{"href":"https:\/\/salus-mk.com\/sq\/wp-json\/wp\/v2\/media?parent=1453"}],"curies":[{"name":"wp","href":"https:\/\/api.w.org\/{rel}","templated":true}]}}