{"id":1446,"date":"2026-01-30T12:53:59","date_gmt":"2026-01-30T11:53:59","guid":{"rendered":"https:\/\/salus-mk.com\/floradix-vitamine-b-kompleks\/"},"modified":"2026-03-12T12:40:04","modified_gmt":"2026-03-12T11:40:04","slug":"floradix-vitamine-b-kompleks","status":"publish","type":"page","link":"https:\/\/salus-mk.com\/sq\/floradix-vitamine-b-kompleks\/","title":{"rendered":"Kompleksi i vitaminave B"},"content":{"rendered":"<div class=\"et_pb_section_0 et_pb_section et_section_regular et_flex_section\">\n<div class=\"et_pb_row_0 et_pb_row et_flex_row\">\n<div class=\"et_pb_column_0 et_pb_column et_flex_column et_pb_css_mix_blend_mode_passthrough et_flex_column_2_5 et_flex_column_2_5_tablet et_flex_column_24_24_phone\">\n<div class=\"et_pb_image_0 et_pb_image et_animated et_pb_module et_flex_module\"><a href=\"https:\/\/salus-mk.com\/wp-content\/uploads\/2026\/01\/b-kompleks_new_clean.webp\" class=\"et_pb_lightbox_image\"><span class=\"et_pb_image_wrap\"><img loading=\"lazy\" decoding=\"async\" src=\"https:\/\/salus-mk.com\/wp-content\/uploads\/2026\/01\/b-kompleks_new_clean.webp\" title=\"B-KOMPLEKS_NEW_CLEAN\" width=\"1200\" height=\"1200\" srcset=\"https:\/\/salus-mk.com\/wp-content\/uploads\/2026\/01\/b-kompleks_new_clean.webp 1200w, https:\/\/salus-mk.com\/wp-content\/uploads\/2026\/01\/b-kompleks_new_clean-980x980.webp 980w, https:\/\/salus-mk.com\/wp-content\/uploads\/2026\/01\/b-kompleks_new_clean-480x480.webp 480w\" sizes=\"(min-width: 0px) and (max-width: 480px) 480px, (min-width: 481px) and (max-width: 980px) 980px, (min-width: 981px) 1200px, 100vw\" class=\"wp-image-1269\" \/><\/span><\/a><\/div>\n<\/div>\n\n<div class=\"et_pb_column_1 et_pb_column et-last-child et_flex_column et_pb_css_mix_blend_mode_passthrough et_flex_column_3_5 et_flex_column_3_5_tablet et_flex_column_24_24_phone\">\n<div class=\"et_pb_post_title_0 et_pb_post_title et_pb_bg_layout_light et_animated et_pb_module et_flex_module\"><div class=\"et_pb_title_container\"><h1 class=\"entry-title\">Kompleksi i vitaminave B<\/h1><\/div><\/div>\n\n<div class=\"et_pb_divider_0 et_pb_divider et_pb_space et_pb_divider_position_top et_animated et_pb_module\"><div class=\"et_pb_divider_internal\"><\/div><\/div>\n\n<div class=\"et_pb_heading_0 et_pb_heading et_animated et_pb_module et_flex_module\"><div class=\"et_pb_heading_container\"><h1 class=\"et_pb_module_header\">Formul\u00eb minerale e l\u00ebngshme 250 ml<\/h1><\/div><\/div>\n\n<div class=\"et_pb_heading_1 et_pb_heading et_animated et_pb_module et_flex_module\"><div class=\"et_pb_heading_container\"><h1 class=\"et_pb_module_header\">Shtes\u00eb ushqimore<\/h1><\/div><\/div>\n\n<div class=\"et_pb_row_1 et_pb_row et_pb_row_nested et_flex_row et_animated\">\n<div class=\"et_pb_column_2 et_pb_column et_flex_column et_pb_css_mix_blend_mode_passthrough et_flex_column_8_24 et_flex_column_12_24_tablet et_flex_column_12_24_phone\">\n<div class=\"et_pb_blurb_0 et_pb_blurb et_pb_bg_layout_light et_pb_blurb_position_left et_pb_module et_flex_module et_flex_column_24_24 et_flex_column_24_24_tablet et_flex_column_24_24_phone\"><div class=\"et_pb_blurb_content et_flex_module\"><div class=\"et_pb_main_blurb_image\"><span class=\"et_pb_image_wrap\"><span class=\"et-pb-icon\">\uf058<\/span><\/span><\/div><div class=\"et_pb_blurb_container\"><h4 class=\"et_pb_module_header\">Vegjetarian  <\/h4><\/div><\/div><\/div>\n<\/div>\n\n<div class=\"et_pb_column_3 et_pb_column et_flex_column et_pb_css_mix_blend_mode_passthrough et_flex_column_8_24 et_flex_column_12_24_tablet et_flex_column_12_24_phone\">\n<div class=\"et_pb_blurb_1 et_pb_blurb et_pb_bg_layout_light et_pb_blurb_position_left et_pb_module et_flex_module et_flex_column_24_24 et_flex_column_24_24_tablet et_flex_column_24_24_phone\"><div class=\"et_pb_blurb_content et_flex_module\"><div class=\"et_pb_main_blurb_image\"><span class=\"et_pb_image_wrap\"><span class=\"et-pb-icon\">\uf058<\/span><\/span><\/div><div class=\"et_pb_blurb_container\"><h4 class=\"et_pb_module_header\">Pa laktoz\u00eb<\/h4><\/div><\/div><\/div>\n<\/div>\n\n<div class=\"et_pb_column_4 et_pb_column et_flex_column et_pb_css_mix_blend_mode_passthrough et_flex_column_8_24 et_flex_column_12_24_tablet et_flex_column_12_24_phone\">\n<div class=\"et_pb_blurb_2 et_pb_blurb et_pb_bg_layout_light et_pb_blurb_position_left et_pb_module et_flex_module et_flex_column_24_24 et_flex_column_24_24_tablet et_flex_column_24_24_phone\"><div class=\"et_pb_blurb_content et_flex_module\"><div class=\"et_pb_main_blurb_image\"><span class=\"et_pb_image_wrap\"><span class=\"et-pb-icon\">\uf058<\/span><\/span><\/div><div class=\"et_pb_blurb_container\"><h4 class=\"et_pb_module_header\">Pa konservues<\/h4><\/div><\/div><\/div>\n<\/div>\n\n<div class=\"et_pb_column_5 et_pb_column et_flex_column et_pb_css_mix_blend_mode_passthrough et_flex_column_8_24 et_flex_column_12_24_tablet et_flex_column_12_24_phone\">\n<div class=\"et_pb_blurb_3 et_pb_blurb et_pb_bg_layout_light et_pb_blurb_position_left et_pb_module et_flex_module et_flex_column_24_24 et_flex_column_24_24_tablet et_flex_column_24_24_phone\"><div class=\"et_pb_blurb_content et_flex_module\"><div class=\"et_pb_main_blurb_image\"><span class=\"et_pb_image_wrap\"><span class=\"et-pb-icon\">\uf058<\/span><\/span><\/div><div class=\"et_pb_blurb_container\"><h4 class=\"et_pb_module_header\">Pa ngjyra<\/h4><\/div><\/div><\/div>\n<\/div>\n\n<div class=\"et_pb_column_6 et_pb_column et_flex_column et_pb_css_mix_blend_mode_passthrough et_flex_column_8_24 et_flex_column_12_24_tablet et_flex_column_12_24_phone\">\n<div class=\"et_pb_blurb_4 et_pb_blurb et_pb_bg_layout_light et_pb_blurb_position_left et_pb_module et_flex_module et_flex_column_24_24 et_flex_column_24_24_tablet et_flex_column_24_24_phone\"><div class=\"et_pb_blurb_content et_flex_module\"><div class=\"et_pb_main_blurb_image\"><span class=\"et_pb_image_wrap\"><span class=\"et-pb-icon\">\uf058<\/span><\/span><\/div><div class=\"et_pb_blurb_container\"><h4 class=\"et_pb_module_header\">Pa alkool<\/h4><\/div><\/div><\/div>\n<\/div>\n\n<div class=\"et_pb_column_7 et_pb_column et-last-child et_flex_column et_pb_css_mix_blend_mode_passthrough et_flex_column_8_24 et_flex_column_12_24_tablet et_flex_column_12_24_phone\">\n<div class=\"et_pb_blurb_5 et_pb_blurb et_pb_bg_layout_light et_pb_blurb_position_left et_pb_module et_flex_module et_flex_column_24_24 et_flex_column_24_24_tablet et_flex_column_24_24_phone\"><div class=\"et_pb_blurb_content et_flex_module\"><div class=\"et_pb_main_blurb_image\"><span class=\"et_pb_image_wrap\"><span class=\"et-pb-icon\">\uf058<\/span><\/span><\/div><div class=\"et_pb_blurb_container\"><h4 class=\"et_pb_module_header\">Pa gluten<\/h4><\/div><\/div><\/div>\n<\/div>\n<\/div>\n\n<div class=\"et_pb_row_2 et_pb_row et_pb_row_nested et_flex_row et_flex_column_8_24 et_flex_column_8_24_tablet et_flex_column_8_24_phone\">\n<div class=\"et_pb_column_8 et_pb_column et_flex_column et_pb_css_mix_blend_mode_passthrough et_flex_column_8_24 et_flex_column_24_24_tablet et_flex_column_24_24_phone\">\n<div class=\"et_pb_module et_pb_button_module_wrapper et_pb_button_0_wrapper\"><button class=\"et_pb_button_0 et_pb_button et_pb_bg_layout_light et_animated et_pb_module et_flex_module\" type=\"button\" data-icon=\"\uf07a\" data-interaction-trigger=\"g1z9xv5wbu\">Bli online<\/button><\/div>\n\n<div class=\"et_pb_text_0 et_pb_text et_pb_bg_layout_light et-interaction-target-1jp2laltk3 et_pb_module et_flex_module\" data-interaction-target=\"1jp2laltk3\"><div class=\"et_pb_text_inner\"><p>* Do t\u00eb ridrejtoheni n\u00eb internet<br \/>dyqani Saludera.com<\/p>\n<\/div><\/div>\n<\/div>\n\n<div class=\"et_pb_column_9 et_pb_column et_flex_column et_pb_css_mix_blend_mode_passthrough et_flex_column_8_24 et_flex_column_24_24_tablet et_flex_column_24_24_phone\">\n<div class=\"et_pb_text_1 et_pb_text et_pb_bg_layout_light et_animated et_pb_module et_flex_module\"><div class=\"et_pb_text_inner\"><p>Ose porositni direkt n\u00eb:<\/p>\n<\/div><\/div>\n<\/div>\n\n<div class=\"et_pb_column_10 et_pb_column et-last-child et_flex_column et_pb_css_mix_blend_mode_passthrough et_flex_column_8_24 et_flex_column_24_24_tablet et_flex_column_24_24_phone\">\n<div class=\"et_pb_module et_pb_button_module_wrapper et_pb_button_1_wrapper\"><a class=\"et_pb_button_1 et_pb_button et_pb_bg_layout_light et_animated et_pb_module et_flex_module\" href=\"tel:%20+389%2075%20878787\" data-icon=\"\uf879\">+389 75 878787<\/a><\/div>\n<\/div>\n<\/div>\n<\/div>\n<\/div>\n\n<div class=\"et_pb_row_3 et_pb_row et_flex_row et_animated\">\n<div class=\"et_pb_column_11 et_pb_column et-last-child et_flex_column et_pb_css_mix_blend_mode_passthrough et_flex_column_24_24 et_flex_column_24_24_tablet et_flex_column_24_24_phone\">\n<div class=\"et_pb_tabs_0 et_pb_tabs et_pb_module\"><ul class=\"et_pb_tabs_controls clearfix\"><li class=\"et_pb_tab_nav_item_0 et_pb_tab_nav_item et_pb_tab_0 et_pb_tab_active\"><a class=\"et_pb_tab_nav_item_link\" href=\"#\">P\u00ebrshkrimi<\/a><\/li><li class=\"et_pb_tab_nav_item_1 et_pb_tab_nav_item et_pb_tab_1\"><a class=\"et_pb_tab_nav_item_link\" href=\"#\">Dozimi dhe m\u00ebnyra e p\u00ebrdorimit<\/a><\/li><li class=\"et_pb_tab_nav_item_2 et_pb_tab_nav_item et_pb_tab_2\"><a class=\"et_pb_tab_nav_item_link\" href=\"#\">E r\u00ebnd\u00ebsishme<\/a><\/li><li class=\"et_pb_tab_nav_item_3 et_pb_tab_nav_item et_pb_tab_3\"><a class=\"et_pb_tab_nav_item_link\" href=\"#\">P\u00ebrb\u00ebr\u00ebsit<\/a><\/li><\/ul><div class=\"et_pb_all_tabs\">\n<div class=\"et_pb_tab_0 et_pb_tab clearfix et_pb_active_content et_pb_module et_flex_module\"><div class=\"et_pb_tab_content et_flex_module\"><p>Floradix\u00ae Vitamina B Complex p\u00ebrmban vitamina t\u00eb kompleksit B q\u00eb jan\u00eb t\u00eb p\u00ebrfshira n\u00eb nj\u00eb s\u00ebr\u00eb procesesh t\u00eb r\u00ebnd\u00ebsishme metabolike n\u00eb trup dhe kontribuojn\u00eb ndjesh\u00ebm n\u00eb sh\u00ebndetin dhe mir\u00ebqenien e p\u00ebrgjithshme. Nj\u00eb doz\u00eb ditore prej 20 ml i siguron trupit sasi t\u00eb mjaftueshme t\u00eb vitaminave B1, B2, niacin\u00ebs, B6, biotin\u00ebs dhe B12.   <br \/>Vitaminat B1, B2, B6, B12 dhe niacina kontribuojn\u00eb n\u00eb metabolizmin normal q\u00eb jep energji dhe n\u00eb funksionimin normal t\u00eb sistemit nervor. Vitaminat B2, B6, B12 dhe niacina kontribuojn\u00eb n\u00eb uljen e lodhjes dhe rraskapitjes. <br \/>P\u00ebrve\u00e7 k\u00ebsaj, vitamina B1 kontribuon n\u00eb funksionimin normal t\u00eb zemr\u00ebs. Vitaminat B6 dhe B12 kontribuojn\u00eb n\u00eb formimin normal t\u00eb qelizave t\u00eb kuqe t\u00eb gjakut dhe n\u00eb funksionimin normal t\u00eb sistemit imunitar. <br \/>Biotina dhe niacina kontribuojn\u00eb n\u00eb funksionimin normal t\u00eb l\u00ebkur\u00ebs dhe psikologjik. Kompleksi i Vitaminave B Floradix\u00ae p\u00ebrmban portokall dhe fruta pasioni t\u00eb cilat i japin produktit nj\u00eb shije frutash, duke e b\u00ebr\u00eb at\u00eb nj\u00eb alternativ\u00eb t\u00eb l\u00ebngshme me shije t\u00eb k\u00ebndshme ndaj tabletave konvencionale t\u00eb kompleksit t\u00eb vitamin\u00ebs B. Kompleksi i Vitaminave B Floradix\u00ae \u00ebsht\u00eb i p\u00ebrshtatsh\u00ebm p\u00ebr vegjetarian\u00eb, vegan\u00eb dhe ata q\u00eb jan\u00eb alergjik\u00eb ndaj laktoz\u00ebs dhe glutenit.  <\/p>\n<\/div><\/div>\n\n<div class=\"et_pb_tab_1 et_pb_tab clearfix et_pb_module et_flex_module\"><div class=\"et_pb_tab_content et_flex_module\"><p>Shishja t\u00eb tundet mir\u00eb para \u00e7do p\u00ebrdorimi. T\u00eb mos pihet drejt prej shish\u00ebs. T\u00eb p\u00ebrdoret kapaku mat\u00ebs. Merret para vakteve.<br \/>\n<strong><br \/>\nF\u00ebmij\u00ebt 3-6 vje\u00e7:<\/strong> 5 ml n\u00eb dit\u00eb. <strong><br \/>\nF\u00ebmij\u00ebt 7-14 vje\u00e7:<\/strong> 10 ml n\u00eb dit\u00eb. <strong><br \/>\nT\u00eb rriturit dhe f\u00ebmij\u00ebt 14 vje\u00e7 e lart:<\/strong> 20 ml n\u00eb dit\u00eb.<br \/>\n_______<\/p>\n<ul>\n<li>Paketa p\u00ebrmban 12 doza ditore prej 20 ml.<\/li>\n<li>Mos e tejkaloni doz\u00ebn e rekomanduar ditore.<\/li>\n<li>Shtesat ushqimore nuk z\u00ebvend\u00ebsojn\u00eb nj\u00eb diet\u00eb t\u00eb shum\u00ebllojshme dhe t\u00eb balancuar.<\/li>\n<li>Gjithmon\u00eb mb\u00ebshtesni dhe praktikoni nj\u00eb m\u00ebnyr\u00eb jetese t\u00eb sh\u00ebndetshme.<\/li>\n<\/ul>\n<\/div><\/div>\n\n<div class=\"et_pb_tab_2 et_pb_tab clearfix et_pb_module et_flex_module\"><div class=\"et_pb_tab_content et_flex_module\"><ul>\n<li>Ky produkt nuk p\u00ebrmban as alkool as konzervues kimik\u00eb.<\/li>\n<li>P\u00ebr t\u00eb parandaluar fermentimin e p\u00ebrmbajtjes, shishja duhet t\u00eb mbyllet menj\u00ebher\u00eb pas \u00e7do p\u00ebrdorimi.<\/li>\n<li>Ruajeni n\u00eb frigorifer drejt.<\/li>\n<li>P\u00ebrdoreni brenda 4 jav\u00ebsh pas hapjes.<\/li>\n<li>Mbajeni larg f\u00ebmij\u00ebve t\u00eb vegj\u00ebl.<\/li>\n<li>Ruajeni shishen e pahapur n\u00eb nj\u00eb vend t\u00eb fresk\u00ebt dhe t\u00eb that\u00eb (5\u201325 \u00b0C).<\/li>\n<\/ul>\n<\/div><\/div>\n\n<div class=\"et_pb_tab_3 et_pb_tab clearfix et_pb_module et_flex_module\"><div class=\"et_pb_tab_content et_flex_module\"><p data-path-to-node=\"2\">Ekstrakt bimor ujor (45%) nga <b data-path-to-node=\"2\" data-index-in-node=\"0\">:<\/b> jard\u00eb, lak\u00ebr uji, gjethe spinaqi, gjethe ulliri, rr\u00ebnj\u00eb galangal, rr\u00ebnj\u00eb xhenxhefili, l\u00ebkur\u00eb tr\u00ebndafili. P\u00ebrzierje koncentratesh l\u00ebngu frutash dhe pure frutash (38%) nga <b data-path-to-node=\"3\" data-index-in-node=\"0\">:<\/b> dardh\u00eb, kajsi, portokall, fruta pasioni, limon, me ekstrakt karob, aroma natyrale, ekstrakt molle. Uj\u00eb, trash\u00ebs: gom\u00eb karkaleci; nikotinamid (niacin\u00eb), riboflavin\u00eb-5\u2032-fosfat, natrium (vitamin\u00eb B2), tiamin\u00eb hidroklorur (vitamin\u00eb B1), piridoksin\u00eb hidroklorur (vitamin\u00eb B6), biotin\u00eb, metilkobalamin\u00eb (vitamin\u00eb B12).  <\/p>\n<table style=\"width: 100%; border-collapse: collapse; margin-bottom: 20px;\">\n<thead>\n<tr>\n<th colspan=\"3\" style=\"text-align: left; padding: 10px; border: 1px solid #cccccc;\">Vlerat ushqyese:<\/th>\n<\/tr>\n<tr>\n<th style=\"padding: 10px; text-align: left; border: 1px solid #cccccc; width: 50%;\">n\u00eb<\/th>\n<th style=\"padding: 10px; text-align: center; border: 1px solid #cccccc; width: 25%;\">100 ml<\/th>\n<th style=\"padding: 10px; text-align: center; border: 1px solid #cccccc; width: 25%;\">20 ml<\/th>\n<\/tr>\n<\/thead>\n<tbody>\n<tr>\n<td style=\"padding: 10px; border: 1px solid #cccccc;\">Vlera e energjis\u00eb<\/td>\n<td style=\"padding: 10px; text-align: center; border: 1px solid #cccccc;\">410 kJ \/ 97 kcal<\/td>\n<td style=\"padding: 10px; text-align: center; border: 1px solid #cccccc;\">82 kJ \/ 19 kcal<\/td>\n<\/tr>\n<tr>\n<td style=\"padding: 10px; border: 1px solid #cccccc;\">Yndyra<br \/> <span style=\"padding-left: 10px; display: block; margin-top: 5px;\">nga t\u00eb cilat acide yndyrore t\u00eb ngopura<\/span><\/td>\n<td style=\"padding: 10px; text-align: center; vertical-align: top; border: 1px solid #cccccc;\">&lt; 0,5 g<br \/>&lt; 0,1 g<\/td>\n<td style=\"padding: 10px; text-align: center; vertical-align: top; border: 1px solid #cccccc;\">&lt; 0,5 g<br \/>&lt; 0,1 g<\/td>\n<\/tr>\n<tr>\n<td style=\"padding: 10px; border: 1px solid #cccccc;\">Karbohidrate<br \/>\n<span style=\"padding-left: 10px; display: block; margin-top: 5px;\">prej tyre sheqerna<\/span><\/td>\n<td style=\"padding: 10px; text-align: center; vertical-align: top; border: 1px solid #cccccc;\">23 g<br \/>19 g<\/td>\n<p><\/p>\n<td style=\"padding: 10px; text-align: center; vertical-align: top; border: 1px solid #cccccc;\">4,6 g<br \/>3,8 g<\/td>\n<\/tr>\n<tr>\n<td style=\"padding: 10px; border: 1px solid #cccccc;\">Proteinat<\/td>\n<td style=\"padding: 10px; text-align: center; border: 1px solid #cccccc;\">1.2 gram\u00eb<\/td>\n<td style=\"padding: 10px; text-align: center; border: 1px solid #cccccc;\">&lt;0.5 g<\/td>\n<\/tr>\n<tr>\n<td style=\"padding: 10px; border: 1px solid #cccccc;\">Krip\u00eb*<\/td>\n<td style=\"padding: 10px; text-align: center; border: 1px solid #cccccc;\">0.04 g<\/td>\n<td style=\"padding: 10px; text-align: center; border: 1px solid #cccccc;\">0.01 g<\/td>\n<\/tr>\n<\/tbody>\n<\/table>\n<p style=\"margin-bottom: 20px;\">*P\u00ebrmbajtja e krip\u00ebs \u00ebsht\u00eb p\u00ebr shkak vet\u00ebm t\u00eb pranis\u00eb s\u00eb natriumit natyral n\u00eb vet\u00eb bim\u00ebt.<\/p>\n<table style=\"width: 100%; border-collapse: collapse;\">\n<thead>\n<tr>\n<th style=\"padding: 10px; text-align: left; border: 1px solid #cccccc; width: 60%;\">n\u00eb<\/th>\n<th style=\"padding: 10px; text-align: center; border: 1px solid #cccccc; width: 20%;\">20 ml<\/th>\n<th style=\"padding: 10px; text-align: center; border: 1px solid #cccccc; width: 20%;\">% VNR** \/ 20 ml<\/th>\n<\/tr>\n<\/thead>\n<tbody>\n<tr>\n<td style=\"padding: 10px; border: 1px solid #cccccc;\">Vitamina <sub>B1<\/sub> (hidroklorur tiamine)<\/td>\n<td style=\"padding: 10px; text-align: center; border: 1px solid #cccccc;\">1.1 mg<\/td>\n<td style=\"padding: 10px; text-align: center; border: 1px solid #cccccc;\">100<\/td>\n<\/tr>\n<tr>\n<td style=\"padding: 10px; border: 1px solid #cccccc;\">Vitamina <sub>B2<\/sub> (fosfat natriumi riboflavin\u00eb)<\/td>\n<td style=\"padding: 10px; text-align: center; border: 1px solid #cccccc;\">1.4 mg<\/td>\n<td style=\"padding: 10px; text-align: center; border: 1px solid #cccccc;\">100<\/td>\n<\/tr>\n<tr>\n<td style=\"padding: 10px; border: 1px solid #cccccc;\">Vitamina <sub>B3<\/sub> (nikotinamid)<\/td>\n<td style=\"padding: 10px; text-align: center; border: 1px solid #cccccc;\">16 mg NE<\/td>\n<td style=\"padding: 10px; text-align: center; border: 1px solid #cccccc;\">100<\/td>\n<\/tr>\n<tr>\n<td style=\"padding: 10px; border: 1px solid #cccccc;\">Vitamina <sub>B6<\/sub> (piridoksina hidroklorur)<\/td>\n<td style=\"padding: 10px; text-align: center; border: 1px solid #cccccc;\">1.4 mg<\/td>\n<td style=\"padding: 10px; text-align: center; border: 1px solid #cccccc;\">100<\/td>\n<\/tr>\n<tr>\n<td style=\"padding: 10px; border: 1px solid #cccccc;\">Vitamina <sub>B7<\/sub> (Biotina)<\/td>\n<td style=\"padding: 10px; text-align: center; border: 1px solid #cccccc;\">50 \u00b5g<\/td>\n<td style=\"padding: 10px; text-align: center; border: 1px solid #cccccc;\">100<\/td>\n<\/tr>\n<tr>\n<td style=\"padding: 10px; border: 1px solid #cccccc;\">Vitamina <sub>B12<\/sub> (Metilkobalamina)<\/td>\n<td style=\"padding: 10px; text-align: center; border: 1px solid #cccccc;\">2.5 \u00b5g<\/td>\n<td style=\"padding: 10px; text-align: center; border: 1px solid #cccccc;\">100<\/td>\n<\/tr>\n<tr>\n<th colspan=\"3\" style=\"text-align: left; padding: 10px; border: 1px solid #cccccc;\">**VRV: Vlera Referuese e Ushqyesve<\/th>\n<\/tr>\n<\/tbody>\n<\/table>\n<\/div><\/div>\n<\/div><\/div>\n<\/div>\n<\/div>\n<\/div>","protected":false},"excerpt":{"rendered":"","protected":false},"author":1,"featured_media":1445,"parent":0,"menu_order":0,"comment_status":"closed","ping_status":"closed","template":"","meta":{"footnotes":""},"class_list":["post-1446","page","type-page","status-publish","has-post-thumbnail","hentry"],"_links":{"self":[{"href":"https:\/\/salus-mk.com\/sq\/wp-json\/wp\/v2\/pages\/1446","targetHints":{"allow":["GET"]}}],"collection":[{"href":"https:\/\/salus-mk.com\/sq\/wp-json\/wp\/v2\/pages"}],"about":[{"href":"https:\/\/salus-mk.com\/sq\/wp-json\/wp\/v2\/types\/page"}],"author":[{"embeddable":true,"href":"https:\/\/salus-mk.com\/sq\/wp-json\/wp\/v2\/users\/1"}],"replies":[{"embeddable":true,"href":"https:\/\/salus-mk.com\/sq\/wp-json\/wp\/v2\/comments?post=1446"}],"version-history":[{"count":7,"href":"https:\/\/salus-mk.com\/sq\/wp-json\/wp\/v2\/pages\/1446\/revisions"}],"predecessor-version":[{"id":1665,"href":"https:\/\/salus-mk.com\/sq\/wp-json\/wp\/v2\/pages\/1446\/revisions\/1665"}],"wp:featuredmedia":[{"embeddable":true,"href":"https:\/\/salus-mk.com\/sq\/wp-json\/wp\/v2\/media\/1445"}],"wp:attachment":[{"href":"https:\/\/salus-mk.com\/sq\/wp-json\/wp\/v2\/media?parent=1446"}],"curies":[{"name":"wp","href":"https:\/\/api.w.org\/{rel}","templated":true}]}}