{"id":1322,"date":"2026-01-21T16:06:35","date_gmt":"2026-01-21T15:06:35","guid":{"rendered":"https:\/\/salus-mk.com\/pse-salus\/"},"modified":"2026-01-30T16:26:32","modified_gmt":"2026-01-30T15:26:32","slug":"pse-salus","status":"publish","type":"page","link":"https:\/\/salus-mk.com\/sq\/pse-salus\/","title":{"rendered":"Pse Salus?"},"content":{"rendered":"<div class=\"et_pb_section_0 et_pb_section et_section_regular et_flex_section\">\n<div class=\"et_pb_row_0 et_pb_row et_flex_row\"><span class=\"et-pb-background-video\"><\/span>\n<div class=\"et_pb_column_0 et_pb_column et-last-child et_flex_column et_pb_css_mix_blend_mode_passthrough et_flex_column_24_24 et_flex_column_24_24_tablet et_flex_column_24_24_phone\">\n<div class=\"et_pb_heading_0 et_pb_heading et_pb_module et_flex_module\"><div class=\"et_pb_heading_container\"><h1 class=\"et_pb_module_header\">Pse Salus?<\/h1><\/div><\/div>\n<\/div>\n<\/div>\n<\/div>\n\n<div class=\"et_pb_section_1 et_pb_section et_section_regular et_flex_section\">\n<div class=\"et_pb_row_1 et_pb_row et_flex_row\">\n<div class=\"et_pb_column_1 et_pb_column et-last-child et_flex_column et_pb_css_mix_blend_mode_passthrough et_flex_column_24_24 et_flex_column_24_24_tablet et_flex_column_24_24_phone\">\n<div class=\"et_pb_heading_1 et_pb_heading et_animated et_pb_module et_flex_module\"><div class=\"et_pb_heading_container\"><h1 class=\"et_pb_module_header\">Fuqia e natyr\u00ebs \u2013 e besuar p\u00ebr m\u00eb shum\u00eb se 100 vjet<\/h1><\/div><\/div>\n\n<div class=\"et_pb_divider_0 et_pb_divider et_pb_space et_pb_divider_position_top et_pb_module\"><div class=\"et_pb_divider_internal\"><\/div><\/div>\n\n<div class=\"et_pb_text_0 et_pb_text et_pb_bg_layout_light et_animated et_pb_module et_flex_module\"><div class=\"et_pb_text_inner\"><p>Salus bashkon men\u00e7urin\u00eb tradicionale bimore me k\u00ebrkimin shkencor modern p\u00ebr t\u00eb krijuar produkte natyrale me cil\u00ebsi t\u00eb lart\u00eb.<br \/>Misioni yn\u00eb ka qen\u00eb gjithmon\u00eb i qart\u00eb: t\u00eb mb\u00ebshtesim sh\u00ebndetin n\u00eb nj\u00eb m\u00ebnyr\u00eb natyrale, t\u00eb sigurt dhe t\u00eb q\u00ebndrueshme.<\/p>\n<\/div><\/div>\n\n<div class=\"et_pb_row_2 et_pb_row et_pb_row_nested et_flex_row et_animated\">\n<div class=\"et_pb_column_2 et_pb_column et_flex_column et_pb_css_mix_blend_mode_passthrough et_flex_column_12_24 et_flex_column_12_24_tablet et_flex_column_24_24_phone\">\n<div class=\"et_pb_heading_2 et_pb_heading et_pb_module et_flex_module\"><div class=\"et_pb_heading_container\"><h3 class=\"et_pb_module_header\">Filozofia e Salusit<\/h3><\/div><\/div>\n\n<div class=\"et_pb_text_1 et_pb_text et_pb_bg_layout_light et_pb_module et_flex_module\"><div class=\"et_pb_text_inner\"><p>P\u00ebr shumic\u00ebn e njer\u00ebzve, sh\u00ebndeti \u00ebsht\u00eb nj\u00eb nevoj\u00eb themelore. P\u00ebr ne, \u00ebsht\u00eb gjithashtu nj\u00eb pasion q\u00eb ka zgjatur p\u00ebr m\u00eb shum\u00eb se 100 vjet. <br \/>Q\u00eb nga viti 1916, Salus ka ndjekur t\u00eb nj\u00ebjtin q\u00ebllim - t\u00eb p\u00ebrdor\u00eb thesaret e natyr\u00ebs me respekt, njohuri dhe p\u00ebrgjegj\u00ebsi.<br \/>Ne besojm\u00eb se sh\u00ebndeti i v\u00ebrtet\u00eb vjen nga nj\u00eb ekuilib\u00ebr midis njeriut dhe natyr\u00ebs. Kjo \u00ebsht\u00eb arsyeja pse formulat tona jan\u00eb hartuar me kujdes me q\u00ebllimin e qart\u00eb p\u00ebr t\u00eb kontribuar n\u00eb mir\u00ebqenien n\u00eb jet\u00ebn e p\u00ebrditshme. <\/p>\n<\/div><\/div>\n\n<div class=\"et_pb_heading_3 et_pb_heading et_pb_module et_flex_module\"><div class=\"et_pb_heading_container\"><h3 class=\"et_pb_module_header\">Nga natyra te produkti i p\u00ebrfunduar<\/h3><\/div><\/div>\n\n<div class=\"et_pb_text_2 et_pb_text et_pb_bg_layout_light et_pb_module et_flex_module\"><div class=\"et_pb_text_inner\"><p>\u00c7do produkt i Salus fillon me nj\u00eb p\u00ebrzgjedhje t\u00eb kujdesshme t\u00eb l\u00ebnd\u00ebve t\u00eb para:<\/p>\n<ul>\n<li>ne p\u00ebrdorim vet\u00ebm p\u00ebrb\u00ebr\u00ebs natyral\u00eb me cil\u00ebsi t\u00eb lart\u00eb<\/li>\n<li>ekstraktet bimore p\u00ebrpunohen duke p\u00ebrdorur metoda t\u00eb buta<\/li>\n<li>p\u00ebrb\u00ebr\u00ebsit kombinohen n\u00eb nj\u00eb m\u00ebnyr\u00eb q\u00eb plot\u00ebsojn\u00eb nj\u00ebri-tjetrin<\/li>\n<\/ul>\n<p>Me k\u00ebt\u00eb qasje, ne krijojm\u00eb produkte q\u00eb ruajn\u00eb vler\u00ebn dhe funksionalitetin e tyre natyror.<\/p>\n<\/div><\/div>\n<\/div>\n\n<div class=\"et_pb_column_3 et_pb_column et-last-child et_flex_column et_pb_css_mix_blend_mode_passthrough et_animated et_flex_column_12_24 et_flex_column_12_24_tablet et_flex_column_24_24_phone\">\n<div class=\"et_pb_heading_4 et_pb_heading et_pb_module et_flex_module\"><div class=\"et_pb_heading_container\"><h3 class=\"et_pb_module_header\">Karakteristikat e ve\u00e7anta t\u00eb produkteve Salus<\/h3><\/div><\/div>\n\n<div class=\"et_pb_text_3 et_pb_text et_pb_bg_layout_light et_animated et_pb_module et_flex_module et_flex_column_24_24 et_flex_column_24_24_tablet et_flex_column_24_24_phone\"><div class=\"et_pb_text_inner\"><p><span>\u2713<\/span> formula unike premium<br \/> <span>\u2713<\/span> ushqim dhe shtesa ushqimore me cil\u00ebsi t\u00eb lart\u00eb<br \/> <span>\u2713<\/span> p\u00ebrb\u00ebr\u00ebs t\u00eb dobish\u00ebm:<\/p>\n<ul><\/ul>\n<\/div><\/div>\n\n<div class=\"et_pb_text_4 et_pb_text et_pb_bg_layout_light et_pb_module et_flex_module et_flex_column_24_24 et_flex_column_24_24_tablet et_flex_column_24_24_phone\"><div class=\"et_pb_text_inner\"><ul>\n<li>vitamina dhe minerale<\/li>\n<li>ekstrakte bimore<\/li>\n<li>p\u00ebrb\u00ebr\u00ebsit e bim\u00ebve me substanca dyt\u00ebsore<\/li>\n<li>substanca bimore<\/li>\n<li>koncentrate l\u00ebngu frutash dhe perimesh me cil\u00ebsi t\u00eb lart\u00eb p\u00ebr nj\u00eb shije t\u00eb k\u00ebndshme<\/li>\n<\/ul>\n<\/div><\/div>\n\n<div class=\"et_pb_text_5 et_pb_text et_pb_bg_layout_light et_pb_module et_flex_module et_flex_column_24_24 et_flex_column_24_24_tablet et_flex_column_24_24_phone\"><div class=\"et_pb_text_inner\"><p><span>\u2713<\/span> p\u00ebrb\u00ebr\u00ebs shum\u00eb t\u00eb absorbuesh\u00ebm<br \/> <span>\u2713<\/span> doz\u00eb individuale<br \/> <span>\u2713<\/span> pa konservues<br \/> <span>\u2713<\/span> pa alkool<\/p>\n<\/div><\/div>\n<\/div>\n<\/div>\n\n<div class=\"et_pb_row_3 et_pb_row et_pb_row_nested et_flex_row et_animated\">\n<div class=\"et_pb_column_4 et_pb_column et_flex_column et_pb_css_mix_blend_mode_passthrough et_flex_column_12_24 et_flex_column_12_24_tablet et_flex_column_24_24_phone\">\n<div class=\"et_pb_heading_5 et_pb_heading et_pb_module et_flex_module\"><div class=\"et_pb_heading_container\"><h3 class=\"et_pb_module_header\">\u00c7far\u00eb e b\u00ebn Salusin t\u00eb ndrysh\u00ebm?<\/h3><\/div><\/div>\n\n<div class=\"et_pb_text_6 et_pb_text et_pb_bg_layout_light et_pb_module et_flex_module\"><div class=\"et_pb_text_inner\"><ul>\n<li>Tonik\u00ebt Salus me nj\u00eb tradit\u00eb t\u00eb gjat\u00eb<\/li>\n<li>p\u00ebrb\u00ebr\u00ebs bimor\u00eb me cil\u00ebsi t\u00eb provuar<\/li>\n<li>formula premium t\u00eb zhvilluara me ekspert\u00eb<\/li>\n<li>qasje ekologjike dhe e p\u00ebrgjegjshme ndaj paketimit<\/li>\n<\/ul>\n<\/div><\/div>\n<\/div>\n\n<div class=\"et_pb_column_5 et_pb_column et-last-child et_flex_column et_pb_css_mix_blend_mode_passthrough et_flex_column_12_24 et_flex_column_12_24_tablet et_flex_column_24_24_phone\">\n<div class=\"et_pb_heading_6 et_pb_heading et_pb_module et_flex_module\"><div class=\"et_pb_heading_container\"><h3 class=\"et_pb_module_header\">Natyrale, efektive dhe e k\u00ebndshme p\u00ebr t\u2019u p\u00ebrdorur<\/h3><\/div><\/div>\n\n<div class=\"et_pb_text_7 et_pb_text et_pb_bg_layout_light et_pb_module et_flex_module\"><div class=\"et_pb_text_inner\"><p>Nj\u00eb vler\u00eb e shtuar e produkteve Salus \u00ebsht\u00eb shija e tyre e k\u00ebndshme.<br \/>Tonik\u00ebt tan\u00eb jan\u00eb krijuar p\u00ebr p\u00ebrdorim t\u00eb p\u00ebrditsh\u00ebm dhe p\u00ebrshtaten leht\u00ebsisht me stile t\u00eb ndryshme jetese - pa u ndjer\u00eb t\u00eb r\u00ebnd\u00eb, por si mb\u00ebshtetje natyrale.<\/p>\n<\/div><\/div>\n<\/div>\n<\/div>\n<\/div>\n<\/div>\n<\/div>\n\n<div class=\"et_pb_section_2 et_pb_section et_section_regular et_flex_section\">\n<div class=\"et_pb_row_4 et_pb_row et_flex_row et_animated\">\n<div class=\"et_pb_column_6 et_pb_column et-last-child et_flex_column et_pb_css_mix_blend_mode_passthrough et_flex_column_24_24 et_flex_column_24_24_tablet et_flex_column_24_24_phone\">\n<div class=\"et_pb_heading_7 et_pb_heading et_pb_module et_flex_module\"><div class=\"et_pb_heading_container\"><h1 class=\"et_pb_module_header\">Pse mund t\u2019i besosh Salusit?<\/h1><\/div><\/div>\n\n<div class=\"et_pb_divider_1 et_pb_divider et_pb_space et_pb_divider_position_top et_pb_module\"><div class=\"et_pb_divider_internal\"><\/div><\/div>\n\n<div class=\"et_pb_text_8 et_pb_text et_pb_bg_layout_light et_animated et_pb_module et_flex_module\"><div class=\"et_pb_text_inner\"><p>Salus zhvillon produkte n\u00eb bashk\u00ebpunim me ekspert\u00eb nga disiplina t\u00eb ndryshme shkencore.<strong><br \/><\/strong>\u00c7do produkt analizohet n\u00eb laborator\u00ebt tan\u00eb dhe prodhohet sipas kritereve dhe standardeve ligjore t\u00eb rrepta.<br \/>N\u00eb t\u00eb nj\u00ebjt\u00ebn koh\u00eb, ne kujdesemi p\u00ebr mbrojtjen e burimeve natyrore dhe zbatojm\u00eb procese t\u00eb q\u00ebndrueshme prodhimi me nj\u00eb vizion afatgjat\u00eb.<\/p>\n<\/div><\/div>\n\n<div class=\"et_pb_row_5 et_pb_row et_pb_row_nested et_flex_row\">\n<div class=\"et_pb_column_7 et_pb_column et_flex_column et_pb_css_mix_blend_mode_passthrough et_flex_column_6_24 et_flex_column_12_24_tablet et_flex_column_12_24_phone\">\n<div class=\"et_pb_image_0 et_pb_image et_animated et_pb_module et_flex_module\"><span class=\"et_pb_image_wrap\"><img loading=\"lazy\" decoding=\"async\" src=\"https:\/\/salus-mk.com\/wp-content\/uploads\/2026\/01\/salus-tonici_al.png\" width=\"147\" height=\"147\" sizes=\"(max-width: 147px) 100vw, 147px\" class=\"wp-image-599\" \/><\/span><\/div>\n<\/div>\n\n<div class=\"et_pb_column_8 et_pb_column et_flex_column et_pb_css_mix_blend_mode_passthrough et_flex_column_6_24 et_flex_column_12_24_tablet et_flex_column_12_24_phone\">\n<div class=\"et_pb_image_1 et_pb_image et_animated et_pb_module et_flex_module\"><span class=\"et_pb_image_wrap\"><img loading=\"lazy\" decoding=\"async\" src=\"https:\/\/salus-mk.com\/wp-content\/uploads\/2026\/01\/rastitelni_al.png\" width=\"147\" height=\"147\" sizes=\"(max-width: 147px) 100vw, 147px\" class=\"wp-image-598\" \/><\/span><\/div>\n<\/div>\n\n<div class=\"et_pb_column_9 et_pb_column et_flex_column et_pb_css_mix_blend_mode_passthrough et_flex_column_6_24 et_flex_column_12_24_tablet et_flex_column_12_24_phone\">\n<div class=\"et_pb_image_2 et_pb_image et_animated et_pb_module et_flex_module\"><span class=\"et_pb_image_wrap\"><img loading=\"lazy\" decoding=\"async\" src=\"https:\/\/salus-mk.com\/wp-content\/uploads\/2026\/01\/premium-formuli_al.png\" width=\"147\" height=\"147\" sizes=\"(max-width: 147px) 100vw, 147px\" class=\"wp-image-597\" \/><\/span><\/div>\n<\/div>\n\n<div class=\"et_pb_column_10 et_pb_column et-last-child et_flex_column et_pb_css_mix_blend_mode_passthrough et_flex_column_6_24 et_flex_column_12_24_tablet et_flex_column_12_24_phone\">\n<div class=\"et_pb_image_3 et_pb_image et_animated et_pb_module et_flex_module\"><span class=\"et_pb_image_wrap\"><img loading=\"lazy\" decoding=\"async\" src=\"https:\/\/salus-mk.com\/wp-content\/uploads\/2026\/01\/eko-ambalaza_al.png\" width=\"147\" height=\"147\" sizes=\"(max-width: 147px) 100vw, 147px\" class=\"wp-image-604\" \/><\/span><\/div>\n<\/div>\n<\/div>\n<\/div>\n<\/div>\n<\/div>\n\n<div class=\"et_pb_section_3 et_pb_section et_section_regular et_flex_section\">\n<div class=\"et_pb_row_6 et_pb_row et_flex_row et_clickable\">\n<div class=\"et_pb_column_11 et_pb_column et_grid_column et_pb_css_mix_blend_mode_passthrough et_flex_column_8_24 et_flex_column_2_5_tablet et_flex_column_24_24_phone\">\n<div class=\"et_pb_image_4 et_pb_image et_animated et_pb_module et_flex_module\"><span class=\"et_pb_image_wrap\"><img loading=\"lazy\" decoding=\"async\" src=\"https:\/\/salus-mk.com\/wp-content\/uploads\/2025\/10\/Salus-Seit-1916-Logo-White-150x150.webp\" width=\"150\" height=\"150\" srcset=\"https:\/\/salus-mk.com\/wp-content\/uploads\/2025\/10\/Salus-Seit-1916-Logo-White-150x150.webp 150w\" class=\"wp-image-15\" \/><\/span><\/div>\n<\/div>\n\n<div class=\"et_pb_column_12 et_pb_column et-last-child et_flex_column et_pb_css_mix_blend_mode_passthrough et_flex_column_16_24 et_flex_column_3_5_tablet et_flex_column_24_24_phone\">\n<div class=\"et_pb_heading_8 et_pb_heading et_animated et_pb_module et_flex_module\"><div class=\"et_pb_heading_container\"><h1 class=\"et_pb_module_header\">Zbuloni produktet Salus  <\/h1><\/div><\/div>\n<\/div>\n<\/div>\n<\/div>\n\n<div class=\"et_pb_section_4 et_pb_section et_section_regular et_flex_section\">\n<div class=\"et_pb_row_7 et_pb_row et_flex_row\">\n<div class=\"et_pb_column_13 et_pb_column et-last-child et_flex_column et_pb_css_mix_blend_mode_passthrough et_flex_column_24_24 et_flex_column_24_24_tablet et_flex_column_24_24_phone\">\n<div class=\"et_pb_heading_9 et_pb_heading et_pb_module et_flex_module\"><div class=\"et_pb_heading_container\"><h1 class=\"et_pb_module_header\">Abonohuni p\u00ebr lajme dhe informacione nga bota e Salus<\/h1><\/div><\/div>\n\n<div class=\"et_pb_divider_2 et_pb_divider et_pb_space et_pb_divider_position_top et_pb_module\"><div class=\"et_pb_divider_internal\"><\/div><\/div>\n\n<div class=\"et_pb_signup_0 et_pb_signup et_pb_newsletter et_pb_subscribe et_pb_recaptcha_enabled et_pb_no_bg et_pb_newsletter_description_no_title et_pb_newsletter_description_no_content et_animated et_pb_module et_flex_module preset--module--divi-signup--f5dd8511-592b-43f8-b02a-fca5b467e34a\"><div class=\"et_pb_newsletter_description et_multi_view_hidden\"><\/div><div class=\"et_pb_newsletter_form\"><form method=\"post\" class=\"\"><div class=\"et_pb_newsletter_result et_pb_newsletter_error\"><\/div><div class=\"et_pb_newsletter_result et_pb_newsletter_success\"><h2>Faleminderit p\u00ebr interesin!<\/h2><\/div><div class=\"et_pb_newsletter_fields et_flex_module\"><p class=\"et_pb_newsletter_field et_pb_contact_field_last et_pb_contact_field_last_tablet et_pb_contact_field_last_phone\"><label class=\"et_pb_contact_form_label\" for=\"et_pb_signup_email\" style=\"display: none;\">Email<\/label><input class=\"input\" id=\"et_pb_signup_email\" type=\"text\" placeholder=\"Email\" name=\"et_pb_signup_email\" \/><\/p><p class=\"et_pb_newsletter_button_wrap\"><a class=\"et_pb_button et_pb_newsletter_button\" href=\"#\"><span class=\"et_subscribe_loader\"><\/span><span class=\"et_pb_newsletter_button_text\">Abonohu<\/span><\/a><\/p><\/div><input type=\"hidden\" name=\"et_pb_signup_provider\" value=\"mailchimp\" \/><input type=\"hidden\" name=\"et_pb_signup_list_id\" value=\"1acabecef6\" \/><input type=\"hidden\" name=\"et_pb_signup_account_name\" value=\"newsletter@salus-mkcom\" \/><input type=\"hidden\" name=\"et_pb_signup_ip_address\" value=\"true\" \/><input type=\"hidden\" name=\"et_pb_signup_checksum\" value=\"f60c32cc65a648abeceae2cddedd8d2a\" \/><\/form><\/div><\/div>\n<\/div>\n<\/div>\n<\/div>\n\n<div class=\"et_pb_section_5 et_pb_section et_section_regular et_flex_section\">\n<div class=\"et_pb_row_8 et_pb_row et_flex_row\">\n<div class=\"et_pb_column_14 et_pb_column et-last-child et_flex_column et_pb_css_mix_blend_mode_passthrough et_flex_column_24_24 et_flex_column_24_24_tablet et_flex_column_24_24_phone\">\n<div class=\"et_pb_heading_10 et_pb_heading et_animated et_pb_module et_flex_module\"><div class=\"et_pb_heading_container\"><h1 class=\"et_pb_module_header\">Markat dhe kompanit\u00eb brenda Grupit Salus<\/h1><\/div><\/div>\n\n<div class=\"et_pb_divider_3 et_pb_divider et_pb_space et_pb_divider_position_top et_pb_module\"><div class=\"et_pb_divider_internal\"><\/div><\/div>\n<\/div>\n<\/div>\n\n<div class=\"et_pb_row_9 et_pb_row et_block_row et_animated\">\n<div class=\"et_pb_column_15 et_pb_column et_pb_column_4_4 et-last-child et_flex_column et_pb_css_mix_blend_mode_passthrough\">\n<div class=\"et_pb_group_carousel_0 et_pb_group_carousel et_pb_group et_pb_module et_pb_group_carousel_dots_center et_pb_group_carousel_dots_below et_pb_group_carousel_slides_3\"><div class=\"et_pb_group_carousel_container\"><div class=\"et_pb_group_carousel_track\"><div class=\"et_pb_group_carousel_slide\"><div class=\"et_pb_group_0 et_pb_group et_pb_module et_flex_group et_pb_css_mix_blend_mode_passthrough\">\n<div class=\"et_pb_image_5 et_pb_image et_pb_module et_flex_module\"><a href=\"https:\/\/www.salus-haus.com\/\"><span class=\"et_pb_image_wrap\"><img loading=\"lazy\" decoding=\"async\" src=\"https:\/\/salus-mk.com\/wp-content\/uploads\/2025\/11\/carousel-logo-salus.png\" width=\"250\" height=\"100\" srcset=\"https:\/\/salus-mk.com\/wp-content\/uploads\/2025\/11\/carousel-logo-salus.png 250w\" sizes=\"(max-width: 250px) 100vw, 250px\" class=\"wp-image-381\" \/><\/span><\/a><\/div>\n<\/div><\/div><div class=\"et_pb_group_carousel_slide\"><div class=\"et_pb_group_1 et_pb_group et_pb_module et_flex_group et_pb_css_mix_blend_mode_passthrough\">\n<div class=\"et_pb_image_6 et_pb_image et_pb_module et_flex_module\"><a href=\"https:\/\/herbaria.com\/\"><span class=\"et_pb_image_wrap\"><img loading=\"lazy\" decoding=\"async\" src=\"https:\/\/salus-mk.com\/wp-content\/uploads\/2025\/11\/carousel-logo-herbaria.png\" width=\"250\" height=\"100\" srcset=\"https:\/\/salus-mk.com\/wp-content\/uploads\/2025\/11\/carousel-logo-herbaria.png 250w\" sizes=\"(max-width: 250px) 100vw, 250px\" class=\"wp-image-380\" \/><\/span><\/a><\/div>\n<\/div><\/div><div class=\"et_pb_group_carousel_slide\"><div class=\"et_pb_group_2 et_pb_group et-last-child et_pb_module et_flex_group et_pb_css_mix_blend_mode_passthrough\">\n<div class=\"et_pb_image_7 et_pb_image et_pb_module et_flex_module\"><a href=\"https:\/\/www.schoenenberger.com\/\"><span class=\"et_pb_image_wrap\"><img loading=\"lazy\" decoding=\"async\" src=\"https:\/\/salus-mk.com\/wp-content\/uploads\/2025\/11\/carousel-logo-schoenenberger.png\" width=\"250\" height=\"100\" srcset=\"https:\/\/salus-mk.com\/wp-content\/uploads\/2025\/11\/carousel-logo-schoenenberger.png 250w\" sizes=\"(max-width: 250px) 100vw, 250px\" class=\"wp-image-379\" \/><\/span><\/a><\/div>\n<\/div><\/div><\/div><\/div><div class=\"et_pb_group_carousel_dots\"><\/div><\/div>\n<\/div>\n<\/div>\n<\/div>","protected":false},"excerpt":{"rendered":"","protected":false},"author":1,"featured_media":0,"parent":0,"menu_order":0,"comment_status":"closed","ping_status":"closed","template":"","meta":{"footnotes":""},"class_list":["post-1322","page","type-page","status-publish","hentry"],"_links":{"self":[{"href":"https:\/\/salus-mk.com\/sq\/wp-json\/wp\/v2\/pages\/1322","targetHints":{"allow":["GET"]}}],"collection":[{"href":"https:\/\/salus-mk.com\/sq\/wp-json\/wp\/v2\/pages"}],"about":[{"href":"https:\/\/salus-mk.com\/sq\/wp-json\/wp\/v2\/types\/page"}],"author":[{"embeddable":true,"href":"https:\/\/salus-mk.com\/sq\/wp-json\/wp\/v2\/users\/1"}],"replies":[{"embeddable":true,"href":"https:\/\/salus-mk.com\/sq\/wp-json\/wp\/v2\/comments?post=1322"}],"version-history":[{"count":4,"href":"https:\/\/salus-mk.com\/sq\/wp-json\/wp\/v2\/pages\/1322\/revisions"}],"predecessor-version":[{"id":1411,"href":"https:\/\/salus-mk.com\/sq\/wp-json\/wp\/v2\/pages\/1322\/revisions\/1411"}],"wp:attachment":[{"href":"https:\/\/salus-mk.com\/sq\/wp-json\/wp\/v2\/media?parent=1322"}],"curies":[{"name":"wp","href":"https:\/\/api.w.org\/{rel}","templated":true}]}}