{"id":1017,"date":"2025-12-09T21:55:50","date_gmt":"2025-12-09T20:55:50","guid":{"rendered":"https:\/\/salus-mk.com\/floradix-alpenkraft\/"},"modified":"2026-03-12T12:37:32","modified_gmt":"2026-03-12T11:37:32","slug":"floradix-alpenkraft","status":"publish","type":"page","link":"https:\/\/salus-mk.com\/sq\/floradix-alpenkraft\/","title":{"rendered":"Floradix\u00ae Alpenkraft\u00ae"},"content":{"rendered":"<div class=\"et_pb_section_0 et_pb_section et_section_regular et_flex_section\">\n<div class=\"et_pb_row_0 et_pb_row et_flex_row\">\n<div class=\"et_pb_column_0 et_pb_column et_flex_column et_pb_css_mix_blend_mode_passthrough et_flex_column_2_5 et_flex_column_2_5_tablet et_flex_column_24_24_phone\">\n<div class=\"et_pb_image_0 et_pb_image et_animated et_pb_module et_flex_module\"><a href=\"https:\/\/salus-mk.com\/wp-content\/uploads\/2026\/01\/alpenkraft_new_clean.webp\" class=\"et_pb_lightbox_image\"><span class=\"et_pb_image_wrap\"><img loading=\"lazy\" decoding=\"async\" src=\"https:\/\/salus-mk.com\/wp-content\/uploads\/2026\/01\/alpenkraft_new_clean.webp\" title=\"ALPENKRAFT_NEW_CLEAN\" width=\"1200\" height=\"1200\" srcset=\"https:\/\/salus-mk.com\/wp-content\/uploads\/2026\/01\/alpenkraft_new_clean.webp 1200w, https:\/\/salus-mk.com\/wp-content\/uploads\/2026\/01\/alpenkraft_new_clean-980x980.webp 980w, https:\/\/salus-mk.com\/wp-content\/uploads\/2026\/01\/alpenkraft_new_clean-480x480.webp 480w\" sizes=\"(min-width: 0px) and (max-width: 480px) 480px, (min-width: 481px) and (max-width: 980px) 980px, (min-width: 981px) 1200px, 100vw\" class=\"wp-image-1274\" \/><\/span><\/a><\/div>\n<\/div>\n\n<div class=\"et_pb_column_1 et_pb_column et-last-child et_flex_column et_pb_css_mix_blend_mode_passthrough et_flex_column_3_5 et_flex_column_3_5_tablet et_flex_column_24_24_phone\">\n<div class=\"et_pb_post_title_0 et_pb_post_title et_pb_bg_layout_light et_animated et_pb_module et_flex_module\"><div class=\"et_pb_title_container\"><h1 class=\"entry-title\">Floradix\u00ae Alpenkraft\u00ae<\/h1><\/div><\/div>\n\n<div class=\"et_pb_divider_0 et_pb_divider et_pb_space et_pb_divider_position_top et_animated et_pb_module\"><div class=\"et_pb_divider_internal\"><\/div><\/div>\n\n<div class=\"et_pb_heading_0 et_pb_heading et_animated et_pb_module et_flex_module\"><div class=\"et_pb_heading_container\"><h1 class=\"et_pb_module_header\">Shurup bimor 250 ml<\/h1><\/div><\/div>\n\n<div class=\"et_pb_heading_1 et_pb_heading et_animated et_pb_module et_flex_module\"><div class=\"et_pb_heading_container\"><h1 class=\"et_pb_module_header\">Shtes\u00eb ushqimore<\/h1><\/div><\/div>\n\n<div class=\"et_pb_row_1 et_pb_row et_pb_row_nested et_flex_row et_animated\">\n<div class=\"et_pb_column_2 et_pb_column et_flex_column et_pb_css_mix_blend_mode_passthrough et_flex_column_8_24 et_flex_column_12_24_tablet et_flex_column_12_24_phone\">\n<div class=\"et_pb_blurb_0 et_pb_blurb et_pb_bg_layout_light et_pb_blurb_position_left et_pb_module et_flex_module et_flex_column_24_24 et_flex_column_24_24_tablet et_flex_column_24_24_phone\"><div class=\"et_pb_blurb_content et_flex_module\"><div class=\"et_pb_main_blurb_image\"><span class=\"et_pb_image_wrap\"><span class=\"et-pb-icon\">\uf058<\/span><\/span><\/div><div class=\"et_pb_blurb_container\"><h4 class=\"et_pb_module_header\">Vegjetarian  <\/h4><\/div><\/div><\/div>\n<\/div>\n\n<div class=\"et_pb_column_3 et_pb_column et_flex_column et_pb_css_mix_blend_mode_passthrough et_flex_column_8_24 et_flex_column_12_24_tablet et_flex_column_12_24_phone\">\n<div class=\"et_pb_blurb_1 et_pb_blurb et_pb_bg_layout_light et_pb_blurb_position_left et_pb_module et_flex_module et_flex_column_24_24 et_flex_column_24_24_tablet et_flex_column_24_24_phone\"><div class=\"et_pb_blurb_content et_flex_module\"><div class=\"et_pb_main_blurb_image\"><span class=\"et_pb_image_wrap\"><span class=\"et-pb-icon\">\uf058<\/span><\/span><\/div><div class=\"et_pb_blurb_container\"><h4 class=\"et_pb_module_header\">Pa laktoz\u00eb<\/h4><\/div><\/div><\/div>\n<\/div>\n\n<div class=\"et_pb_column_4 et_pb_column et_flex_column et_pb_css_mix_blend_mode_passthrough et_flex_column_8_24 et_flex_column_12_24_tablet et_flex_column_12_24_phone\">\n<div class=\"et_pb_blurb_2 et_pb_blurb et_pb_bg_layout_light et_pb_blurb_position_left et_pb_module et_flex_module et_flex_column_24_24 et_flex_column_24_24_tablet et_flex_column_24_24_phone\"><div class=\"et_pb_blurb_content et_flex_module\"><div class=\"et_pb_main_blurb_image\"><span class=\"et_pb_image_wrap\"><span class=\"et-pb-icon\">\uf058<\/span><\/span><\/div><div class=\"et_pb_blurb_container\"><h4 class=\"et_pb_module_header\">Pa konservues<\/h4><\/div><\/div><\/div>\n<\/div>\n\n<div class=\"et_pb_column_5 et_pb_column et_flex_column et_pb_css_mix_blend_mode_passthrough et_flex_column_8_24 et_flex_column_12_24_tablet et_flex_column_12_24_phone\">\n<div class=\"et_pb_blurb_3 et_pb_blurb et_pb_bg_layout_light et_pb_blurb_position_left et_pb_module et_flex_module et_flex_column_24_24 et_flex_column_24_24_tablet et_flex_column_24_24_phone\"><div class=\"et_pb_blurb_content et_flex_module\"><div class=\"et_pb_main_blurb_image\"><span class=\"et_pb_image_wrap\"><span class=\"et-pb-icon\">\uf058<\/span><\/span><\/div><div class=\"et_pb_blurb_container\"><h4 class=\"et_pb_module_header\">Pa ngjyra<\/h4><\/div><\/div><\/div>\n<\/div>\n\n<div class=\"et_pb_column_6 et_pb_column et-last-child et_flex_column et_pb_css_mix_blend_mode_passthrough et_flex_column_8_24 et_flex_column_12_24_tablet et_flex_column_12_24_phone\">\n<div class=\"et_pb_blurb_4 et_pb_blurb et_pb_bg_layout_light et_pb_blurb_position_left et_pb_module et_flex_module et_flex_column_24_24 et_flex_column_24_24_tablet et_flex_column_24_24_phone\"><div class=\"et_pb_blurb_content et_flex_module\"><div class=\"et_pb_main_blurb_image\"><span class=\"et_pb_image_wrap\"><span class=\"et-pb-icon\">\uf058<\/span><\/span><\/div><div class=\"et_pb_blurb_container\"><h4 class=\"et_pb_module_header\">Pa alkool<\/h4><\/div><\/div><\/div>\n<\/div>\n<\/div>\n\n<div class=\"et_pb_row_2 et_pb_row et_pb_row_nested et_flex_row et_flex_column_8_24 et_flex_column_8_24_tablet et_flex_column_8_24_phone\">\n<div class=\"et_pb_column_7 et_pb_column et_flex_column et_pb_css_mix_blend_mode_passthrough et_flex_column_8_24 et_flex_column_24_24_tablet et_flex_column_24_24_phone\">\n<div class=\"et_pb_module et_pb_button_module_wrapper et_pb_button_0_wrapper\"><button class=\"et_pb_button_0 et_pb_button et_pb_bg_layout_light et_animated et_pb_module et_flex_module\" type=\"button\" data-icon=\"\uf07a\" data-interaction-trigger=\"g1z9xv5wbu\">Bli online<\/button><\/div>\n\n<div class=\"et_pb_text_0 et_pb_text et_pb_bg_layout_light et-interaction-target-1jp2laltk3 et_pb_module et_flex_module\" data-interaction-target=\"1jp2laltk3\"><div class=\"et_pb_text_inner\"><p>* Do t\u00eb ridrejtoheni n\u00eb internet<br \/>dyqani Saludera.com<\/p>\n<\/div><\/div>\n<\/div>\n\n<div class=\"et_pb_column_8 et_pb_column et_flex_column et_pb_css_mix_blend_mode_passthrough et_flex_column_8_24 et_flex_column_24_24_tablet et_flex_column_24_24_phone\">\n<div class=\"et_pb_text_1 et_pb_text et_pb_bg_layout_light et_animated et_pb_module et_flex_module\"><div class=\"et_pb_text_inner\"><p>Ose porositni direkt n\u00eb:<\/p>\n<\/div><\/div>\n<\/div>\n\n<div class=\"et_pb_column_9 et_pb_column et-last-child et_flex_column et_pb_css_mix_blend_mode_passthrough et_flex_column_8_24 et_flex_column_24_24_tablet et_flex_column_24_24_phone\">\n<div class=\"et_pb_module et_pb_button_module_wrapper et_pb_button_1_wrapper\"><a class=\"et_pb_button_1 et_pb_button et_pb_bg_layout_light et_animated et_pb_module et_flex_module\" href=\"tel:%20+389%2075%20878787\" data-icon=\"\uf879\">+389 75 878787<\/a><\/div>\n<\/div>\n<\/div>\n<\/div>\n<\/div>\n\n<div class=\"et_pb_row_3 et_pb_row et_flex_row et_animated\">\n<div class=\"et_pb_column_10 et_pb_column et-last-child et_flex_column et_pb_css_mix_blend_mode_passthrough et_flex_column_24_24 et_flex_column_24_24_tablet et_flex_column_24_24_phone\">\n<div class=\"et_pb_tabs_0 et_pb_tabs et_pb_module\"><ul class=\"et_pb_tabs_controls clearfix\"><li class=\"et_pb_tab_nav_item_0 et_pb_tab_nav_item et_pb_tab_0 et_pb_tab_active\"><a class=\"et_pb_tab_nav_item_link\" href=\"#\">P\u00ebrshkrimi<\/a><\/li><li class=\"et_pb_tab_nav_item_1 et_pb_tab_nav_item et_pb_tab_1\"><a class=\"et_pb_tab_nav_item_link\" href=\"#\">Dozimi dhe m\u00ebnyra e p\u00ebrdorimit<\/a><\/li><li class=\"et_pb_tab_nav_item_2 et_pb_tab_nav_item et_pb_tab_2\"><a class=\"et_pb_tab_nav_item_link\" href=\"#\">E r\u00ebnd\u00ebsishme<\/a><\/li><li class=\"et_pb_tab_nav_item_3 et_pb_tab_nav_item et_pb_tab_3\"><a class=\"et_pb_tab_nav_item_link\" href=\"#\">P\u00ebrb\u00ebr\u00ebsit<\/a><\/li><\/ul><div class=\"et_pb_all_tabs\">\n<div class=\"et_pb_tab_0 et_pb_tab clearfix et_pb_active_content et_pb_module et_flex_module\"><div class=\"et_pb_tab_content et_flex_module\"><p>Shurupi bimor Floradix\u00ae Alpenkraft\u00ae vepron k\u00ebndsh\u00ebm n\u00eb sistemin respirator\u00eb. Floradix\u00ae Alpenkraft\u00ae mund t\u00eb ndihmoj\u00eb n\u00eb qet\u00ebsimin e fytit ose goj\u00ebs s\u00eb irrituar, fal\u00eb ekstrakteve dhe distilateve t\u00eb trumz\u00ebs, anasonit, kopr\u00ebs dhe vajit t\u00eb eukaliptit, duke e b\u00ebr\u00eb at\u00eb t\u00eb popullarizuar nd\u00ebr k\u00ebng\u00ebtar\u00ebt dhe fol\u00ebsit publik\u00eb. Gjithashtu rekomandohet p\u00ebr njer\u00ebzit q\u00eb jan\u00eb n\u00eb kontakt me ndot\u00ebs irritues, si tymi i duhanit, pluhuri ose avujt industrial\u00eb.  <\/p>\n<\/div><\/div>\n\n<div class=\"et_pb_tab_1 et_pb_tab clearfix et_pb_module et_flex_module\"><div class=\"et_pb_tab_content et_flex_module\"><p>Shishja t\u00eb tundet mir\u00eb para \u00e7do p\u00ebrdorimi. T\u00eb mos pihet drejt prej shish\u00ebs. T\u00eb p\u00ebrdoret kapaku mat\u00ebs. Te mbahet n\u00eb goj\u00eb p\u00ebr pak \u00e7aste e pastaj t\u00eb g\u00eblltitet.<br \/><strong><br \/>F\u00ebmij\u00ebt 6-12 vje\u00e7:<\/strong> 5 ml 3 her\u00eb n\u00eb dit\u00eb.<br \/><strong>T\u00eb rriturit dhe f\u00ebmij\u00ebt prej 13 vje\u00e7:<\/strong> 10 ml 3 her\u00eb n\u00eb dit\u00eb.<\/p>\n<ul>\n<li>Mos e tejkaloni doz\u00ebn e rekomanduar ditore.<\/li>\n<li>Shtesat ushqimore nuk z\u00ebvend\u00ebsojn\u00eb nj\u00eb diet\u00eb t\u00eb shum\u00ebllojshme dhe t\u00eb balancuar.<\/li>\n<li>Gjithmon\u00eb mb\u00ebshtesni dhe praktikoni nj\u00eb m\u00ebnyr\u00eb jetese t\u00eb sh\u00ebndetshme.<\/li>\n<\/ul>\n<\/div><\/div>\n\n<div class=\"et_pb_tab_2 et_pb_tab clearfix et_pb_module et_flex_module\"><div class=\"et_pb_tab_content et_flex_module\"><ul>\n<li>Ky produkt nuk p\u00ebrmban as alkool as konzervues kimik\u00eb.<\/li>\n<li>P\u00ebr t\u00eb parandaluar fermentimin e p\u00ebrmbajtjes, shishja duhet t\u00eb mbyllet menj\u00ebher\u00eb pas \u00e7do p\u00ebrdorimi.<\/li>\n<li>Ruajeni n\u00eb frigorifer drejt.<\/li>\n<li>P\u00ebrdoreni brenda 4 jav\u00ebsh pas hapjes.<\/li>\n<li>Mbajeni larg f\u00ebmij\u00ebve t\u00eb vegj\u00ebl.<\/li>\n<li>Ruajeni shishen e pahapur n\u00eb nj\u00eb vend t\u00eb fresk\u00ebt dhe t\u00eb that\u00eb (5\u201325 \u00b0C).<\/li>\n<\/ul>\n<\/div><\/div>\n\n<div class=\"et_pb_tab_3 et_pb_tab clearfix et_pb_module et_flex_module\"><div class=\"et_pb_tab_content et_flex_module\"><p>Ekstrakt ujor bim\u00ebsh dhe distilat (33 %) nga: bima e trumz\u00ebs, lule kamomili, lule bliri, frut anasoni, frut karaveje, frut kopre, bo\u00e7a e hopit, bar pate. Saharoz\u00eb, mjalt\u00eb (29 %), ekstrakt malti nga elbi (3 %), ekstrakt i filizave t\u00eb pis-h\u00ebs malore (0,4 %), ekstrakt i rr\u00ebnj\u00ebs s\u00eb jamballit, vajra eterike (0,1 %) nga: pisha malore, limoni, anasoni yjor, finoku, eukalipti, nenexhiku; dend\u00ebsues: algjinat natriumi; rregullues aciditeti: difosfate, fosfate kalciumi. <\/p>\n<table style=\"width: 100%; border-collapse: collapse; margin-bottom: 20px;\">\n<thead>\n<tr>\n<th colspan=\"3\" style=\"text-align: left; padding: 10px; border: 1px solid #cccccc;\">\n Vlerat ushqyese\n      <\/th>\n<\/tr>\n<tr>\n<th style=\"padding: 10px; text-align: left; border: 1px solid #cccccc; width: 50%;\">n\u00eb<\/th>\n<th style=\"padding: 10px; text-align: center; border: 1px solid #cccccc; width: 25%;\">100 ml<\/th>\n<th style=\"padding: 10px; text-align: center; border: 1px solid #cccccc; width: 25%;\">30 ml<\/th>\n<\/tr>\n<\/thead>\n<tbody>\n<tr>\n<td style=\"padding: 10px; border: 1px solid #cccccc;\">Vlera energjike<\/td>\n<td style=\"padding: 10px; text-align: center; border: 1px solid #cccccc;\">1269 kJ \/ 299 kcal<\/td>\n<td style=\"padding: 10px; text-align: center; border: 1px solid #cccccc;\">381 kJ \/ 90 kcal<\/td>\n<\/tr>\n<tr>\n<td style=\"padding: 10px; border: 1px solid #cccccc;\">Yndyrna<br \/>\nprej tyre acide yndyrore t\u00eb ngopura<\/td>\n<td style=\"padding: 10px; text-align: center; vertical-align: top; border: 1px solid #cccccc;\">\n&lt; 0,5 g<br \/>\n0,1 g\n<\/td>\n<td style=\"padding: 10px; text-align: center; vertical-align: top; border: 1px solid #cccccc;\">&lt; 0,5 g<br \/>&lt; 0,1 g<\/td>\n<\/tr>\n<tr>\n<td style=\"padding: 10px; border: 1px solid #cccccc;\">Karbohidrate<br \/>\n<span style=\"padding-left: 10px; display: block; margin-top: 5px;\">prej tyre sheqerna<\/span><\/td>\n<td style=\"padding: 10px; text-align: center; vertical-align: top; border: 1px solid #cccccc;\">\n74 g<br \/>\n67 g\n<\/td>\n<td style=\"padding: 10px; text-align: center; vertical-align: top; border: 1px solid #cccccc;\">22 g<br \/>20 g<\/td>\n<\/tr>\n<tr>\n<td style=\"padding: 10px; border: 1px solid #cccccc;\">Proteina<\/td>\n<td style=\"padding: 10px; text-align: center; border: 1px solid #cccccc;\">&lt; 0,5 g<\/td>\n<td style=\"padding: 10px; text-align: center; border: 1px solid #cccccc;\">&lt; 0,5 g<\/td>\n<\/tr>\n<tr>\n<td style=\"padding: 10px; border: 1px solid #cccccc;\">Krip\u00eb<\/td>\n<td style=\"padding: 10px; text-align: center; border: 1px solid #cccccc;\">0,11 g<\/td>\n<td style=\"padding: 10px; text-align: center; border: 1px solid #cccccc;\">0,03 g<\/td>\n<\/tr>\n<\/tbody>\n<\/table>\n<table style=\"width: 100%; border-collapse: collapse;\">\n<thead>\n<tr>\n<th style=\"padding: 10px; text-align: left; border: 1px solid #cccccc; width: 75%;\">n\u00eb<\/th>\n<th style=\"padding: 10px; text-align: center; border: 1px solid #cccccc; width: 25%;\">30 ml<\/th>\n<\/tr>\n<\/thead>\n<tbody>\n<tr>\n<td colspan=\"2\" style=\"padding: 10px; border: 1px solid #cccccc; background-color: #f9f9f9;\">\n Ekstrakt ujor bim\u00ebsh dhe distilat nga\n      <\/td>\n<\/tr>\n<tr>\n<td style=\"padding: 10px; border: 1px solid #cccccc;\">Bima e trumz\u00ebs<\/td>\n<td style=\"padding: 10px; text-align: center; border: 1px solid #cccccc;\">6,1 g<\/td>\n<\/tr>\n<tr>\n<td style=\"padding: 10px; border: 1px solid #cccccc;\">Lule kamomili<\/td>\n<td style=\"padding: 10px; text-align: center; border: 1px solid #cccccc;\">1,3 g<\/td>\n<\/tr>\n<tr>\n<td style=\"padding: 10px; border: 1px solid #cccccc;\">Lule bliri<\/td>\n<td style=\"padding: 10px; text-align: center; border: 1px solid #cccccc;\">1,3 g<\/td>\n<\/tr>\n<tr>\n<td style=\"padding: 10px; border: 1px solid #cccccc;\">Frut anasoni<\/td>\n<td style=\"padding: 10px; text-align: center; border: 1px solid #cccccc;\">1,0 g<\/td>\n<\/tr>\n<tr>\n<td style=\"padding: 10px; border: 1px solid #cccccc;\">Frut karaveje<\/td>\n<td style=\"padding: 10px; text-align: center; border: 1px solid #cccccc;\">1,0 g<\/td>\n<\/tr>\n<tr>\n<td style=\"padding: 10px; border: 1px solid #cccccc;\">Frut kopre<\/td>\n<td style=\"padding: 10px; text-align: center; border: 1px solid #cccccc;\">1,0 g<\/td>\n<\/tr>\n<tr>\n<td style=\"padding: 10px; border: 1px solid #cccccc;\">Bo\u00e7a e hopit<\/td>\n<td style=\"padding: 10px; text-align: center; border: 1px solid #cccccc;\">0,7 g<\/td>\n<\/tr>\n<tr>\n<td style=\"padding: 10px; border: 1px solid #cccccc;\">Bar pate<\/td>\n<td style=\"padding: 10px; text-align: center; border: 1px solid #cccccc;\">0,4 g<\/td>\n<\/tr>\n<tr>\n<td style=\"padding: 10px; border: 1px solid #cccccc;\">Vaj eukalipti<\/td>\n<td style=\"padding: 10px; text-align: center; border: 1px solid #cccccc;\">2,7 mg<\/td>\n<\/tr>\n<\/tbody>\n<\/table>\n<\/div><\/div>\n<\/div><\/div>\n<\/div>\n<\/div>\n<\/div>","protected":false},"excerpt":{"rendered":"","protected":false},"author":1,"featured_media":1016,"parent":0,"menu_order":0,"comment_status":"closed","ping_status":"closed","template":"","meta":{"footnotes":""},"class_list":["post-1017","page","type-page","status-publish","has-post-thumbnail","hentry"],"_links":{"self":[{"href":"https:\/\/salus-mk.com\/sq\/wp-json\/wp\/v2\/pages\/1017","targetHints":{"allow":["GET"]}}],"collection":[{"href":"https:\/\/salus-mk.com\/sq\/wp-json\/wp\/v2\/pages"}],"about":[{"href":"https:\/\/salus-mk.com\/sq\/wp-json\/wp\/v2\/types\/page"}],"author":[{"embeddable":true,"href":"https:\/\/salus-mk.com\/sq\/wp-json\/wp\/v2\/users\/1"}],"replies":[{"embeddable":true,"href":"https:\/\/salus-mk.com\/sq\/wp-json\/wp\/v2\/comments?post=1017"}],"version-history":[{"count":17,"href":"https:\/\/salus-mk.com\/sq\/wp-json\/wp\/v2\/pages\/1017\/revisions"}],"predecessor-version":[{"id":1661,"href":"https:\/\/salus-mk.com\/sq\/wp-json\/wp\/v2\/pages\/1017\/revisions\/1661"}],"wp:featuredmedia":[{"embeddable":true,"href":"https:\/\/salus-mk.com\/sq\/wp-json\/wp\/v2\/media\/1016"}],"wp:attachment":[{"href":"https:\/\/salus-mk.com\/sq\/wp-json\/wp\/v2\/media?parent=1017"}],"curies":[{"name":"wp","href":"https:\/\/api.w.org\/{rel}","templated":true}]}}